{"id":22390,"date":"2025-04-27T14:24:30","date_gmt":"2025-04-27T14:24:30","guid":{"rendered":"https:\/\/taktol.de\/product\/taktol-expert-basic-5w-40\/"},"modified":"2025-04-27T14:24:30","modified_gmt":"2025-04-27T14:24:30","slug":"taktol-expert-basic-5w-40","status":"publish","type":"product","link":"https:\/\/taktol.de\/de\/product\/taktol-expert-basic-5w-40\/","title":{"rendered":"Taktol Expert Basic 5W-40"},"content":{"rendered":"<p><strong>Taktol Expert Basic 5W-40<\/strong> ist ein synthetisches Motoren\u00f6l f\u00fcr Benzin- und Dieselmotoren mit oder ohne Turboaufladung und Direkteinspritzung. Es bietet eine hervorragende Kaltstartleistung, reduziert den Kraftstoffverbrauch, die Reibung und den Verschlei\u00df und sorgt f\u00fcr minimale Verdunstungsverluste. Beachten Sie die Empfehlungen des Herstellers f\u00fcr die \u00d6lwechselintervalle.  <\/p>\n","protected":false},"excerpt":{"rendered":"<p>Taktol Expert Basic 5W-40 ist ein synthetisches Motoren\u00f6l f\u00fcr Benzin- und Dieselmotoren mit oder ohne Turboaufladung und Direkteinspritzung. Es bietet<\/p>\n","protected":false},"featured_media":21602,"template":"","meta":[],"product_brand":[],"product_cat":[423,420],"product_tag":[],"class_list":{"0":"post-22390","1":"product","2":"type-product","3":"status-publish","4":"has-post-thumbnail","6":"product_cat-expert-linie","7":"product_cat-motorenol","8":"pa_acea-acea-a3-b4","9":"pa_api-api-sp-cf","10":"pa_application-pkw","11":"pa_specifications-bmw-longlife-98","12":"pa_specifications-fiat-9-55535-h2","13":"pa_specifications-fiat-9-55535-m2","14":"pa_specifications-fiat-9-55535-n2","15":"pa_specifications-mb-229-3","16":"pa_specifications-opel-gm-ll-b-025","17":"pa_specifications-porsche-a40","18":"pa_specifications-psa-b71-2296","19":"pa_specifications-renault-rn0700","20":"pa_specifications-renault-rn0710","21":"pa_specifications-vw-502-00-505-00","22":"pa_viscosity-sae-5w-40","24":"first","25":"onbackorder","26":"shipping-taxable","27":"purchasable","28":"product-type-variable"},"_links":{"self":[{"href":"https:\/\/taktol.de\/de\/wp-json\/wp\/v2\/product\/22390","targetHints":{"allow":["GET"]}}],"collection":[{"href":"https:\/\/taktol.de\/de\/wp-json\/wp\/v2\/product"}],"about":[{"href":"https:\/\/taktol.de\/de\/wp-json\/wp\/v2\/types\/product"}],"version-history":[{"count":0,"href":"https:\/\/taktol.de\/de\/wp-json\/wp\/v2\/product\/22390\/revisions"}],"wp:featuredmedia":[{"embeddable":true,"href":"https:\/\/taktol.de\/de\/wp-json\/wp\/v2\/media\/21602"}],"wp:attachment":[{"href":"https:\/\/taktol.de\/de\/wp-json\/wp\/v2\/media?parent=22390"}],"wp:term":[{"taxonomy":"product_brand","embeddable":true,"href":"https:\/\/taktol.de\/de\/wp-json\/wp\/v2\/product_brand?post=22390"},{"taxonomy":"product_cat","embeddable":true,"href":"https:\/\/taktol.de\/de\/wp-json\/wp\/v2\/product_cat?post=22390"},{"taxonomy":"product_tag","embeddable":true,"href":"https:\/\/taktol.de\/de\/wp-json\/wp\/v2\/product_tag?post=22390"}],"curies":[{"name":"wp","href":"https:\/\/api.w.org\/{rel}","templated":true}]}}