{"id":22361,"date":"2025-04-27T11:15:03","date_gmt":"2025-04-27T11:15:03","guid":{"rendered":"https:\/\/taktol.de\/product\/taktol-praktik-gfe-eco-5w-30\/"},"modified":"2025-04-27T11:15:03","modified_gmt":"2025-04-27T11:15:03","slug":"taktol-praktik-gfe-eco-5w-30","status":"publish","type":"product","link":"https:\/\/taktol.de\/de\/product\/taktol-praktik-gfe-eco-5w-30\/","title":{"rendered":"Taktol Praktik GFE Eco 5W-30"},"content":{"rendered":"<p><strong data-start=\"111\" data-end=\"143\">Taktol Praktik GFE Eco 5W-30<\/strong> ist ein synthetisches Motor\u00f6l, das f\u00fcr Benzinmotoren mit oder ohne Turboaufladung sowie mit Direktanspritzung entwickelt wurde. Es eignet sich ideal f\u00fcr moderne Benzinfahrzeuge und wird f\u00fcr Hybridmotoren unter allen Betriebsbedingungen empfohlen. Befolgen Sie stets die Anweisungen des Fahrzeugherstellers.  <\/p>\n","protected":false},"excerpt":{"rendered":"<p>Taktol Praktik GFE Eco 5W-30 ist ein synthetisches Motor\u00f6l, das f\u00fcr Benzinmotoren mit oder ohne Turboaufladung sowie mit Direktanspritzung entwickelt<\/p>\n","protected":false},"featured_media":21602,"template":"","meta":[],"product_brand":[],"product_cat":[420,426],"product_tag":[],"class_list":{"0":"post-22361","1":"product","2":"type-product","3":"status-publish","4":"has-post-thumbnail","6":"product_cat-motorenol","7":"product_cat-praktik-linie","8":"pa_api-api-sp","9":"pa_application-hybride-technologie","10":"pa_application-pkw","11":"pa_ilsac-ilsac-gf-5","12":"pa_ilsac-ilsac-gf-6a","13":"pa_specifications-chrysler-ms-6395","14":"pa_specifications-fiat-9-55535-cr1","15":"pa_specifications-ford-wss-m2c929-a","16":"pa_specifications-ford-wss-m2c946-a","17":"pa_specifications-gm-6094m","18":"pa_viscosity-sae-5w-30","20":"first","21":"onbackorder","22":"shipping-taxable","23":"purchasable","24":"product-type-variable"},"_links":{"self":[{"href":"https:\/\/taktol.de\/de\/wp-json\/wp\/v2\/product\/22361","targetHints":{"allow":["GET"]}}],"collection":[{"href":"https:\/\/taktol.de\/de\/wp-json\/wp\/v2\/product"}],"about":[{"href":"https:\/\/taktol.de\/de\/wp-json\/wp\/v2\/types\/product"}],"version-history":[{"count":0,"href":"https:\/\/taktol.de\/de\/wp-json\/wp\/v2\/product\/22361\/revisions"}],"wp:featuredmedia":[{"embeddable":true,"href":"https:\/\/taktol.de\/de\/wp-json\/wp\/v2\/media\/21602"}],"wp:attachment":[{"href":"https:\/\/taktol.de\/de\/wp-json\/wp\/v2\/media?parent=22361"}],"wp:term":[{"taxonomy":"product_brand","embeddable":true,"href":"https:\/\/taktol.de\/de\/wp-json\/wp\/v2\/product_brand?post=22361"},{"taxonomy":"product_cat","embeddable":true,"href":"https:\/\/taktol.de\/de\/wp-json\/wp\/v2\/product_cat?post=22361"},{"taxonomy":"product_tag","embeddable":true,"href":"https:\/\/taktol.de\/de\/wp-json\/wp\/v2\/product_tag?post=22361"}],"curies":[{"name":"wp","href":"https:\/\/api.w.org\/{rel}","templated":true}]}}