{"id":22332,"date":"2025-04-27T10:43:48","date_gmt":"2025-04-27T10:43:48","guid":{"rendered":"https:\/\/taktol.de\/product\/taktol-expert-mix-hybrid-5w-30\/"},"modified":"2025-04-27T10:43:48","modified_gmt":"2025-04-27T10:43:48","slug":"taktol-expert-mix-hybrid-5w-30","status":"publish","type":"product","link":"https:\/\/taktol.de\/de\/product\/taktol-expert-mix-hybrid-5w-30\/","title":{"rendered":"Taktol Expert MIX Hybrid 5W-30"},"content":{"rendered":"<p><strong>Taktol Expert MIX Hybrid 5W-30<\/strong> ist ein hochwertiges Motoren\u00f6l auf der Basis ausgew\u00e4hlter Grund\u00f6le und Additive. Es wurde speziell f\u00fcr Fahrzeuge mit Hybridtechnologie entwickelt und gew\u00e4hrleistet einen optimalen Schutz des Motors in allen Betriebsphasen. Ausgezeichnete Temperatur-Viskosit\u00e4ts-Eigenschaften garantieren eine schnelle \u00d6lzirkulation, selbst bei h\u00e4ufigen Motorstarts und -stopps.  <\/p>\n<p>Empfehlungen: Honda, Lexus, Mitsubishi, Nissan, Toyota.<\/p>\n","protected":false},"excerpt":{"rendered":"<p>Taktol Expert MIX Hybrid 5W-30 ist ein hochwertiges Motoren\u00f6l auf der Basis ausgew\u00e4hlter Grund\u00f6le und Additive. Es wurde speziell f\u00fcr<\/p>\n","protected":false},"featured_media":21602,"template":"","meta":[],"product_brand":[],"product_cat":[423,420],"product_tag":[],"class_list":{"0":"post-22332","1":"product","2":"type-product","3":"status-publish","4":"has-post-thumbnail","6":"product_cat-expert-linie","7":"product_cat-motorenol","8":"pa_api-api-sp-rc","9":"pa_application-hybride-technologie","10":"pa_application-pkw","11":"pa_ilsac-ilsac-gf-5","12":"pa_ilsac-ilsac-gf-6a","13":"pa_viscosity-sae-5w-30","15":"first","16":"onbackorder","17":"shipping-taxable","18":"purchasable","19":"product-type-variable"},"_links":{"self":[{"href":"https:\/\/taktol.de\/de\/wp-json\/wp\/v2\/product\/22332","targetHints":{"allow":["GET"]}}],"collection":[{"href":"https:\/\/taktol.de\/de\/wp-json\/wp\/v2\/product"}],"about":[{"href":"https:\/\/taktol.de\/de\/wp-json\/wp\/v2\/types\/product"}],"version-history":[{"count":0,"href":"https:\/\/taktol.de\/de\/wp-json\/wp\/v2\/product\/22332\/revisions"}],"wp:featuredmedia":[{"embeddable":true,"href":"https:\/\/taktol.de\/de\/wp-json\/wp\/v2\/media\/21602"}],"wp:attachment":[{"href":"https:\/\/taktol.de\/de\/wp-json\/wp\/v2\/media?parent=22332"}],"wp:term":[{"taxonomy":"product_brand","embeddable":true,"href":"https:\/\/taktol.de\/de\/wp-json\/wp\/v2\/product_brand?post=22332"},{"taxonomy":"product_cat","embeddable":true,"href":"https:\/\/taktol.de\/de\/wp-json\/wp\/v2\/product_cat?post=22332"},{"taxonomy":"product_tag","embeddable":true,"href":"https:\/\/taktol.de\/de\/wp-json\/wp\/v2\/product_tag?post=22332"}],"curies":[{"name":"wp","href":"https:\/\/api.w.org\/{rel}","templated":true}]}}