{"id":22237,"date":"2025-04-26T12:55:56","date_gmt":"2025-04-26T12:55:56","guid":{"rendered":"https:\/\/taktol.de\/product\/taktol-expert-jp-plus-5w-20\/"},"modified":"2025-04-26T12:55:56","modified_gmt":"2025-04-26T12:55:56","slug":"taktol-expert-jp-plus-5w-20","status":"publish","type":"product","link":"https:\/\/taktol.de\/de\/product\/taktol-expert-jp-plus-5w-20\/","title":{"rendered":"Taktol Expert JP Plus 5W-20"},"content":{"rendered":"<p><strong>Taktol Expert JP Plus 5W-20 <\/strong>ist ein hochwertiges Motoren\u00f6l auf der Basis ausgew\u00e4hlter Grund\u00f6le und Additive. Es wurde f\u00fcr Fahrzeuge mit Hybridtechnologie entwickelt und gew\u00e4hrleistet einen optimalen Motorschutz in allen Betriebsphasen. Ausgezeichnete Temperatur-Viskosit\u00e4ts-Eigenschaften garantieren eine schnelle \u00d6lversorgung auch bei h\u00e4ufigen Motorstarts und -stopps. Taktol Expert JP Plus 5W-20 sch\u00fctzt au\u00dferdem vor LSPI und sorgt f\u00fcr eine hervorragende Kraftstoffeffizienz.   <\/p>\n<p>Empfehlungen: Honda, Lexus, Mitsubishi, Nissan, Toyota<\/p>\n","protected":false},"excerpt":{"rendered":"<p>Taktol Expert JP Plus 5W-20 ist ein hochwertiges Motoren\u00f6l auf der Basis ausgew\u00e4hlter Grund\u00f6le und Additive. Es wurde f\u00fcr Fahrzeuge<\/p>\n","protected":false},"featured_media":21602,"template":"","meta":[],"product_brand":[],"product_cat":[423,420],"product_tag":[],"class_list":{"0":"post-22237","1":"product","2":"type-product","3":"status-publish","4":"has-post-thumbnail","6":"product_cat-expert-linie","7":"product_cat-motorenol","8":"pa_api-api-sp-rc","9":"pa_application-hybride-technologie","10":"pa_application-pkw","11":"pa_ilsac-ilsac-gf-5","12":"pa_ilsac-ilsac-gf-6a","13":"pa_viscosity-sae-5w-20","15":"first","16":"onbackorder","17":"shipping-taxable","18":"purchasable","19":"product-type-variable"},"_links":{"self":[{"href":"https:\/\/taktol.de\/de\/wp-json\/wp\/v2\/product\/22237","targetHints":{"allow":["GET"]}}],"collection":[{"href":"https:\/\/taktol.de\/de\/wp-json\/wp\/v2\/product"}],"about":[{"href":"https:\/\/taktol.de\/de\/wp-json\/wp\/v2\/types\/product"}],"version-history":[{"count":0,"href":"https:\/\/taktol.de\/de\/wp-json\/wp\/v2\/product\/22237\/revisions"}],"wp:featuredmedia":[{"embeddable":true,"href":"https:\/\/taktol.de\/de\/wp-json\/wp\/v2\/media\/21602"}],"wp:attachment":[{"href":"https:\/\/taktol.de\/de\/wp-json\/wp\/v2\/media?parent=22237"}],"wp:term":[{"taxonomy":"product_brand","embeddable":true,"href":"https:\/\/taktol.de\/de\/wp-json\/wp\/v2\/product_brand?post=22237"},{"taxonomy":"product_cat","embeddable":true,"href":"https:\/\/taktol.de\/de\/wp-json\/wp\/v2\/product_cat?post=22237"},{"taxonomy":"product_tag","embeddable":true,"href":"https:\/\/taktol.de\/de\/wp-json\/wp\/v2\/product_tag?post=22237"}],"curies":[{"name":"wp","href":"https:\/\/api.w.org\/{rel}","templated":true}]}}