{"id":22147,"date":"2025-04-26T11:24:30","date_gmt":"2025-04-26T11:24:30","guid":{"rendered":"https:\/\/taktol.de\/product\/taktol-expert-950-fe-0w-30\/"},"modified":"2025-04-26T11:24:30","modified_gmt":"2025-04-26T11:24:30","slug":"taktol-expert-950-fe-0w-30","status":"publish","type":"product","link":"https:\/\/taktol.de\/de\/product\/taktol-expert-950-fe-0w-30\/","title":{"rendered":"Taktol Expert 950 FE 0W-30"},"content":{"rendered":"<p><strong>Taktol Expert 950 FE 0W-30<\/strong> ist ein synthetisches Mid-SAPS-Motoren\u00f6l, das f\u00fcr Benzin- und Dieselmotoren mit oder ohne Turboaufladung entwickelt wurde. Dank seiner fortschrittlichen Formulierung sorgt es f\u00fcr bemerkenswerte Kraftstoffeinsparungen und sch\u00fctzt den Turbolader vor Ablagerungen, um maximale Leistung zu gew\u00e4hrleisten. <\/p>\n","protected":false},"excerpt":{"rendered":"<p>Taktol Expert 950 FE 0W-30 ist ein synthetisches Mid-SAPS-Motoren\u00f6l, das f\u00fcr Benzin- und Dieselmotoren mit oder ohne Turboaufladung entwickelt wurde.<\/p>\n","protected":false},"featured_media":21602,"template":"","meta":[],"product_brand":[],"product_cat":[423,420],"product_tag":[],"class_list":{"0":"post-22147","1":"product","2":"type-product","3":"status-publish","4":"has-post-thumbnail","6":"product_cat-expert-linie","7":"product_cat-motorenol","8":"pa_acea-acea-a5-b5","9":"pa_acea-acea-c2","10":"pa_api-api-sp-rc","11":"pa_application-hybride-technologie","12":"pa_application-pkw","13":"pa_ilsac-ilsac-gf-6","14":"pa_specifications-bmw-longlife-12-fe","15":"pa_specifications-ford-wss-m2c950-a","16":"pa_specifications-mb-227-61","17":"pa_specifications-mb-229-61","18":"pa_specifications-vwc-53035","19":"pa_viscosity-sae-0w-30","21":"first","22":"onbackorder","23":"shipping-taxable","24":"purchasable","25":"product-type-variable"},"_links":{"self":[{"href":"https:\/\/taktol.de\/de\/wp-json\/wp\/v2\/product\/22147","targetHints":{"allow":["GET"]}}],"collection":[{"href":"https:\/\/taktol.de\/de\/wp-json\/wp\/v2\/product"}],"about":[{"href":"https:\/\/taktol.de\/de\/wp-json\/wp\/v2\/types\/product"}],"version-history":[{"count":0,"href":"https:\/\/taktol.de\/de\/wp-json\/wp\/v2\/product\/22147\/revisions"}],"wp:featuredmedia":[{"embeddable":true,"href":"https:\/\/taktol.de\/de\/wp-json\/wp\/v2\/media\/21602"}],"wp:attachment":[{"href":"https:\/\/taktol.de\/de\/wp-json\/wp\/v2\/media?parent=22147"}],"wp:term":[{"taxonomy":"product_brand","embeddable":true,"href":"https:\/\/taktol.de\/de\/wp-json\/wp\/v2\/product_brand?post=22147"},{"taxonomy":"product_cat","embeddable":true,"href":"https:\/\/taktol.de\/de\/wp-json\/wp\/v2\/product_cat?post=22147"},{"taxonomy":"product_tag","embeddable":true,"href":"https:\/\/taktol.de\/de\/wp-json\/wp\/v2\/product_tag?post=22147"}],"curies":[{"name":"wp","href":"https:\/\/api.w.org\/{rel}","templated":true}]}}