{"id":22118,"date":"2025-04-26T11:03:34","date_gmt":"2025-04-26T11:03:34","guid":{"rendered":"https:\/\/taktol.de\/product\/taktol-expert-spec-ll-0w-30\/"},"modified":"2025-04-26T11:03:34","modified_gmt":"2025-04-26T11:03:34","slug":"taktol-expert-spec-ll-0w-30","status":"publish","type":"product","link":"https:\/\/taktol.de\/de\/product\/taktol-expert-spec-ll-0w-30\/","title":{"rendered":"Taktol Expert Spec-LL 0W-30"},"content":{"rendered":"<p> <strong> Taktol Expert Spec-LL 0W-30<\/strong> ist ein vollsynthetisches Hochleistungsmotoren\u00f6l f\u00fcr Benzin- und Dieselmotoren, mit oder ohne Turboaufladung und Direkteinspritzung. Es minimiert Reibung, Verschlei\u00df und Kraftstoffverbrauch und bietet hervorragende Kaltstarteigenschaften. Verl\u00e4ngerte \u00d6lwechselintervalle sind gem\u00e4\u00df den Empfehlungen des Herstellers m\u00f6glich. Taktol Expert Spec-LL 0W-30 verl\u00e4ngert die Lebensdauer von Dieselpartikelfiltern, indem es aschebildende Partikel in den Abgasen reduziert. Es reduziert den Aussto\u00df von Schadstoffen in die Umwelt und gew\u00e4hrleistet einen gleichbleibend hohen Motorschutz.    <\/p>\n","protected":false},"excerpt":{"rendered":"<p>Taktol Expert Spec-LL 0W-30 ist ein vollsynthetisches Hochleistungsmotoren\u00f6l f\u00fcr Benzin- und Dieselmotoren, mit oder ohne Turboaufladung und Direkteinspritzung. Es minimiert<\/p>\n","protected":false},"featured_media":21602,"template":"","meta":[],"product_brand":[],"product_cat":[423,420],"product_tag":[],"class_list":{"0":"post-22118","1":"product","2":"type-product","3":"status-publish","4":"has-post-thumbnail","6":"product_cat-expert-linie","7":"product_cat-motorenol","8":"pa_acea-acea-c3","9":"pa_api-api-sn","10":"pa_application-pkw","11":"pa_specifications-bmw-longlife-04","12":"pa_specifications-mb-229-31","13":"pa_specifications-mb-229-51","14":"pa_specifications-mb-229-52","15":"pa_specifications-porsche-c30","16":"pa_specifications-vw-504-00-507-00","17":"pa_viscosity-sae-0w-30","19":"first","20":"onbackorder","21":"shipping-taxable","22":"purchasable","23":"product-type-variable"},"_links":{"self":[{"href":"https:\/\/taktol.de\/de\/wp-json\/wp\/v2\/product\/22118","targetHints":{"allow":["GET"]}}],"collection":[{"href":"https:\/\/taktol.de\/de\/wp-json\/wp\/v2\/product"}],"about":[{"href":"https:\/\/taktol.de\/de\/wp-json\/wp\/v2\/types\/product"}],"version-history":[{"count":0,"href":"https:\/\/taktol.de\/de\/wp-json\/wp\/v2\/product\/22118\/revisions"}],"wp:featuredmedia":[{"embeddable":true,"href":"https:\/\/taktol.de\/de\/wp-json\/wp\/v2\/media\/21602"}],"wp:attachment":[{"href":"https:\/\/taktol.de\/de\/wp-json\/wp\/v2\/media?parent=22118"}],"wp:term":[{"taxonomy":"product_brand","embeddable":true,"href":"https:\/\/taktol.de\/de\/wp-json\/wp\/v2\/product_brand?post=22118"},{"taxonomy":"product_cat","embeddable":true,"href":"https:\/\/taktol.de\/de\/wp-json\/wp\/v2\/product_cat?post=22118"},{"taxonomy":"product_tag","embeddable":true,"href":"https:\/\/taktol.de\/de\/wp-json\/wp\/v2\/product_tag?post=22118"}],"curies":[{"name":"wp","href":"https:\/\/api.w.org\/{rel}","templated":true}]}}