{"id":22089,"date":"2025-04-26T10:50:54","date_gmt":"2025-04-26T10:50:54","guid":{"rendered":"https:\/\/taktol.de\/product\/taktol-expert-spec-v377-0w-30\/"},"modified":"2025-04-26T10:50:54","modified_gmt":"2025-04-26T10:50:54","slug":"taktol-expert-spec-v377-0w-30","status":"publish","type":"product","link":"https:\/\/taktol.de\/de\/product\/taktol-expert-spec-v377-0w-30\/","title":{"rendered":"Taktol Expert Spec-V377 0W-30"},"content":{"rendered":"<p><strong>Taktol Expert Spec-V377 0W-30<\/strong> ist ein synthetisches Hochleistungsmotoren\u00f6l, das f\u00fcr Benzin- und Diesel-Pkw mit und ohne Turboaufladung und Direkteinspritzung entwickelt wurde. Es minimiert die Reibung, den Verschlei\u00df und den Kraftstoffverbrauch und bietet eine hervorragende Kaltstartleistung. Verl\u00e4ngerte \u00d6lwechselintervalle sind gem\u00e4\u00df den Empfehlungen des Herstellers m\u00f6glich. Hervorragende Kaltstarteigenschaften gew\u00e4hrleisten eine optimale Schmierung w\u00e4hrend der Kaltphase des Motors. Dank einer sp\u00fcrbaren Senkung des Kraftstoffverbrauchs tr\u00e4gt Taktol Expert Spec-V377 0W-30 auch zur Senkung der Emissionen und zum Schutz der Umwelt bei.    <\/p>\n","protected":false},"excerpt":{"rendered":"<p>Taktol Expert Spec-V377 0W-30 ist ein synthetisches Hochleistungsmotoren\u00f6l, das f\u00fcr Benzin- und Diesel-Pkw mit und ohne Turboaufladung und Direkteinspritzung entwickelt<\/p>\n","protected":false},"featured_media":21602,"template":"","meta":[],"product_brand":[],"product_cat":[423,420],"product_tag":[],"class_list":{"0":"post-22089","1":"product","2":"type-product","3":"status-publish","4":"has-post-thumbnail","6":"product_cat-expert-linie","7":"product_cat-motorenol","8":"pa_acea-acea-a5-b5","9":"pa_api-api-sl-cf","10":"pa_application-pkw","11":"pa_specifications-ford-wss-m2c920-a","12":"pa_specifications-renault-rn0700","13":"pa_specifications-renault-rn0710","14":"pa_specifications-volvo-vcc-95200377","15":"pa_viscosity-sae-0w-30","17":"first","18":"onbackorder","19":"shipping-taxable","20":"purchasable","21":"product-type-variable"},"_links":{"self":[{"href":"https:\/\/taktol.de\/de\/wp-json\/wp\/v2\/product\/22089","targetHints":{"allow":["GET"]}}],"collection":[{"href":"https:\/\/taktol.de\/de\/wp-json\/wp\/v2\/product"}],"about":[{"href":"https:\/\/taktol.de\/de\/wp-json\/wp\/v2\/types\/product"}],"version-history":[{"count":0,"href":"https:\/\/taktol.de\/de\/wp-json\/wp\/v2\/product\/22089\/revisions"}],"wp:featuredmedia":[{"embeddable":true,"href":"https:\/\/taktol.de\/de\/wp-json\/wp\/v2\/media\/21602"}],"wp:attachment":[{"href":"https:\/\/taktol.de\/de\/wp-json\/wp\/v2\/media?parent=22089"}],"wp:term":[{"taxonomy":"product_brand","embeddable":true,"href":"https:\/\/taktol.de\/de\/wp-json\/wp\/v2\/product_brand?post=22089"},{"taxonomy":"product_cat","embeddable":true,"href":"https:\/\/taktol.de\/de\/wp-json\/wp\/v2\/product_cat?post=22089"},{"taxonomy":"product_tag","embeddable":true,"href":"https:\/\/taktol.de\/de\/wp-json\/wp\/v2\/product_tag?post=22089"}],"curies":[{"name":"wp","href":"https:\/\/api.w.org\/{rel}","templated":true}]}}