{"id":22060,"date":"2025-04-26T10:30:03","date_gmt":"2025-04-26T10:30:03","guid":{"rendered":"https:\/\/taktol.de\/product\/taktol-expert-bvm-fe-0w-20\/"},"modified":"2025-04-26T10:30:03","modified_gmt":"2025-04-26T10:30:03","slug":"taktol-expert-bvm-fe-0w-20","status":"publish","type":"product","link":"https:\/\/taktol.de\/de\/product\/taktol-expert-bvm-fe-0w-20\/","title":{"rendered":"Taktol Expert BVM FE 0W-20"},"content":{"rendered":"<p><strong>Taktol Expert BVM FE 0W-20<\/strong> ist ein speziell formuliertes Motor\u00f6l, das die neueste VW 508 00\/509 00 Spezifikation von Volkswagen erf\u00fcllt. Dieses \u00d6l mit niedriger Viskosit\u00e4t und reduziertem HTHS bietet au\u00dfergew\u00f6hnliche Haltbarkeit und Schutz. Es wurde entwickelt, um die Langlebigkeit und Effizienz moderner Benzin- und Dieselmotoren zu verbessern, die eine Viskosit\u00e4t von SAE 0W-20 erfordern. Es erf\u00fcllt die ACEA A1\/B1-Norm und eignet sich daher nicht nur f\u00fcr Fahrzeuge von Volkswagen, sondern auch f\u00fcr viele Modelle anderer Hersteller   <\/p>\n","protected":false},"excerpt":{"rendered":"<p>Taktol Expert BVM FE 0W-20 ist ein speziell formuliertes Motor\u00f6l, das die neueste VW 508 00\/509 00 Spezifikation von Volkswagen<\/p>\n","protected":false},"featured_media":21602,"template":"","meta":[],"product_brand":[],"product_cat":[423,420],"product_tag":[],"class_list":{"0":"post-22060","1":"product","2":"type-product","3":"status-publish","4":"has-post-thumbnail","6":"product_cat-expert-linie","7":"product_cat-motorenol","8":"pa_acea-acea-a1-b1","9":"pa_acea-acea-c5","10":"pa_application-pkw","11":"pa_specifications-ford-wss-m2c956-a1","12":"pa_specifications-mb-229-71","13":"pa_specifications-mb-229-72","14":"pa_specifications-porsche-c20","15":"pa_specifications-vw-508-00-509-00","16":"pa_viscosity-sae-0w-20","18":"first","19":"onbackorder","20":"shipping-taxable","21":"purchasable","22":"product-type-variable"},"_links":{"self":[{"href":"https:\/\/taktol.de\/de\/wp-json\/wp\/v2\/product\/22060","targetHints":{"allow":["GET"]}}],"collection":[{"href":"https:\/\/taktol.de\/de\/wp-json\/wp\/v2\/product"}],"about":[{"href":"https:\/\/taktol.de\/de\/wp-json\/wp\/v2\/types\/product"}],"version-history":[{"count":0,"href":"https:\/\/taktol.de\/de\/wp-json\/wp\/v2\/product\/22060\/revisions"}],"wp:featuredmedia":[{"embeddable":true,"href":"https:\/\/taktol.de\/de\/wp-json\/wp\/v2\/media\/21602"}],"wp:attachment":[{"href":"https:\/\/taktol.de\/de\/wp-json\/wp\/v2\/media?parent=22060"}],"wp:term":[{"taxonomy":"product_brand","embeddable":true,"href":"https:\/\/taktol.de\/de\/wp-json\/wp\/v2\/product_brand?post=22060"},{"taxonomy":"product_cat","embeddable":true,"href":"https:\/\/taktol.de\/de\/wp-json\/wp\/v2\/product_cat?post=22060"},{"taxonomy":"product_tag","embeddable":true,"href":"https:\/\/taktol.de\/de\/wp-json\/wp\/v2\/product_tag?post=22060"}],"curies":[{"name":"wp","href":"https:\/\/api.w.org\/{rel}","templated":true}]}}