{"id":22028,"date":"2025-04-26T09:59:13","date_gmt":"2025-04-26T09:59:13","guid":{"rendered":"https:\/\/taktol.de\/product\/taktol-expert-v-synth-0w-20\/"},"modified":"2025-04-26T10:22:14","modified_gmt":"2025-04-26T10:22:14","slug":"taktol-expert-v-synth-0w-20","status":"publish","type":"product","link":"https:\/\/taktol.de\/de\/product\/taktol-expert-v-synth-0w-20\/","title":{"rendered":"Taktol Expert V-Synth 0W-20"},"content":{"rendered":"<p><strong>Taktol Expert V-Synth 0W-20<\/strong> ist ein vollsynthetisches Motoren\u00f6l f\u00fcr Benzin- und Dieselmotoren mit oder ohne Turboaufladung und Direkteinspritzung. Es ist bekannt f\u00fcr seine hervorragenden Kaltstarteigenschaften und seine F\u00e4higkeit, den Kraftstoffverbrauch, die Reibung und den Verschlei\u00df zu minimieren. Es erm\u00f6glicht l\u00e4ngere \u00d6lwechselintervalle als vom Hersteller empfohlen.  <\/p>\n","protected":false},"excerpt":{"rendered":"<p>Taktol Expert V-Synth 0W-20 ist ein vollsynthetisches Motoren\u00f6l f\u00fcr Benzin- und Dieselmotoren mit oder ohne Turboaufladung und Direkteinspritzung. Es ist<\/p>\n","protected":false},"featured_media":21602,"template":"","meta":[],"product_brand":[],"product_cat":[423,420],"product_tag":[],"class_list":{"0":"post-22028","1":"product","2":"type-product","3":"status-publish","4":"has-post-thumbnail","6":"product_cat-expert-linie","7":"product_cat-motorenol","8":"pa_acea-acea-c5","9":"pa_api-api-sn","10":"pa_application-hybride-technologie","11":"pa_application-pkw","12":"pa_ilsac-ilsac-gf-5","13":"pa_specifications-volvo-vcc-rbs0-2ae","14":"pa_viscosity-sae-0w-20","16":"first","17":"onbackorder","18":"shipping-taxable","19":"purchasable","20":"product-type-variable"},"_links":{"self":[{"href":"https:\/\/taktol.de\/de\/wp-json\/wp\/v2\/product\/22028","targetHints":{"allow":["GET"]}}],"collection":[{"href":"https:\/\/taktol.de\/de\/wp-json\/wp\/v2\/product"}],"about":[{"href":"https:\/\/taktol.de\/de\/wp-json\/wp\/v2\/types\/product"}],"version-history":[{"count":1,"href":"https:\/\/taktol.de\/de\/wp-json\/wp\/v2\/product\/22028\/revisions"}],"predecessor-version":[{"id":22050,"href":"https:\/\/taktol.de\/de\/wp-json\/wp\/v2\/product\/22028\/revisions\/22050"}],"wp:featuredmedia":[{"embeddable":true,"href":"https:\/\/taktol.de\/de\/wp-json\/wp\/v2\/media\/21602"}],"wp:attachment":[{"href":"https:\/\/taktol.de\/de\/wp-json\/wp\/v2\/media?parent=22028"}],"wp:term":[{"taxonomy":"product_brand","embeddable":true,"href":"https:\/\/taktol.de\/de\/wp-json\/wp\/v2\/product_brand?post=22028"},{"taxonomy":"product_cat","embeddable":true,"href":"https:\/\/taktol.de\/de\/wp-json\/wp\/v2\/product_cat?post=22028"},{"taxonomy":"product_tag","embeddable":true,"href":"https:\/\/taktol.de\/de\/wp-json\/wp\/v2\/product_tag?post=22028"}],"curies":[{"name":"wp","href":"https:\/\/api.w.org\/{rel}","templated":true}]}}