{"id":21991,"date":"2025-04-21T13:28:38","date_gmt":"2025-04-21T13:28:38","guid":{"rendered":"https:\/\/taktol.de\/product\/taktol-expert-jp-power-0w-20\/"},"modified":"2025-04-21T13:28:38","modified_gmt":"2025-04-21T13:28:38","slug":"taktol-expert-jp-power-0w-20","status":"publish","type":"product","link":"https:\/\/taktol.de\/de\/product\/taktol-expert-jp-power-0w-20\/","title":{"rendered":"Taktol Expert JP Power 0W-20"},"content":{"rendered":"<p> <strong> Taktol Expert JP Power 0W-20 <\/strong>ist ein Premium-Motoren\u00f6l, das aus sorgf\u00e4ltig ausgew\u00e4hlten Grund\u00f6len und fortschrittlichen Additiven hergestellt wird. Es wurde speziell f\u00fcr moderne Hybridfahrzeuge entwickelt und bietet optimalen Motorschutz in allen Betriebsphasen. Sein hervorragendes Temperatur-Viskosit\u00e4ts-Verhalten sorgt f\u00fcr eine schnelle Schmierung auch bei h\u00e4ufigen Motorstarts und -stopps. Es sch\u00fctzt au\u00dferdem vor LSPI und unterst\u00fctzt eine verbesserte Kraftstoffeffizienz.   <\/p>\n<p>Empfehlungen: Honda, Hybrid-Motoren, Lexus, Mitsubishi, Nissan, Toyota<\/p>\n","protected":false},"excerpt":{"rendered":"<p>Taktol Expert JP Power 0W-20 ist ein Premium-Motoren\u00f6l, das aus sorgf\u00e4ltig ausgew\u00e4hlten Grund\u00f6len und fortschrittlichen Additiven hergestellt wird. Es wurde<\/p>\n","protected":false},"featured_media":21602,"template":"","meta":[],"product_brand":[],"product_cat":[423,420],"product_tag":[],"class_list":{"0":"post-21991","1":"product","2":"type-product","3":"status-publish","4":"has-post-thumbnail","6":"product_cat-expert-linie","7":"product_cat-motorenol","8":"pa_api-api-sp-rc","9":"pa_application-hybride-technologie","10":"pa_application-pkw","11":"pa_ilsac-ilsac-gf-5","12":"pa_ilsac-ilsac-gf-6a","13":"pa_viscosity-sae-0w-20","15":"first","16":"onbackorder","17":"shipping-taxable","18":"purchasable","19":"product-type-variable"},"_links":{"self":[{"href":"https:\/\/taktol.de\/de\/wp-json\/wp\/v2\/product\/21991","targetHints":{"allow":["GET"]}}],"collection":[{"href":"https:\/\/taktol.de\/de\/wp-json\/wp\/v2\/product"}],"about":[{"href":"https:\/\/taktol.de\/de\/wp-json\/wp\/v2\/types\/product"}],"version-history":[{"count":0,"href":"https:\/\/taktol.de\/de\/wp-json\/wp\/v2\/product\/21991\/revisions"}],"wp:featuredmedia":[{"embeddable":true,"href":"https:\/\/taktol.de\/de\/wp-json\/wp\/v2\/media\/21602"}],"wp:attachment":[{"href":"https:\/\/taktol.de\/de\/wp-json\/wp\/v2\/media?parent=21991"}],"wp:term":[{"taxonomy":"product_brand","embeddable":true,"href":"https:\/\/taktol.de\/de\/wp-json\/wp\/v2\/product_brand?post=21991"},{"taxonomy":"product_cat","embeddable":true,"href":"https:\/\/taktol.de\/de\/wp-json\/wp\/v2\/product_cat?post=21991"},{"taxonomy":"product_tag","embeddable":true,"href":"https:\/\/taktol.de\/de\/wp-json\/wp\/v2\/product_tag?post=21991"}],"curies":[{"name":"wp","href":"https:\/\/api.w.org\/{rel}","templated":true}]}}