{"id":21955,"date":"2025-04-21T12:59:04","date_gmt":"2025-04-21T12:59:04","guid":{"rendered":"https:\/\/taktol.de\/product\/taktol-expert-h-plus-0w-20\/"},"modified":"2026-01-08T15:57:33","modified_gmt":"2026-01-08T15:57:33","slug":"taktol-expert-h-plus-0w-20","status":"publish","type":"product","link":"https:\/\/taktol.de\/de\/product\/taktol-expert-h-plus-0w-20\/","title":{"rendered":"Taktol Expert H-Plus 0W-20"},"content":{"rendered":"<p><strong>Taktol Expert H-Plus 0W-20<\/strong> ist ein synthetisches Mid-SAPS-Motoren\u00f6l mit niedriger Viskosit\u00e4t, das f\u00fcr Benzinmotoren in Personenkraftwagen entwickelt wurde. Es eignet sich sowohl f\u00fcr Motoren mit Turbolader als auch f\u00fcr Saugmotoren, mit oder ohne Direkteinspritzung. Es bietet ein ausgezeichnetes Kaltstartverhalten und minimiert den Kraftstoffverbrauch, die Reibung und den Verschlei\u00df. Die \u00d6lwechselintervalle k\u00f6nnen gem\u00e4\u00df den Anweisungen des Herstellers verl\u00e4ngert werden.  <\/p>\n","protected":false},"excerpt":{"rendered":"<p>Taktol Expert H-Plus 0W-20 ist ein synthetisches Mid-SAPS-Motoren\u00f6l mit niedriger Viskosit\u00e4t, das f\u00fcr Benzinmotoren in Personenkraftwagen entwickelt wurde. Es eignet<\/p>\n","protected":false},"featured_media":21602,"template":"","meta":[],"product_brand":[],"product_cat":[423,420],"product_tag":[],"class_list":{"0":"post-21955","1":"product","2":"type-product","3":"status-publish","4":"has-post-thumbnail","6":"product_cat-expert-linie","7":"product_cat-motorenol","8":"pa_api-api-sp","9":"pa_api-api-sq-rc","10":"pa_application-hybride-technologie","11":"pa_application-pkw","12":"pa_ilsac-ilsac-gf-5","13":"pa_ilsac-ilsac-gf-6a","14":"pa_ilsac-ilsac-gf-7a","15":"pa_specifications-chrysler-ms-6395","16":"pa_specifications-fiat-9-55535-gsx-cr1","17":"pa_specifications-ford-wss-m2c947-b1","18":"pa_specifications-ford-wss-m2c962-a","19":"pa_specifications-gm-6094m","20":"pa_specifications-gm-dexos1-gen3","21":"pa_viscosity-sae-0w-20","23":"first","24":"onbackorder","25":"shipping-taxable","26":"purchasable","27":"product-type-variable"},"_links":{"self":[{"href":"https:\/\/taktol.de\/de\/wp-json\/wp\/v2\/product\/21955","targetHints":{"allow":["GET"]}}],"collection":[{"href":"https:\/\/taktol.de\/de\/wp-json\/wp\/v2\/product"}],"about":[{"href":"https:\/\/taktol.de\/de\/wp-json\/wp\/v2\/types\/product"}],"version-history":[{"count":1,"href":"https:\/\/taktol.de\/de\/wp-json\/wp\/v2\/product\/21955\/revisions"}],"predecessor-version":[{"id":24503,"href":"https:\/\/taktol.de\/de\/wp-json\/wp\/v2\/product\/21955\/revisions\/24503"}],"wp:featuredmedia":[{"embeddable":true,"href":"https:\/\/taktol.de\/de\/wp-json\/wp\/v2\/media\/21602"}],"wp:attachment":[{"href":"https:\/\/taktol.de\/de\/wp-json\/wp\/v2\/media?parent=21955"}],"wp:term":[{"taxonomy":"product_brand","embeddable":true,"href":"https:\/\/taktol.de\/de\/wp-json\/wp\/v2\/product_brand?post=21955"},{"taxonomy":"product_cat","embeddable":true,"href":"https:\/\/taktol.de\/de\/wp-json\/wp\/v2\/product_cat?post=21955"},{"taxonomy":"product_tag","embeddable":true,"href":"https:\/\/taktol.de\/de\/wp-json\/wp\/v2\/product_tag?post=21955"}],"curies":[{"name":"wp","href":"https:\/\/api.w.org\/{rel}","templated":true}]}}