{"id":21926,"date":"2025-04-21T12:43:22","date_gmt":"2025-04-21T12:43:22","guid":{"rendered":"https:\/\/taktol.de\/product\/taktol-praktik-dx-eco-0w-20\/"},"modified":"2025-04-21T13:09:31","modified_gmt":"2025-04-21T13:09:31","slug":"taktol-praktik-dx-eco-0w-20","status":"publish","type":"product","link":"https:\/\/taktol.de\/de\/product\/taktol-praktik-dx-eco-0w-20\/","title":{"rendered":"Taktol Praktik DX Eco 0W-20"},"content":{"rendered":"<p><strong>Taktol Praktik DX Eco 0W-20<\/strong> ist ein synthetisches Leichtlaufmotor\u00f6l f\u00fcr Benzinmotoren in Pkw, geeignet f\u00fcr Motoren mit oder ohne Turboaufladung und Direkteinspritzung. Es bietet hervorragende Kaltstarteigenschaften und tr\u00e4gt zur Reduzierung des Kraftstoffverbrauchs, der Reibung und des Verschlei\u00dfes bei. Erm\u00f6glicht verl\u00e4ngerte \u00d6lwechselintervalle gem\u00e4\u00df den Herstellervorgaben.  <\/p>\n","protected":false},"excerpt":{"rendered":"<p>Taktol Praktik DX Eco 0W-20 ist ein synthetisches Leichtlaufmotor\u00f6l f\u00fcr Benzinmotoren in Pkw, geeignet f\u00fcr Motoren mit oder ohne Turboaufladung<\/p>\n","protected":false},"featured_media":21602,"template":"","meta":[],"product_brand":[],"product_cat":[420,426],"product_tag":[],"class_list":{"0":"post-21926","1":"product","2":"type-product","3":"status-publish","4":"has-post-thumbnail","6":"product_cat-motorenol","7":"product_cat-praktik-linie","8":"pa_api-api-sn-plus","9":"pa_api-api-sn-plus-rc","10":"pa_api-api-sp-rc","11":"pa_application-hybride-technologie","12":"pa_application-pkw","13":"pa_ilsac-ilsac-gf-5","14":"pa_ilsac-ilsac-gf-6a","15":"pa_specifications-chrysler-ms-6395","16":"pa_specifications-fiat-9-55535-gsx-cr1","17":"pa_specifications-ford-wss-m2c947-b1","18":"pa_specifications-ford-wss-m2c962-a","19":"pa_specifications-gm-6094m","20":"pa_specifications-gm-dexos1-gen3","21":"pa_viscosity-sae-0w-20","23":"first","24":"onbackorder","25":"shipping-taxable","26":"purchasable","27":"product-type-variable"},"_links":{"self":[{"href":"https:\/\/taktol.de\/de\/wp-json\/wp\/v2\/product\/21926","targetHints":{"allow":["GET"]}}],"collection":[{"href":"https:\/\/taktol.de\/de\/wp-json\/wp\/v2\/product"}],"about":[{"href":"https:\/\/taktol.de\/de\/wp-json\/wp\/v2\/types\/product"}],"version-history":[{"count":1,"href":"https:\/\/taktol.de\/de\/wp-json\/wp\/v2\/product\/21926\/revisions"}],"predecessor-version":[{"id":21979,"href":"https:\/\/taktol.de\/de\/wp-json\/wp\/v2\/product\/21926\/revisions\/21979"}],"wp:featuredmedia":[{"embeddable":true,"href":"https:\/\/taktol.de\/de\/wp-json\/wp\/v2\/media\/21602"}],"wp:attachment":[{"href":"https:\/\/taktol.de\/de\/wp-json\/wp\/v2\/media?parent=21926"}],"wp:term":[{"taxonomy":"product_brand","embeddable":true,"href":"https:\/\/taktol.de\/de\/wp-json\/wp\/v2\/product_brand?post=21926"},{"taxonomy":"product_cat","embeddable":true,"href":"https:\/\/taktol.de\/de\/wp-json\/wp\/v2\/product_cat?post=21926"},{"taxonomy":"product_tag","embeddable":true,"href":"https:\/\/taktol.de\/de\/wp-json\/wp\/v2\/product_tag?post=21926"}],"curies":[{"name":"wp","href":"https:\/\/api.w.org\/{rel}","templated":true}]}}