{"id":21892,"date":"2025-04-21T12:11:46","date_gmt":"2025-04-21T12:11:46","guid":{"rendered":"https:\/\/taktol.de\/product\/taktol-expert-hybrid-plus-0w-16\/"},"modified":"2025-04-21T12:11:46","modified_gmt":"2025-04-21T12:11:46","slug":"taktol-expert-hybrid-plus-0w-16","status":"publish","type":"product","link":"https:\/\/taktol.de\/de\/product\/taktol-expert-hybrid-plus-0w-16\/","title":{"rendered":"Taktol Expert Hybrid Plus 0W-16"},"content":{"rendered":"<p> <strong> Taktol Expert Hybrid Plus 0W-16<\/strong> ist ein synthetisches, leichtlaufendes Motor\u00f6l f\u00fcr Benzin- und Dieselmotoren in Pkw, geeignet f\u00fcr Motoren mit oder ohne Turboaufladung und Direkteinspritzung.<\/p>\n<p>Empfehlungen: Honda 08215-99974, Honda 08216-99974, Honda 08232-P99S1LHE, Honda Ultra Next\/Ultra Green Hybrid Engine Nissan KLANM-01A04 Extra Save X Eco Mitsubishi DiaQueen ECO Plus, Mitsubishi MZ102661, Mitsubishi MZ102662 ,Toyota 08880-11005<\/p>\n","protected":false},"excerpt":{"rendered":"<p>Taktol Expert Hybrid Plus 0W-16 ist ein synthetisches, leichtlaufendes Motor\u00f6l f\u00fcr Benzin- und Dieselmotoren in Pkw, geeignet f\u00fcr Motoren mit<\/p>\n","protected":false},"featured_media":21602,"template":"","meta":[],"product_brand":[],"product_cat":[423,420],"product_tag":[],"class_list":{"0":"post-21892","1":"product","2":"type-product","3":"status-publish","4":"has-post-thumbnail","6":"product_cat-expert-linie","7":"product_cat-motorenol","8":"pa_api-api-sp-rc","9":"pa_application-hybride-technologie","10":"pa_application-pkw","11":"pa_ilsac-ilsac-gf-6b","12":"pa_viscosity-sae-0w-16","14":"first","15":"onbackorder","16":"shipping-taxable","17":"purchasable","18":"product-type-variable"},"_links":{"self":[{"href":"https:\/\/taktol.de\/de\/wp-json\/wp\/v2\/product\/21892","targetHints":{"allow":["GET"]}}],"collection":[{"href":"https:\/\/taktol.de\/de\/wp-json\/wp\/v2\/product"}],"about":[{"href":"https:\/\/taktol.de\/de\/wp-json\/wp\/v2\/types\/product"}],"version-history":[{"count":0,"href":"https:\/\/taktol.de\/de\/wp-json\/wp\/v2\/product\/21892\/revisions"}],"wp:featuredmedia":[{"embeddable":true,"href":"https:\/\/taktol.de\/de\/wp-json\/wp\/v2\/media\/21602"}],"wp:attachment":[{"href":"https:\/\/taktol.de\/de\/wp-json\/wp\/v2\/media?parent=21892"}],"wp:term":[{"taxonomy":"product_brand","embeddable":true,"href":"https:\/\/taktol.de\/de\/wp-json\/wp\/v2\/product_brand?post=21892"},{"taxonomy":"product_cat","embeddable":true,"href":"https:\/\/taktol.de\/de\/wp-json\/wp\/v2\/product_cat?post=21892"},{"taxonomy":"product_tag","embeddable":true,"href":"https:\/\/taktol.de\/de\/wp-json\/wp\/v2\/product_tag?post=21892"}],"curies":[{"name":"wp","href":"https:\/\/api.w.org\/{rel}","templated":true}]}}