{"id":21850,"date":"2025-04-21T11:09:09","date_gmt":"2025-04-21T11:09:09","guid":{"rendered":"https:\/\/taktol.de\/product\/taktol-ultra-green-power-0w-16\/"},"modified":"2025-04-21T12:23:53","modified_gmt":"2025-04-21T12:23:53","slug":"taktol-ultra-green-power-0w-16","status":"publish","type":"product","link":"https:\/\/taktol.de\/de\/product\/taktol-ultra-green-power-0w-16\/","title":{"rendered":"Taktol Ultra Green Power 0W-16"},"content":{"rendered":"<p><strong>Taktol Ultra Green Power 0W-16<\/strong> ist ein vollsynthetisches Motor\u00f6l f\u00fcr Benzin- und Dieselmotoren in Pkw, auch mit Turboaufladung und Direkteinspritzung. Es bietet hervorragende Kaltstarteigenschaften, reduziert den Kraftstoffverbrauch, die Reibung und den Verschlei\u00df. Zudem erm\u00f6glicht es verl\u00e4ngerte \u00d6lwechselintervalle gem\u00e4\u00df den Herstellervorgaben.  <\/p>\n<div class=\"product__text\">Empfehlungen: Honda 08215-99974, Honda 08216-99974, Honda 08232-P99S1LHE, Honda Ultra Next\/Ultra Green, Hybridmotor Nissan KLANM-01A04 Extra Save X Eco, Mitsubishi Diaqueen ECO Plus, Mitsubishi MZ102661, Mitsubishi MZ102662, Toyota 08880-11005<\/div>\n","protected":false},"excerpt":{"rendered":"<p>Taktol Ultra Green Power 0W-16 ist ein vollsynthetisches Motor\u00f6l f\u00fcr Benzin- und Dieselmotoren in Pkw, auch mit Turboaufladung und Direkteinspritzung.<\/p>\n","protected":false},"featured_media":21602,"template":"","meta":[],"product_brand":[],"product_cat":[420,432],"product_tag":[],"class_list":{"0":"post-21850","1":"product","2":"type-product","3":"status-publish","4":"has-post-thumbnail","6":"product_cat-motorenol","7":"product_cat-ultra-linie","8":"pa_api-api-sp","9":"pa_application-hybride-technologie","10":"pa_application-pkw","11":"pa_ilsac-ilsac-gf-5","12":"pa_ilsac-ilsac-gf-6b","13":"pa_viscosity-sae-0w-16","15":"first","16":"onbackorder","17":"shipping-taxable","18":"purchasable","19":"product-type-variable"},"_links":{"self":[{"href":"https:\/\/taktol.de\/de\/wp-json\/wp\/v2\/product\/21850","targetHints":{"allow":["GET"]}}],"collection":[{"href":"https:\/\/taktol.de\/de\/wp-json\/wp\/v2\/product"}],"about":[{"href":"https:\/\/taktol.de\/de\/wp-json\/wp\/v2\/types\/product"}],"version-history":[{"count":2,"href":"https:\/\/taktol.de\/de\/wp-json\/wp\/v2\/product\/21850\/revisions"}],"predecessor-version":[{"id":21914,"href":"https:\/\/taktol.de\/de\/wp-json\/wp\/v2\/product\/21850\/revisions\/21914"}],"wp:featuredmedia":[{"embeddable":true,"href":"https:\/\/taktol.de\/de\/wp-json\/wp\/v2\/media\/21602"}],"wp:attachment":[{"href":"https:\/\/taktol.de\/de\/wp-json\/wp\/v2\/media?parent=21850"}],"wp:term":[{"taxonomy":"product_brand","embeddable":true,"href":"https:\/\/taktol.de\/de\/wp-json\/wp\/v2\/product_brand?post=21850"},{"taxonomy":"product_cat","embeddable":true,"href":"https:\/\/taktol.de\/de\/wp-json\/wp\/v2\/product_cat?post=21850"},{"taxonomy":"product_tag","embeddable":true,"href":"https:\/\/taktol.de\/de\/wp-json\/wp\/v2\/product_tag?post=21850"}],"curies":[{"name":"wp","href":"https:\/\/api.w.org\/{rel}","templated":true}]}}