{"id":21707,"date":"2025-03-22T15:41:20","date_gmt":"2025-03-22T15:41:20","guid":{"rendered":"https:\/\/taktol.de\/?post_type=product&#038;p=21707"},"modified":"2025-03-22T16:01:57","modified_gmt":"2025-03-22T16:01:57","slug":"taktol-atf-dsg-multi-fluid","status":"publish","type":"product","link":"https:\/\/taktol.de\/de\/product\/taktol-atf-dsg-multi-fluid\/","title":{"rendered":"Taktol ATF DSG Multi Fluid"},"content":{"rendered":"<p><strong>Taktol ATF DSG Multi Fluid<\/strong> ist eine synthetische Getriebefl\u00fcssigkeit f\u00fcr Doppelkupplungsgetriebe f\u00fcr einen praktisch schlupffreien Betrieb und damit minimalen Drehmomentverlust und garantiert den geringen Verschlei\u00df und die lange Lebensdauer des Getriebes. Taktol ATF DSG Multi Fluid wurde speziell f\u00fcr Doppelkupplungsgetriebe (DGS\/DCT) verschiedener Automobilhersteller wie Audi, BMW (Getrag), Citroen, Ford\/Getrag, Mercedes-Benz, Mitsubishi, Peugeot, Porsche, Seat, Skoda, Volkswagen, Volvo entwickelt.<\/p>\n","protected":false},"excerpt":{"rendered":"<p>Taktol ATF DSG Multi Fluid ist eine synthetische Getriebefl\u00fcssigkeit f\u00fcr Doppelkupplungsgetriebe f\u00fcr einen praktisch schlupffreien Betrieb und damit minimalen Drehmomentverlust<\/p>\n","protected":false},"featured_media":21602,"template":"","meta":[],"product_brand":[],"product_cat":[401],"product_tag":[],"class_list":{"0":"post-21707","1":"product","2":"type-product","3":"status-publish","4":"has-post-thumbnail","6":"product_cat-atf-dsg-dct-cvt-de","7":"pa_application-direktschaltgetriebe-dsg","8":"pa_application-pkw","9":"pa_atf-fluid-specifications-bmw-83-22-0-440-214","10":"pa_atf-fluid-specifications-bmw-83-22-2-147-477","11":"pa_atf-fluid-specifications-bmw-83-22-2-148-578","12":"pa_atf-fluid-specifications-bmw-83-22-2-148-579","13":"pa_atf-fluid-specifications-bmw-dctf-1","14":"pa_atf-fluid-specifications-mb-236-21","15":"pa_atf-fluid-specifications-mitsubishi-mz320065-diaqueen-sstf-i","16":"pa_atf-fluid-specifications-porsche-oil-no-999-917-080-00","17":"pa_atf-fluid-specifications-psa-9734-s2","18":"pa_atf-fluid-specifications-volvo-1161838","19":"pa_atf-fluid-specifications-volvo-1161839","20":"pa_atf-fluid-specifications-vw-052-549","21":"pa_atf-fluid-specifications-vw-tl-052-182-a2","22":"pa_atf-fluid-specifications-vw-tl-052-529","24":"first","25":"onbackorder","26":"shipping-taxable","27":"purchasable","28":"product-type-variable"},"_links":{"self":[{"href":"https:\/\/taktol.de\/de\/wp-json\/wp\/v2\/product\/21707","targetHints":{"allow":["GET"]}}],"collection":[{"href":"https:\/\/taktol.de\/de\/wp-json\/wp\/v2\/product"}],"about":[{"href":"https:\/\/taktol.de\/de\/wp-json\/wp\/v2\/types\/product"}],"version-history":[{"count":2,"href":"https:\/\/taktol.de\/de\/wp-json\/wp\/v2\/product\/21707\/revisions"}],"predecessor-version":[{"id":21741,"href":"https:\/\/taktol.de\/de\/wp-json\/wp\/v2\/product\/21707\/revisions\/21741"}],"wp:featuredmedia":[{"embeddable":true,"href":"https:\/\/taktol.de\/de\/wp-json\/wp\/v2\/media\/21602"}],"wp:attachment":[{"href":"https:\/\/taktol.de\/de\/wp-json\/wp\/v2\/media?parent=21707"}],"wp:term":[{"taxonomy":"product_brand","embeddable":true,"href":"https:\/\/taktol.de\/de\/wp-json\/wp\/v2\/product_brand?post=21707"},{"taxonomy":"product_cat","embeddable":true,"href":"https:\/\/taktol.de\/de\/wp-json\/wp\/v2\/product_cat?post=21707"},{"taxonomy":"product_tag","embeddable":true,"href":"https:\/\/taktol.de\/de\/wp-json\/wp\/v2\/product_tag?post=21707"}],"curies":[{"name":"wp","href":"https:\/\/api.w.org\/{rel}","templated":true}]}}