{"id":21663,"date":"2025-03-22T14:18:07","date_gmt":"2025-03-22T14:18:07","guid":{"rendered":"https:\/\/taktol.de\/?post_type=product&#038;p=21663"},"modified":"2025-03-22T15:30:48","modified_gmt":"2025-03-22T15:30:48","slug":"taktol-atf-shp-8-copy","status":"publish","type":"product","link":"https:\/\/taktol.de\/de\/product\/taktol-atf-shp-8-copy\/","title":{"rendered":"Taktol ATF CVT Multi Fluid"},"content":{"rendered":"<p><strong>Taktol ATF CVT Multi Fluid<\/strong> ist ein Automatikgetriebe-Schmierstoff der neuesten Generation f\u00fcr CVT-Automatikgetriebe auf Basis synthetischer \u00d6le mit speziellen Additiven und Inhibitoren, die die einwandfreie Funktion des Automatikgetriebes gew\u00e4hrleisten. Taktol ATF CVT Multi Fluid wurde f\u00fcr den Einsatz in CVT-Automatikgetrieben (Riemen-CVT und Ketten-CVT) entwickelt. Taktol ATF CVT Multi Fluid gew\u00e4hrleistet eine stabile Viskosit\u00e4t, auch bei h\u00f6chster mechanischer Beanspruchung der Getriebeelemente (Schubriemen).<br \/>\n*Die Verwendung in Honda CVT (HMMF) mit Anfahrkupplung wird nicht empfohlen.<\/p>\n","protected":false},"excerpt":{"rendered":"<p><strong>Taktol ATF SHP-8<\/strong> &#8211; Premium-Synthetikprodukt ist speziell f\u00fcr die Schmierung von ZF 8HP-Getrieben, gr\u00fcn gef\u00e4rbt, entwickelt worden.<\/p>\n","protected":false},"featured_media":21602,"template":"","meta":[],"product_brand":[],"product_cat":[401],"product_tag":[],"class_list":{"0":"post-21663","1":"product","2":"type-product","3":"status-publish","4":"has-post-thumbnail","6":"product_cat-atf-dsg-dct-cvt-de","7":"pa_application-pkw","8":"pa_application-stufenloses-getriebe-cvt","9":"pa_atf-fluid-specifications-bmw-mini-ezl-799","10":"pa_atf-fluid-specifications-chrysler-cvtf4","11":"pa_atf-fluid-specifications-chrysler-ns-2","12":"pa_atf-fluid-specifications-daihatsu-amix-cvtf-dc","13":"pa_atf-fluid-specifications-daihatsu-amix-cvtf-dfe","14":"pa_atf-fluid-specifications-daihatsu-tc","15":"pa_atf-fluid-specifications-ford-cvt23","16":"pa_atf-fluid-specifications-ford-cvt30","17":"pa_atf-fluid-specifications-ford-mercon-c","18":"pa_atf-fluid-specifications-gm-dex-cvt","19":"pa_atf-fluid-specifications-honda-hcf-2","20":"pa_atf-fluid-specifications-honda-hmmf","21":"pa_atf-fluid-specifications-hyundai-kia-cvtf","22":"pa_atf-fluid-specifications-mb-236-20","23":"pa_atf-fluid-specifications-mitsubishi-cvtf-diaqueen-j-1","24":"pa_atf-fluid-specifications-mitsubishi-cvtf-diaqueen-j-4","25":"pa_atf-fluid-specifications-mitsubishi-diaqueen-ns-2","26":"pa_atf-fluid-specifications-nissan-ns-2","27":"pa_atf-fluid-specifications-nissan-ns-3","28":"pa_atf-fluid-specifications-renault-elfmatic","29":"pa_atf-fluid-specifications-subaru-ecvt","30":"pa_atf-fluid-specifications-subaru-icvt","31":"pa_atf-fluid-specifications-subaru-lineartronic-cvtf","32":"pa_atf-fluid-specifications-subaru-ns-2","33":"pa_atf-fluid-specifications-suzuki-cvt-fluid-green-1","34":"pa_atf-fluid-specifications-suzuki-cvt-fluid-green-2","35":"pa_atf-fluid-specifications-suzuki-ns-2","36":"pa_atf-fluid-specifications-suzuki-tc","37":"pa_atf-fluid-specifications-toyota-tc","38":"pa_atf-fluid-specifications-vw-g-052-180","39":"pa_atf-fluid-specifications-vw-g-052-516","41":"first","42":"onbackorder","43":"shipping-taxable","44":"purchasable","45":"product-type-variable"},"_links":{"self":[{"href":"https:\/\/taktol.de\/de\/wp-json\/wp\/v2\/product\/21663","targetHints":{"allow":["GET"]}}],"collection":[{"href":"https:\/\/taktol.de\/de\/wp-json\/wp\/v2\/product"}],"about":[{"href":"https:\/\/taktol.de\/de\/wp-json\/wp\/v2\/types\/product"}],"version-history":[{"count":3,"href":"https:\/\/taktol.de\/de\/wp-json\/wp\/v2\/product\/21663\/revisions"}],"predecessor-version":[{"id":21698,"href":"https:\/\/taktol.de\/de\/wp-json\/wp\/v2\/product\/21663\/revisions\/21698"}],"wp:featuredmedia":[{"embeddable":true,"href":"https:\/\/taktol.de\/de\/wp-json\/wp\/v2\/media\/21602"}],"wp:attachment":[{"href":"https:\/\/taktol.de\/de\/wp-json\/wp\/v2\/media?parent=21663"}],"wp:term":[{"taxonomy":"product_brand","embeddable":true,"href":"https:\/\/taktol.de\/de\/wp-json\/wp\/v2\/product_brand?post=21663"},{"taxonomy":"product_cat","embeddable":true,"href":"https:\/\/taktol.de\/de\/wp-json\/wp\/v2\/product_cat?post=21663"},{"taxonomy":"product_tag","embeddable":true,"href":"https:\/\/taktol.de\/de\/wp-json\/wp\/v2\/product_tag?post=21663"}],"curies":[{"name":"wp","href":"https:\/\/api.w.org\/{rel}","templated":true}]}}