{"id":21561,"date":"2025-03-11T16:44:31","date_gmt":"2025-03-11T16:44:31","guid":{"rendered":"https:\/\/taktol.de\/?post_type=product&#038;p=21561"},"modified":"2025-03-12T16:06:11","modified_gmt":"2025-03-12T16:06:11","slug":"taktol-expert-ps-2290-fe-5w30","status":"publish","type":"product","link":"https:\/\/taktol.de\/de\/product\/taktol-expert-ps-2290-fe-5w30\/","title":{"rendered":"Taktol Expert PS-2290 FE 5W30"},"content":{"rendered":"<p><strong>Taktol Expert PS-2290 FE 5W30 <\/strong>ist ein synthetisches Hightech-Energiespar-Motoren\u00f6l, das speziell f\u00fcr Fahrzeuge der PSA Groupe (Peugeot, Citro\u00ebn und DS) entwickelt wurde, die mit Benzin- und Dieselmotoren (HDI-Motoren mit oder ohne DPF) ausgestattet sind, die die Verwendung von Motoren\u00f6len mit der Zulassung PSA B71 2290 erfordern und die Anforderungen von Euro IV, Euro V oder Euro VI erf\u00fcllen, sowie f\u00fcr Fahrzeuge, die Fuel Economy \u00d6le nach ACEA C1\/C2-Standard ben\u00f6tigen.<\/p>\n","protected":false},"excerpt":{"rendered":"<p>Taktol Expert PS-2290 FE 5W30 ist ein synthetisches Hightech-Energiespar-Motoren\u00f6l, das speziell f\u00fcr Fahrzeuge der PSA Groupe (Peugeot, Citro\u00ebn und DS)<\/p>\n","protected":false},"featured_media":21602,"template":"","meta":[],"product_brand":[],"product_cat":[423,420],"product_tag":[],"class_list":{"0":"post-21561","1":"product","2":"type-product","3":"status-publish","4":"has-post-thumbnail","6":"product_cat-expert-linie","7":"product_cat-motorenol","8":"pa_acea-acea-c1","9":"pa_acea-acea-c2","10":"pa_application-pkw","11":"pa_specifications-psa-b71-2290","12":"pa_viscosity-sae-5w-30","14":"first","15":"onbackorder","16":"shipping-taxable","17":"purchasable","18":"product-type-variable"},"_links":{"self":[{"href":"https:\/\/taktol.de\/de\/wp-json\/wp\/v2\/product\/21561","targetHints":{"allow":["GET"]}}],"collection":[{"href":"https:\/\/taktol.de\/de\/wp-json\/wp\/v2\/product"}],"about":[{"href":"https:\/\/taktol.de\/de\/wp-json\/wp\/v2\/types\/product"}],"version-history":[{"count":2,"href":"https:\/\/taktol.de\/de\/wp-json\/wp\/v2\/product\/21561\/revisions"}],"predecessor-version":[{"id":21626,"href":"https:\/\/taktol.de\/de\/wp-json\/wp\/v2\/product\/21561\/revisions\/21626"}],"wp:featuredmedia":[{"embeddable":true,"href":"https:\/\/taktol.de\/de\/wp-json\/wp\/v2\/media\/21602"}],"wp:attachment":[{"href":"https:\/\/taktol.de\/de\/wp-json\/wp\/v2\/media?parent=21561"}],"wp:term":[{"taxonomy":"product_brand","embeddable":true,"href":"https:\/\/taktol.de\/de\/wp-json\/wp\/v2\/product_brand?post=21561"},{"taxonomy":"product_cat","embeddable":true,"href":"https:\/\/taktol.de\/de\/wp-json\/wp\/v2\/product_cat?post=21561"},{"taxonomy":"product_tag","embeddable":true,"href":"https:\/\/taktol.de\/de\/wp-json\/wp\/v2\/product_tag?post=21561"}],"curies":[{"name":"wp","href":"https:\/\/api.w.org\/{rel}","templated":true}]}}