{"id":21521,"date":"2025-03-11T16:42:38","date_gmt":"2025-03-11T16:42:38","guid":{"rendered":"https:\/\/taktol.de\/?post_type=product&#038;p=21521"},"modified":"2025-03-12T14:17:05","modified_gmt":"2025-03-12T14:17:05","slug":"taktol-ultra-psf-synth-0w-30","status":"publish","type":"product","link":"https:\/\/taktol.de\/de\/product\/taktol-ultra-psf-synth-0w-30\/","title":{"rendered":"Taktol Ultra PSF-Synth 0W-30"},"content":{"rendered":"<p><strong>Taktol Ultra PSF-Synth 0W-30<\/strong> ist ein synthetisches Low SAPS Leichtlauf-Motoren\u00f6l, das f\u00fcr den Einsatz in Benzin- und Dieselfahrzeugen entwickelt wurde. Taktol Ultra PSF-Synth 0W-30 bietet messbare Kraftstoffeinsparungen und eine Reduzierung der Emissionen durch eine reduzierte HTHS-Viskosit\u00e4t, die speziell f\u00fcr Dieselmotoren mit Partikelfilter entwickelt wurde. Es eignet sich f\u00fcr Benzin- und Dieselmotoren in Pkw und Transportern mit und ohne Turbolader. Es wird f\u00fcr Motoren der neuesten Generation verwendet, die die Anforderungen der Normen Euro 4, 5 oder 6 erf\u00fcllen, f\u00fcr die die Verwendung von Energiesparmotoren\u00f6l der Norm ACEA C1\/C2 vorgeschrieben ist.<\/p>\n","protected":false},"excerpt":{"rendered":"<p>Taktol Ultra PSF-Synth 0W-30 ist ein synthetisches Low SAPS Leichtlauf-Motoren\u00f6l, das f\u00fcr den Einsatz in Benzin- und Dieselfahrzeugen entwickelt wurde.<\/p>\n","protected":false},"featured_media":21602,"template":"","meta":[],"product_brand":[],"product_cat":[420,432],"product_tag":[],"class_list":{"0":"post-21521","1":"product","2":"type-product","3":"status-publish","4":"has-post-thumbnail","6":"product_cat-motorenol","7":"product_cat-ultra-linie","8":"pa_acea-acea-c1","9":"pa_acea-acea-c2","10":"pa_application-pkw","11":"pa_ilsac-jaso-dl-1","12":"pa_specifications-fiat-9-55535-ds1","13":"pa_specifications-fiat-9-55535-gs1","14":"pa_specifications-jlr-stjlr-03-5007","15":"pa_specifications-psa-b71-2312","16":"pa_viscosity-sae-0w-30","18":"first","19":"onbackorder","20":"shipping-taxable","21":"purchasable","22":"product-type-variable"},"_links":{"self":[{"href":"https:\/\/taktol.de\/de\/wp-json\/wp\/v2\/product\/21521","targetHints":{"allow":["GET"]}}],"collection":[{"href":"https:\/\/taktol.de\/de\/wp-json\/wp\/v2\/product"}],"about":[{"href":"https:\/\/taktol.de\/de\/wp-json\/wp\/v2\/types\/product"}],"version-history":[{"count":2,"href":"https:\/\/taktol.de\/de\/wp-json\/wp\/v2\/product\/21521\/revisions"}],"predecessor-version":[{"id":21617,"href":"https:\/\/taktol.de\/de\/wp-json\/wp\/v2\/product\/21521\/revisions\/21617"}],"wp:featuredmedia":[{"embeddable":true,"href":"https:\/\/taktol.de\/de\/wp-json\/wp\/v2\/media\/21602"}],"wp:attachment":[{"href":"https:\/\/taktol.de\/de\/wp-json\/wp\/v2\/media?parent=21521"}],"wp:term":[{"taxonomy":"product_brand","embeddable":true,"href":"https:\/\/taktol.de\/de\/wp-json\/wp\/v2\/product_brand?post=21521"},{"taxonomy":"product_cat","embeddable":true,"href":"https:\/\/taktol.de\/de\/wp-json\/wp\/v2\/product_cat?post=21521"},{"taxonomy":"product_tag","embeddable":true,"href":"https:\/\/taktol.de\/de\/wp-json\/wp\/v2\/product_tag?post=21521"}],"curies":[{"name":"wp","href":"https:\/\/api.w.org\/{rel}","templated":true}]}}