{"id":21424,"date":"2025-03-11T10:38:34","date_gmt":"2025-03-11T10:38:34","guid":{"rendered":"https:\/\/taktol.de\/?post_type=product&#038;p=21424"},"modified":"2025-03-11T16:22:56","modified_gmt":"2025-03-11T16:22:56","slug":"taktol-expert-lsr-5w-30","status":"publish","type":"product","link":"https:\/\/taktol.de\/de\/product\/taktol-expert-lsr-5w-30\/","title":{"rendered":"Taktol Expert LSR 5W-30"},"content":{"rendered":"<p><strong>Taktol Expert LSR 5W-30 <\/strong>ist eine Spitzenqualit\u00e4t speziell f\u00fcr den Einsatz in den neuesten Pkw-Dieselmotoren mit Dieselpartikelfilter (DPF), f\u00fcr die die Renault- und Nissan-Spezifikation RN 0720 und die Mercedes-Benz-Spezifikation MB 226.51 erforderlich ist. Taktol Expert LSR 5W-30 kann in allen Fahrzeugen mit der Motor\u00f6lspezifikation ACEA C4 verwendet werden.<\/p>\n","protected":false},"excerpt":{"rendered":"<p>Taktol Expert LSR 5W-30 ist eine Spitzenqualit\u00e4t speziell f\u00fcr den Einsatz in den neuesten Pkw-Dieselmotoren mit Dieselpartikelfilter (DPF), f\u00fcr die<\/p>\n","protected":false},"featured_media":21602,"template":"","meta":[],"product_brand":[],"product_cat":[423,420],"product_tag":[],"class_list":{"0":"post-21424","1":"product","2":"type-product","3":"status-publish","4":"has-post-thumbnail","6":"product_cat-expert-linie","7":"product_cat-motorenol","8":"pa_acea-acea-c4","9":"pa_application-pkw","10":"pa_specifications-fiat-9-55535-s4","11":"pa_specifications-mb-226-51","12":"pa_specifications-renault-rn0720","13":"pa_viscosity-sae-5w-30","15":"first","16":"onbackorder","17":"shipping-taxable","18":"purchasable","19":"product-type-variable"},"_links":{"self":[{"href":"https:\/\/taktol.de\/de\/wp-json\/wp\/v2\/product\/21424","targetHints":{"allow":["GET"]}}],"collection":[{"href":"https:\/\/taktol.de\/de\/wp-json\/wp\/v2\/product"}],"about":[{"href":"https:\/\/taktol.de\/de\/wp-json\/wp\/v2\/types\/product"}],"version-history":[{"count":3,"href":"https:\/\/taktol.de\/de\/wp-json\/wp\/v2\/product\/21424\/revisions"}],"predecessor-version":[{"id":21497,"href":"https:\/\/taktol.de\/de\/wp-json\/wp\/v2\/product\/21424\/revisions\/21497"}],"wp:featuredmedia":[{"embeddable":true,"href":"https:\/\/taktol.de\/de\/wp-json\/wp\/v2\/media\/21602"}],"wp:attachment":[{"href":"https:\/\/taktol.de\/de\/wp-json\/wp\/v2\/media?parent=21424"}],"wp:term":[{"taxonomy":"product_brand","embeddable":true,"href":"https:\/\/taktol.de\/de\/wp-json\/wp\/v2\/product_brand?post=21424"},{"taxonomy":"product_cat","embeddable":true,"href":"https:\/\/taktol.de\/de\/wp-json\/wp\/v2\/product_cat?post=21424"},{"taxonomy":"product_tag","embeddable":true,"href":"https:\/\/taktol.de\/de\/wp-json\/wp\/v2\/product_tag?post=21424"}],"curies":[{"name":"wp","href":"https:\/\/api.w.org\/{rel}","templated":true}]}}