{"id":19810,"date":"2021-08-27T11:34:33","date_gmt":"2021-08-27T11:34:33","guid":{"rendered":"https:\/\/taktol.de\/product\/taktol-atf-m-9g\/"},"modified":"2025-03-04T16:59:11","modified_gmt":"2025-03-04T16:59:11","slug":"taktol-atf-m-9g","status":"publish","type":"product","link":"https:\/\/taktol.de\/de\/product\/taktol-atf-m-9g\/","title":{"rendered":"Taktol ATF M-9G"},"content":{"rendered":"\t\t<div data-elementor-type=\"wp-post\" data-elementor-id=\"19810\" class=\"elementor elementor-19810 elementor-323\">\n\t\t\t\t<div class=\"wd-negative-gap elementor-element elementor-element-dc525ed e-flex e-con-boxed e-con e-parent\" data-id=\"dc525ed\" data-element_type=\"container\" data-e-type=\"container\">\n\t\t\t\t\t<div class=\"e-con-inner\">\n\t\t<div class=\"elementor-element elementor-element-01b3617 e-con-full e-flex e-con e-child\" data-id=\"01b3617\" data-element_type=\"container\" data-e-type=\"container\">\n\t\t\t\t<div class=\"elementor-element elementor-element-090be9a elementor-widget elementor-widget-wd_text_block\" data-id=\"090be9a\" data-element_type=\"widget\" data-e-type=\"widget\" data-widget_type=\"wd_text_block.default\">\n\t\t\t\t<div class=\"elementor-widget-container\">\n\t\t\t\t\t\t\t<div class=\"wd-text-block reset-last-child text-left\">\n\t\t\t\n\t\t\t<p style=\"text-align: left;\"><strong>Taktol ATF M-9G<\/strong> ist ein sehr hochwertiges, extrem d\u00fcnnfl\u00fcssiges Automatikgetriebe\u00f6l auf Basis speziell ausgew\u00e4hlter synthetischer Grund\u00f6le und einer Reihe von ausgew\u00e4hlten Additiven. Speziell formuliert f\u00fcr die Schmierung bestimmter Mercedes-Benz Automatikgetriebe mit 9 G\u00e4ngen, f\u00fcr die ein \u00d6l mit der Spezifikation MB 236.17 vorgeschrieben ist. Taktol ATF M-9G kann auch in Aggregaten mit der Spezifikation MB 236.16 (A 001 989 92 03) verwendet werden, da diese durch die neue Spezifikation MB 236.17 ersetzt wurden.<\/p>\n\t\t\t\t\t<\/div>\n\t\t\t\t\t\t<\/div>\n\t\t\t\t<\/div>\n\t\t\t\t<\/div>\n\t\t<div class=\"elementor-element elementor-element-5b9142a e-con-full e-flex e-con e-child\" data-id=\"5b9142a\" data-element_type=\"container\" data-e-type=\"container\">\n\t\t\t\t<div class=\"elementor-element elementor-element-925f8ae elementor-widget elementor-widget-wd_infobox\" data-id=\"925f8ae\" data-element_type=\"widget\" data-e-type=\"widget\" data-widget_type=\"wd_infobox.default\">\n\t\t\t\t<div class=\"elementor-widget-container\">\n\t\t\t\t\t\t\t<div class=\"info-box-wrapper\">\n\t\t\t<div class=\"wd-info-box text-center box-icon-align-top box-style-base color-scheme-\">\n\t\t\t\t\n\t\t\t\t<div class=\"info-box-content\">\n\t\t\t\t\t\n\t\t\t\t\t\n\t\t\t\t\t<div class=\"info-box-inner reset-last-child\"data-elementor-setting-key=\"content\"><p style=\"text-align: left;\"><strong>Leistungsniveau: <\/strong><\/p>\n<p style=\"text-align: left;\"><strong>MB 236.17<\/strong> (9G-Tronic Automatikgetriebe der Baureihe W9A 700 NAG3 (Neues Automatikgetriebe der 3. Generation) vom Typ 725.011).<\/p>\n<\/div>\n\n\t\t\t\t\t\t\t\t\t<\/div>\n\n\t\t\t\t\t\t\t\t\t<a href=\"#\" class=\"wd-info-box-link wd-fill\" aria-label=\"Infobox link\"><\/a>\n\t\t\t\t\t\t\t<\/div>\n\t\t<\/div>\n\t\t\t\t\t\t<\/div>\n\t\t\t\t<\/div>\n\t\t\t\t<\/div>\n\t\t\t\t\t<\/div>\n\t\t\t\t<\/div>\n\t\t\t\t<\/div>\n\t\t","protected":false},"excerpt":{"rendered":"<p>Synthetisches Premium-Produkt, das speziell f\u00fcr die Schmierung von bestimmten Mercedes-Benz Automatikgetrieben mit 9 G\u00e4ngen entwickelt wurde. Dieses kraftstoffsparende \u00d6l kann in Automatikgetrieben verwendet werden, in denen ein \u00d6l mit der Spezifikation MB 236.17 vorgeschrieben ist.<\/p>\n","protected":false},"featured_media":17819,"template":"","meta":[],"product_brand":[],"product_cat":[401],"product_tag":[],"class_list":{"0":"post-19810","1":"product","2":"type-product","3":"status-publish","4":"has-post-thumbnail","6":"product_cat-atf-dsg-dct-cvt-de","7":"pa_application-automatikgetriebe","8":"pa_application-pkw","9":"pa_atf-fluid-specifications-mb-236-17","11":"first","12":"onbackorder","13":"shipping-taxable","14":"purchasable","15":"product-type-variable"},"_links":{"self":[{"href":"https:\/\/taktol.de\/de\/wp-json\/wp\/v2\/product\/19810","targetHints":{"allow":["GET"]}}],"collection":[{"href":"https:\/\/taktol.de\/de\/wp-json\/wp\/v2\/product"}],"about":[{"href":"https:\/\/taktol.de\/de\/wp-json\/wp\/v2\/types\/product"}],"version-history":[{"count":1,"href":"https:\/\/taktol.de\/de\/wp-json\/wp\/v2\/product\/19810\/revisions"}],"predecessor-version":[{"id":21401,"href":"https:\/\/taktol.de\/de\/wp-json\/wp\/v2\/product\/19810\/revisions\/21401"}],"wp:featuredmedia":[{"embeddable":true,"href":"https:\/\/taktol.de\/de\/wp-json\/wp\/v2\/media\/17819"}],"wp:attachment":[{"href":"https:\/\/taktol.de\/de\/wp-json\/wp\/v2\/media?parent=19810"}],"wp:term":[{"taxonomy":"product_brand","embeddable":true,"href":"https:\/\/taktol.de\/de\/wp-json\/wp\/v2\/product_brand?post=19810"},{"taxonomy":"product_cat","embeddable":true,"href":"https:\/\/taktol.de\/de\/wp-json\/wp\/v2\/product_cat?post=19810"},{"taxonomy":"product_tag","embeddable":true,"href":"https:\/\/taktol.de\/de\/wp-json\/wp\/v2\/product_tag?post=19810"}],"curies":[{"name":"wp","href":"https:\/\/api.w.org\/{rel}","templated":true}]}}