{"id":19777,"date":"2021-08-27T11:42:20","date_gmt":"2021-08-27T11:42:20","guid":{"rendered":"https:\/\/taktol.de\/product\/taktol-konzentrat-nf-11\/"},"modified":"2026-03-30T01:36:26","modified_gmt":"2026-03-30T01:36:26","slug":"taktol-konzentrat-nf-11","status":"publish","type":"product","link":"https:\/\/taktol.de\/de\/product\/taktol-konzentrat-nf-11\/","title":{"rendered":"Taktol Konzentrat NF 11"},"content":{"rendered":"\t\t<div data-elementor-type=\"wp-post\" data-elementor-id=\"19777\" class=\"elementor elementor-19777 elementor-334\">\n\t\t\t\t<div class=\"wd-negative-gap elementor-element elementor-element-0fa4943 e-flex e-con-boxed e-con e-parent\" data-id=\"0fa4943\" data-element_type=\"container\" data-e-type=\"container\">\n\t\t\t\t\t<div class=\"e-con-inner\">\n\t\t<div class=\"elementor-element elementor-element-ed806e4 e-con-full e-flex e-con e-child\" data-id=\"ed806e4\" data-element_type=\"container\" data-e-type=\"container\">\n\t\t\t\t<div class=\"elementor-element elementor-element-5dc0307 elementor-widget elementor-widget-wd_text_block\" data-id=\"5dc0307\" data-element_type=\"widget\" data-e-type=\"widget\" data-widget_type=\"wd_text_block.default\">\n\t\t\t\t<div class=\"elementor-widget-container\">\n\t\t\t\t\t\t\t<div class=\"wd-text-block reset-last-child text-left\">\n\t\t\t\n\t\t\t<p style=\"text-align: left;\"><strong>Taktol Konzentrat NF11<\/strong> is a concentrated Monoethylene Glycol based coolant, in combination with the hybrid additive package (HOAT-Si), intended for the protection of cooling systems of motor vehicles which must be diluted with water before use, is suitable for use in open and closed cooling systems.<\/p><p><strong>Taktol Konzentrat NF11 <\/strong>does not contain nitrites, amines, phosphates. It meets the highest requirements in terms of corrosion protection in thermally highly loaded engines made of steel and aluminium. It provides improved protection against corrosion of all metal parts, especially aluminium part and it is compatible with elastomers. Special additive package provably provides extended coolant drain interval of at least 3 years.   <\/p>\n\t\t\t\t\t<\/div>\n\t\t\t\t\t\t<\/div>\n\t\t\t\t<\/div>\n\t\t\t\t<\/div>\n\t\t<div class=\"elementor-element elementor-element-1633dde e-con-full e-flex e-con e-child\" data-id=\"1633dde\" data-element_type=\"container\" data-e-type=\"container\">\n\t\t\t\t<div class=\"elementor-element elementor-element-e8a8f52 elementor-widget elementor-widget-wd_text_block\" data-id=\"e8a8f52\" data-element_type=\"widget\" data-e-type=\"widget\" data-widget_type=\"wd_text_block.default\">\n\t\t\t\t<div class=\"elementor-widget-container\">\n\t\t\t\t\t\t\t<div class=\"wd-text-block reset-last-child text-left\">\n\t\t\t\n\t\t\t<p>Taktol Konzentrat NF11 is recommended when compliance with the following filling regulations is required:<\/p><p>BMW N 600 69.0; Chrysler MS 9176; DTFR 29C100<br>Ford ESD M97 B49-A; FORD WSS-M97B44-C<br>GM 1940656; GM 90297545; GM QL 130100; GM US 6277 M<br>MAN 324 NF; MB 325.2; Mercedes DBL 7700; MB 325.0<br>VW TL 774-C<\/p><p>ASTM D3306 | CUNA NC 956-16 | GLYSANTIN G48 | Paraflu 11<\/p>\n\t\t\t\t\t<\/div>\n\t\t\t\t\t\t<\/div>\n\t\t\t\t<\/div>\n\t\t\t\t<\/div>\n\t\t\t\t\t<\/div>\n\t\t\t\t<\/div>\n\t\t\t\t<\/div>\n\t\t","protected":false},"excerpt":{"rendered":"<p>Dieses leistungsstarke Qualit\u00e4ts-K\u00fchlerfrostschutzkonzentrat funktioniert auf Monoethylenglykolbasis. Es wurde speziell f\u00fcr Aluminium- und Gusseisenmotoren in Pkw und Nutzfahrzeugen formuliert, um eine optimale Leistung zu gew\u00e4hrleisten; es ist frei von Nitriten, Aminen und Phosphaten.<\/p>\n","protected":false},"featured_media":17693,"template":"","meta":[],"product_brand":[],"product_cat":[405],"product_tag":[],"class_list":{"0":"post-19777","1":"product","2":"type-product","3":"status-publish","4":"has-post-thumbnail","6":"product_cat-frostschutzmittel","7":"pa_application-lkw-bus","8":"pa_application-pkw","9":"pa_fluid-specifications-bmw-n-600-69-0","10":"pa_fluid-specifications-chrysler-ms-9176","11":"pa_fluid-specifications-coolant-g11","12":"pa_fluid-specifications-dtfr-29c100","13":"pa_fluid-specifications-ford-esd-m97-b49-a","14":"pa_fluid-specifications-ford-wss-m97b44-c","15":"pa_fluid-specifications-gm-1940656","16":"pa_fluid-specifications-gm-90297545","17":"pa_fluid-specifications-gm-ql-130100","18":"pa_fluid-specifications-gm-us-6277-m","19":"pa_fluid-specifications-man-324-nf","20":"pa_fluid-specifications-mb-325-0","21":"pa_fluid-specifications-mb-325-2","22":"pa_fluid-specifications-mercedes-dbl-7700","23":"pa_fluid-specifications-vw-tl-774-c","25":"first","26":"onbackorder","27":"shipping-taxable","28":"purchasable","29":"product-type-variable"},"_links":{"self":[{"href":"https:\/\/taktol.de\/de\/wp-json\/wp\/v2\/product\/19777","targetHints":{"allow":["GET"]}}],"collection":[{"href":"https:\/\/taktol.de\/de\/wp-json\/wp\/v2\/product"}],"about":[{"href":"https:\/\/taktol.de\/de\/wp-json\/wp\/v2\/types\/product"}],"version-history":[{"count":2,"href":"https:\/\/taktol.de\/de\/wp-json\/wp\/v2\/product\/19777\/revisions"}],"predecessor-version":[{"id":22015,"href":"https:\/\/taktol.de\/de\/wp-json\/wp\/v2\/product\/19777\/revisions\/22015"}],"wp:featuredmedia":[{"embeddable":true,"href":"https:\/\/taktol.de\/de\/wp-json\/wp\/v2\/media\/17693"}],"wp:attachment":[{"href":"https:\/\/taktol.de\/de\/wp-json\/wp\/v2\/media?parent=19777"}],"wp:term":[{"taxonomy":"product_brand","embeddable":true,"href":"https:\/\/taktol.de\/de\/wp-json\/wp\/v2\/product_brand?post=19777"},{"taxonomy":"product_cat","embeddable":true,"href":"https:\/\/taktol.de\/de\/wp-json\/wp\/v2\/product_cat?post=19777"},{"taxonomy":"product_tag","embeddable":true,"href":"https:\/\/taktol.de\/de\/wp-json\/wp\/v2\/product_tag?post=19777"}],"curies":[{"name":"wp","href":"https:\/\/api.w.org\/{rel}","templated":true}]}}