{"id":19744,"date":"2021-08-27T11:48:12","date_gmt":"2021-08-27T11:48:12","guid":{"rendered":"https:\/\/taktol.de\/product\/taktol-praktik-ll-iii-5w-30\/"},"modified":"2025-03-04T16:52:56","modified_gmt":"2025-03-04T16:52:56","slug":"taktol-praktik-ll-iii-5w-30","status":"publish","type":"product","link":"https:\/\/taktol.de\/de\/product\/taktol-praktik-ll-iii-5w-30\/","title":{"rendered":"Taktol Praktik LL-III 5W-30"},"content":{"rendered":"\t\t<div data-elementor-type=\"wp-post\" data-elementor-id=\"19744\" class=\"elementor elementor-19744 elementor-344\">\n\t\t\t\t<div class=\"wd-negative-gap elementor-element elementor-element-bd86b42 e-flex e-con-boxed e-con e-parent\" data-id=\"bd86b42\" data-element_type=\"container\" data-e-type=\"container\">\n\t\t\t\t\t<div class=\"e-con-inner\">\n\t\t<div class=\"elementor-element elementor-element-a7c9d46 e-con-full e-flex e-con e-child\" data-id=\"a7c9d46\" data-element_type=\"container\" data-e-type=\"container\">\n\t\t\t\t<div class=\"elementor-element elementor-element-ba12006 elementor-widget elementor-widget-wd_text_block\" data-id=\"ba12006\" data-element_type=\"widget\" data-e-type=\"widget\" data-widget_type=\"wd_text_block.default\">\n\t\t\t\t<div class=\"elementor-widget-container\">\n\t\t\t\t\t\t\t<div class=\"wd-text-block reset-last-child text-left\">\n\t\t\t\n\t\t\t<p><strong>Taktol Praktik LL-III 5W-30<\/strong> ist ein synthetisches Leichtlauf-Motoren\u00f6l f\u00fcr moderne Benzin- und Diesel-PKW-Motoren mit und ohne Turboaufladung und Direkteinspritzung. Taktol Praktik LL-III zeichnet sich durch eine Minimierung des Kraftstoffverbrauchs, eine hervorragende \u00d6lversorgung beim Kaltstart aus und gew\u00e4hrleistet einen hohen Verschlei\u00df- und Korrosionsschutz. Verl\u00e4ngerte \u00d6lwechselintervalle nach Herstellervorschrift.<\/p>\n\t\t\t\t\t<\/div>\n\t\t\t\t\t\t<\/div>\n\t\t\t\t<\/div>\n\t\t\t\t<\/div>\n\t\t<div class=\"elementor-element elementor-element-5a85928 e-con-full e-flex e-con e-child\" data-id=\"5a85928\" data-element_type=\"container\" data-e-type=\"container\">\n\t\t\t\t<div class=\"elementor-element elementor-element-ade7422 elementor-widget elementor-widget-wd_text_block\" data-id=\"ade7422\" data-element_type=\"widget\" data-e-type=\"widget\" data-widget_type=\"wd_text_block.default\">\n\t\t\t\t<div class=\"elementor-widget-container\">\n\t\t\t\t\t\t\t<div class=\"wd-text-block reset-last-child text-left\">\n\t\t\t\n\t\t\t<div><strong>Leistungsniveau:<\/strong><\/div><div class=\"product__text\">BMW Longlife-04<\/div><div class=\"product__text\">Fiat 9.55535-S3<\/div><div class=\"product__text\">MB 229.31, MB 229.51<\/div><div class=\"product__text\">Porsche C30, VW 504 00\/507 00<\/div>\n\t\t\t\t\t<\/div>\n\t\t\t\t\t\t<\/div>\n\t\t\t\t<\/div>\n\t\t\t\t<\/div>\n\t\t\t\t\t<\/div>\n\t\t\t\t<\/div>\n\t\t\t\t<\/div>\n\t\t","protected":false},"excerpt":{"rendered":"<p>Dieses universelle, kraftstoffsparende, speziell zusammengesetzte Motoren\u00f6l f\u00fcr verl\u00e4ngerte \u00d6lwechselintervalle, erf\u00fcllt auch die Anforderungen der VW 504.00\/507.00, in der Praxis auch VW Longlife III genannt.<\/p>\n","protected":false},"featured_media":17669,"template":"","meta":[],"product_brand":[],"product_cat":[420,426],"product_tag":[498],"class_list":{"0":"post-19744","1":"product","2":"type-product","3":"status-publish","4":"has-post-thumbnail","6":"product_cat-motorenol","7":"product_cat-praktik-linie","8":"product_tag-audi-de","9":"pa_acea-acea-c3","10":"pa_api-api-sn","11":"pa_application-pkw","12":"pa_specifications-bmw-longlife-04","13":"pa_specifications-fiat-9-55535-s3","14":"pa_specifications-mb-229-31","15":"pa_specifications-mb-229-51","16":"pa_specifications-porsche-c30","17":"pa_specifications-vw-504-00-507-00","18":"pa_viscosity-sae-5w-30","20":"first","21":"onbackorder","22":"shipping-taxable","23":"purchasable","24":"product-type-variable"},"_links":{"self":[{"href":"https:\/\/taktol.de\/de\/wp-json\/wp\/v2\/product\/19744","targetHints":{"allow":["GET"]}}],"collection":[{"href":"https:\/\/taktol.de\/de\/wp-json\/wp\/v2\/product"}],"about":[{"href":"https:\/\/taktol.de\/de\/wp-json\/wp\/v2\/types\/product"}],"version-history":[{"count":1,"href":"https:\/\/taktol.de\/de\/wp-json\/wp\/v2\/product\/19744\/revisions"}],"predecessor-version":[{"id":21392,"href":"https:\/\/taktol.de\/de\/wp-json\/wp\/v2\/product\/19744\/revisions\/21392"}],"wp:featuredmedia":[{"embeddable":true,"href":"https:\/\/taktol.de\/de\/wp-json\/wp\/v2\/media\/17669"}],"wp:attachment":[{"href":"https:\/\/taktol.de\/de\/wp-json\/wp\/v2\/media?parent=19744"}],"wp:term":[{"taxonomy":"product_brand","embeddable":true,"href":"https:\/\/taktol.de\/de\/wp-json\/wp\/v2\/product_brand?post=19744"},{"taxonomy":"product_cat","embeddable":true,"href":"https:\/\/taktol.de\/de\/wp-json\/wp\/v2\/product_cat?post=19744"},{"taxonomy":"product_tag","embeddable":true,"href":"https:\/\/taktol.de\/de\/wp-json\/wp\/v2\/product_tag?post=19744"}],"curies":[{"name":"wp","href":"https:\/\/api.w.org\/{rel}","templated":true}]}}