{"id":19716,"date":"2021-08-27T11:59:19","date_gmt":"2021-08-27T11:59:19","guid":{"rendered":"https:\/\/taktol.de\/product\/taktol-mt-synth-75w-90\/"},"modified":"2025-03-04T16:49:45","modified_gmt":"2025-03-04T16:49:45","slug":"taktol-mt-synth-75w-90","status":"publish","type":"product","link":"https:\/\/taktol.de\/de\/product\/taktol-mt-synth-75w-90\/","title":{"rendered":"Taktol MT-Synth 75W-90"},"content":{"rendered":"\t\t<div data-elementor-type=\"wp-post\" data-elementor-id=\"19716\" class=\"elementor elementor-19716 elementor-372\">\n\t\t\t\t<div class=\"wd-negative-gap elementor-element elementor-element-f2b3996 e-flex e-con-boxed e-con e-parent\" data-id=\"f2b3996\" data-element_type=\"container\" data-e-type=\"container\">\n\t\t\t\t\t<div class=\"e-con-inner\">\n\t\t<div class=\"elementor-element elementor-element-7009ecd e-con-full e-flex e-con e-child\" data-id=\"7009ecd\" data-element_type=\"container\" data-e-type=\"container\">\n\t\t\t\t<div class=\"elementor-element elementor-element-9ebefcb elementor-widget elementor-widget-wd_text_block\" data-id=\"9ebefcb\" data-element_type=\"widget\" data-e-type=\"widget\" data-widget_type=\"wd_text_block.default\">\n\t\t\t\t<div class=\"elementor-widget-container\">\n\t\t\t\t\t\t\t<div class=\"wd-text-block reset-last-child text-left\">\n\t\t\t\n\t\t\t<p><strong>Taktol MT-Synth 75W-90<\/strong> - Hochleistungs-Getriebe\u00f6l f\u00fcr den Einsatz in hypoidverzahnten Getrieben mit h\u00f6chster Beanspruchung (Achsantriebe, Schaltgetriebe usw.), wo Hochdruck-Getriebe\u00f6le erforderlich sind.<br \/><strong>Taktol MT-Synth 75W-90<\/strong> ist ein synthetisches Technologie-Getriebe\u00f6l speziell f\u00fcr h\u00f6chstbelastete Hypoidverzahnungsgetriebe auf der Basis hochwertiger synthetischer Grund\u00f6le und speziell abgestimmter Additive mit Hochdruck-Wirkstoffen (EP) und weiteren Zus\u00e4tzen. <\/p>\n\t\t\t\t\t<\/div>\n\t\t\t\t\t\t<\/div>\n\t\t\t\t<\/div>\n\t\t\t\t<\/div>\n\t\t<div class=\"elementor-element elementor-element-be29747 e-con-full e-flex e-con e-child\" data-id=\"be29747\" data-element_type=\"container\" data-e-type=\"container\">\n\t\t\t\t<div class=\"elementor-element elementor-element-2f71301 elementor-widget elementor-widget-wd_text_block\" data-id=\"2f71301\" data-element_type=\"widget\" data-e-type=\"widget\" data-widget_type=\"wd_text_block.default\">\n\t\t\t\t<div class=\"elementor-widget-container\">\n\t\t\t\t\t\t\t<div class=\"wd-text-block reset-last-child text-left\">\n\t\t\t\n\t\t\t<p><strong>Leistungsniveau:<\/strong><\/p><p>DTFR 13B110 (MB 235.11)<br \/>Ford ESD-M2C175<br \/>GM Opel B 040 104 3<br \/>VW 501 50<\/p>\n\t\t\t\t\t<\/div>\n\t\t\t\t\t\t<\/div>\n\t\t\t\t<\/div>\n\t\t\t\t<\/div>\n\t\t\t\t\t<\/div>\n\t\t\t\t<\/div>\n\t\t\t\t<\/div>\n\t\t","protected":false},"excerpt":{"rendered":"<p>Hochleistungs-Getriebe\u00f6l f\u00fcr den Einsatz in h\u00f6chstbelasteten hypoidverzahnten Getrieben (Achsantriebe, Schaltgetriebe, etc.), wo Hochdruck-Getriebe\u00f6le erforderlich sind.<\/p>\n","protected":false},"featured_media":17780,"template":"","meta":[],"product_brand":[],"product_cat":[439],"product_tag":[],"class_list":{"0":"post-19716","1":"product","2":"type-product","3":"status-publish","4":"has-post-thumbnail","6":"product_cat-getriebeol","7":"pa_api-api-gl-4","8":"pa_application-schaltgetriebe","9":"pa_gear-oil-specifications-dtfr-13b110","10":"pa_gear-oil-specifications-ford-esd-m2c175","11":"pa_gear-oil-specifications-gm-opel-b-040-104-3","12":"pa_gear-oil-specifications-mb-235-11","13":"pa_gear-oil-specifications-vw-501-50","14":"pa_viscosity-sae-75w-90","16":"first","17":"onbackorder","18":"shipping-taxable","19":"purchasable","20":"product-type-variable"},"_links":{"self":[{"href":"https:\/\/taktol.de\/de\/wp-json\/wp\/v2\/product\/19716","targetHints":{"allow":["GET"]}}],"collection":[{"href":"https:\/\/taktol.de\/de\/wp-json\/wp\/v2\/product"}],"about":[{"href":"https:\/\/taktol.de\/de\/wp-json\/wp\/v2\/types\/product"}],"version-history":[{"count":1,"href":"https:\/\/taktol.de\/de\/wp-json\/wp\/v2\/product\/19716\/revisions"}],"predecessor-version":[{"id":21389,"href":"https:\/\/taktol.de\/de\/wp-json\/wp\/v2\/product\/19716\/revisions\/21389"}],"wp:featuredmedia":[{"embeddable":true,"href":"https:\/\/taktol.de\/de\/wp-json\/wp\/v2\/media\/17780"}],"wp:attachment":[{"href":"https:\/\/taktol.de\/de\/wp-json\/wp\/v2\/media?parent=19716"}],"wp:term":[{"taxonomy":"product_brand","embeddable":true,"href":"https:\/\/taktol.de\/de\/wp-json\/wp\/v2\/product_brand?post=19716"},{"taxonomy":"product_cat","embeddable":true,"href":"https:\/\/taktol.de\/de\/wp-json\/wp\/v2\/product_cat?post=19716"},{"taxonomy":"product_tag","embeddable":true,"href":"https:\/\/taktol.de\/de\/wp-json\/wp\/v2\/product_tag?post=19716"}],"curies":[{"name":"wp","href":"https:\/\/api.w.org\/{rel}","templated":true}]}}