{"id":19648,"date":"2021-08-27T12:11:46","date_gmt":"2021-08-27T12:11:46","guid":{"rendered":"https:\/\/taktol.de\/product\/taktol-expert-longlife-iii-5w-30\/"},"modified":"2025-03-04T16:41:12","modified_gmt":"2025-03-04T16:41:12","slug":"taktol-expert-longlife-iii-5w-30","status":"publish","type":"product","link":"https:\/\/taktol.de\/de\/product\/taktol-expert-longlife-iii-5w-30\/","title":{"rendered":"Taktol Expert Longlife-III 5W-30"},"content":{"rendered":"\t\t<div data-elementor-type=\"wp-post\" data-elementor-id=\"19648\" class=\"elementor elementor-19648 elementor-395\">\n\t\t\t\t<div class=\"wd-negative-gap elementor-element elementor-element-938ec4e e-flex e-con-boxed e-con e-parent\" data-id=\"938ec4e\" data-element_type=\"container\" data-e-type=\"container\">\n\t\t\t\t\t<div class=\"e-con-inner\">\n\t\t<div class=\"elementor-element elementor-element-b662b42 e-con-full e-flex e-con e-child\" data-id=\"b662b42\" data-element_type=\"container\" data-e-type=\"container\">\n\t\t\t\t<div class=\"elementor-element elementor-element-827e81f elementor-widget elementor-widget-wd_text_block\" data-id=\"827e81f\" data-element_type=\"widget\" data-e-type=\"widget\" data-widget_type=\"wd_text_block.default\">\n\t\t\t\t<div class=\"elementor-widget-container\">\n\t\t\t\t\t\t\t<div class=\"wd-text-block reset-last-child text-left\">\n\t\t\t\n\t\t\t<p><strong>Taktol Expert Longlife-III 5W-30: <\/strong><\/p><p>Das kraftstoffsparende synthetische Motoren\u00f6l ist f\u00fcr den Einsatz in Benzin- und Dieselmotoren mit oder ohne Turboaufladung geeignet. Dar\u00fcber hinaus ist dieses \u00d6l auch f\u00fcr VW-Motoren mit Wartungsintervall-Verl\u00e4ngerung (WIV) entwickelt und ist somit f\u00fcr \u00d6lwechselintervalle bis zu 50.000 km bzw. 2 Jahren geeignet.Taktol Expert Longlife-III 5W-30 kann nahezu in fast allen Longlife-VW-Motoren eingesetzt werden und ist r\u00fcckw\u00e4rts kompatibel. Die entsprechenden Betriebsstoffvorschriften der Hersteller sind zu beachten.<\/p>\n\t\t\t\t\t<\/div>\n\t\t\t\t\t\t<\/div>\n\t\t\t\t<\/div>\n\t\t\t\t<\/div>\n\t\t<div class=\"elementor-element elementor-element-961ae56 e-con-full e-flex e-con e-child\" data-id=\"961ae56\" data-element_type=\"container\" data-e-type=\"container\">\n\t\t\t\t<div class=\"elementor-element elementor-element-df39ddb elementor-widget elementor-widget-wd_text_block\" data-id=\"df39ddb\" data-element_type=\"widget\" data-e-type=\"widget\" data-widget_type=\"wd_text_block.default\">\n\t\t\t\t<div class=\"elementor-widget-container\">\n\t\t\t\t\t\t\t<div class=\"wd-text-block reset-last-child text-left\">\n\t\t\t\n\t\t\t<p><strong>ACEA C3; API SP<\/strong><\/p><p>VW 504.00 \/ 507.00 | BMW Longlife-04<br>MB 229.31 \/ 229.51 \/ 229.52<br>GM dexos1\u2122 Gen2, GM dexos2\u2122, Opel\/Vauxhall OV0401547-D30<br>Opel\/Vauxhall OV0401547-G30 | Porsche C30<\/p>\n\t\t\t\t\t<\/div>\n\t\t\t\t\t\t<\/div>\n\t\t\t\t<\/div>\n\t\t\t\t<\/div>\n\t\t\t\t\t<\/div>\n\t\t\t\t<\/div>\n\t\t\t\t<\/div>\n\t\t","protected":false},"excerpt":{"rendered":"<p>Ultra-High-Performance-Longlife-Motoren\u00f6l f\u00fcr den Einsatz in neueste Motoren wie z.B. Dieselmotoren mit EURO 6 (DPF) und SCR Abgasnachbehandlung, sowie Benziner mit Abgasturboaufladung und GPF geeignet.<\/p>\n","protected":false},"featured_media":17654,"template":"","meta":[],"product_brand":[],"product_cat":[423,420],"product_tag":[],"class_list":{"0":"post-19648","1":"product","2":"type-product","3":"status-publish","4":"has-post-thumbnail","6":"product_cat-expert-linie","7":"product_cat-motorenol","8":"pa_acea-acea-c3","9":"pa_api-api-sp","10":"pa_application-hybride-technologie","11":"pa_application-pkw","12":"pa_specifications-bmw-longlife-04","13":"pa_specifications-gm-dexos-2","14":"pa_specifications-gm-dexos1-gen2","15":"pa_specifications-mb-229-31","16":"pa_specifications-mb-229-51","17":"pa_specifications-mb-229-52","18":"pa_specifications-opel-ov-040-1547-d30","19":"pa_specifications-opel-ov-040-1547-g30","20":"pa_specifications-porsche-c30","21":"pa_specifications-vw-504-00-507-00","22":"pa_viscosity-sae-5w-30","24":"first","25":"onbackorder","26":"shipping-taxable","27":"purchasable","28":"product-type-variable"},"_links":{"self":[{"href":"https:\/\/taktol.de\/de\/wp-json\/wp\/v2\/product\/19648","targetHints":{"allow":["GET"]}}],"collection":[{"href":"https:\/\/taktol.de\/de\/wp-json\/wp\/v2\/product"}],"about":[{"href":"https:\/\/taktol.de\/de\/wp-json\/wp\/v2\/types\/product"}],"version-history":[{"count":1,"href":"https:\/\/taktol.de\/de\/wp-json\/wp\/v2\/product\/19648\/revisions"}],"predecessor-version":[{"id":21383,"href":"https:\/\/taktol.de\/de\/wp-json\/wp\/v2\/product\/19648\/revisions\/21383"}],"wp:featuredmedia":[{"embeddable":true,"href":"https:\/\/taktol.de\/de\/wp-json\/wp\/v2\/media\/17654"}],"wp:attachment":[{"href":"https:\/\/taktol.de\/de\/wp-json\/wp\/v2\/media?parent=19648"}],"wp:term":[{"taxonomy":"product_brand","embeddable":true,"href":"https:\/\/taktol.de\/de\/wp-json\/wp\/v2\/product_brand?post=19648"},{"taxonomy":"product_cat","embeddable":true,"href":"https:\/\/taktol.de\/de\/wp-json\/wp\/v2\/product_cat?post=19648"},{"taxonomy":"product_tag","embeddable":true,"href":"https:\/\/taktol.de\/de\/wp-json\/wp\/v2\/product_tag?post=19648"}],"curies":[{"name":"wp","href":"https:\/\/api.w.org\/{rel}","templated":true}]}}