{"id":19592,"date":"2021-08-27T12:19:36","date_gmt":"2021-08-27T12:19:36","guid":{"rendered":"https:\/\/taktol.de\/product\/taktol-ultra-e-synth-5w-30\/"},"modified":"2025-03-04T16:38:57","modified_gmt":"2025-03-04T16:38:57","slug":"taktol-ultra-e-synth-5w-30","status":"publish","type":"product","link":"https:\/\/taktol.de\/de\/product\/taktol-ultra-e-synth-5w-30\/","title":{"rendered":"Taktol Ultra E-Synth 5W-30"},"content":{"rendered":"\t\t<div data-elementor-type=\"wp-post\" data-elementor-id=\"19592\" class=\"elementor elementor-19592 elementor-411\">\n\t\t\t\t<div class=\"wd-negative-gap elementor-element elementor-element-a2a199e e-flex e-con-boxed e-con e-parent\" data-id=\"a2a199e\" data-element_type=\"container\" data-e-type=\"container\">\n\t\t\t\t\t<div class=\"e-con-inner\">\n\t\t<div class=\"elementor-element elementor-element-f8e7294 e-con-full e-flex e-con e-child\" data-id=\"f8e7294\" data-element_type=\"container\" data-e-type=\"container\">\n\t\t\t\t<div class=\"elementor-element elementor-element-228273b elementor-widget elementor-widget-wd_text_block\" data-id=\"228273b\" data-element_type=\"widget\" data-e-type=\"widget\" data-widget_type=\"wd_text_block.default\">\n\t\t\t\t<div class=\"elementor-widget-container\">\n\t\t\t\t\t\t\t<div class=\"wd-text-block reset-last-child text-left\">\n\t\t\t\n\t\t\t<p><strong>Taktol Ultra E-Synth 5W-30<\/strong> ist ein modernes, synthetisches Universal-Motoren\u00f6l auf der Basis speziell ausgew\u00e4hlter synthetischer Grund\u00f6le, mit einem hohen Viskosit\u00e4tsindex und einer ausgewogenen Auswahl an fortschrittlichen Additiven, um die folgenden Eigenschaften zu erzielen<br \/>- ein hoher und sehr stabiler Viskosit\u00e4tsindex<br \/>- eine hohe Best\u00e4ndigkeit gegen Scherung<br \/>- einen schnellen Kaltstart<br \/>- eine sehr hohe Oxidationsbest\u00e4ndigkeit<br \/>- ein sicherer Schmierfilm bei sehr hohen Temperaturen<br \/>- eine sehr gute Detergenz und Dispersion<br \/>- einen sehr guten Schutz gegen Verschlei\u00df, Korrosion und Schaumbildung<\/p>\n\t\t\t\t\t<\/div>\n\t\t\t\t\t\t<\/div>\n\t\t\t\t<\/div>\n\t\t\t\t<\/div>\n\t\t<div class=\"elementor-element elementor-element-302d44d e-con-full e-flex e-con e-child\" data-id=\"302d44d\" data-element_type=\"container\" data-e-type=\"container\">\n\t\t\t\t<div class=\"elementor-element elementor-element-2540000 elementor-widget elementor-widget-wd_text_block\" data-id=\"2540000\" data-element_type=\"widget\" data-e-type=\"widget\" data-widget_type=\"wd_text_block.default\">\n\t\t\t\t<div class=\"elementor-widget-container\">\n\t\t\t\t\t\t\t<div class=\"wd-text-block reset-last-child text-left\">\n\t\t\t\n\t\t\t<p><strong>Einsatzhinweise:<\/strong><\/p><p>ACEA C2, C3; API SN\/CF<\/p><p>BMW Longlife-04<br \/>GM dexos 2<br \/>MB 229.31 \/ 229.51 \/ 229.52<br \/>Chrysler MS-11106, Fiat 9.55535-S3, Ford WSS-M2C917-A<br \/>Opel\/Vauxhall OV0401547-D30<br \/>VW 505.00 \/ 505.01<\/p>\n\t\t\t\t\t<\/div>\n\t\t\t\t\t\t<\/div>\n\t\t\t\t<\/div>\n\t\t\t\t<\/div>\n\t\t\t\t\t<\/div>\n\t\t\t\t<\/div>\n\t\t\t\t<\/div>\n\t\t","protected":false},"excerpt":{"rendered":"<p>Universelles, synthetisches Motor\u00f6l. Dieses \u00d6l ist speziell f\u00fcr PKW-Motoren mit DPF entwickelt, f\u00fcr die Spezifikationen ACEA C2, C3.<\/p>\n","protected":false},"featured_media":17648,"template":"","meta":[],"product_brand":[],"product_cat":[420,432],"product_tag":[],"class_list":{"0":"post-19592","1":"product","2":"type-product","3":"status-publish","4":"has-post-thumbnail","6":"product_cat-motorenol","7":"product_cat-ultra-linie","8":"pa_acea-acea-c2","9":"pa_acea-acea-c3","10":"pa_api-api-sn-cf","11":"pa_application-pkw","12":"pa_specifications-bmw-longlife-04","13":"pa_specifications-chrysler-ms-11106","14":"pa_specifications-fiat-9-55535-s3","15":"pa_specifications-ford-wss-m2c917-a","16":"pa_specifications-gm-dexos-2","17":"pa_specifications-mb-229-31","18":"pa_specifications-mb-229-51","19":"pa_specifications-mb-229-52","20":"pa_specifications-opel-ov-040-1547-d30","21":"pa_specifications-vw-505-00-505-01","22":"pa_viscosity-sae-5w-30","24":"first","25":"onbackorder","26":"shipping-taxable","27":"purchasable","28":"product-type-variable"},"_links":{"self":[{"href":"https:\/\/taktol.de\/de\/wp-json\/wp\/v2\/product\/19592","targetHints":{"allow":["GET"]}}],"collection":[{"href":"https:\/\/taktol.de\/de\/wp-json\/wp\/v2\/product"}],"about":[{"href":"https:\/\/taktol.de\/de\/wp-json\/wp\/v2\/types\/product"}],"version-history":[{"count":1,"href":"https:\/\/taktol.de\/de\/wp-json\/wp\/v2\/product\/19592\/revisions"}],"predecessor-version":[{"id":21380,"href":"https:\/\/taktol.de\/de\/wp-json\/wp\/v2\/product\/19592\/revisions\/21380"}],"wp:featuredmedia":[{"embeddable":true,"href":"https:\/\/taktol.de\/de\/wp-json\/wp\/v2\/media\/17648"}],"wp:attachment":[{"href":"https:\/\/taktol.de\/de\/wp-json\/wp\/v2\/media?parent=19592"}],"wp:term":[{"taxonomy":"product_brand","embeddable":true,"href":"https:\/\/taktol.de\/de\/wp-json\/wp\/v2\/product_brand?post=19592"},{"taxonomy":"product_cat","embeddable":true,"href":"https:\/\/taktol.de\/de\/wp-json\/wp\/v2\/product_cat?post=19592"},{"taxonomy":"product_tag","embeddable":true,"href":"https:\/\/taktol.de\/de\/wp-json\/wp\/v2\/product_tag?post=19592"}],"curies":[{"name":"wp","href":"https:\/\/api.w.org\/{rel}","templated":true}]}}