{"id":19553,"date":"2024-03-26T20:38:23","date_gmt":"2024-03-26T20:38:23","guid":{"rendered":"https:\/\/taktol.de\/product\/taktol-ultra-e-synth-5w-40\/"},"modified":"2025-03-04T16:36:46","modified_gmt":"2025-03-04T16:36:46","slug":"taktol-ultra-e-synth-5w-40","status":"publish","type":"product","link":"https:\/\/taktol.de\/de\/product\/taktol-ultra-e-synth-5w-40\/","title":{"rendered":"Taktol Ultra E-Synth 5W-40"},"content":{"rendered":"<p><strong>Taktol Ultra E-Synth 5W-40<\/strong> ist ein PAO-verst\u00e4rktes, vollsynthetisches Motoren\u00f6l, das nach der neuesten Technologie entwickelt wurde und auf speziell ausgew\u00e4hlten Grund\u00f6len basiert. Durch die Zugabe einer ausgewogenen Auswahl an fortschrittlichen Additiven werden die folgenden Eigenschaften erzielt:<br \/>\n&#8211; ein hoher und sehr stabiler Viskosit\u00e4tsindex<br \/>\n&#8211; eine hohe Best\u00e4ndigkeit gegen Scherung<br \/>\n&#8211; einen schnellen Kaltstart (Pour Point -60 \u00b0C)<br \/>\n&#8211; ein sicherer Schmierfilm bei sehr hohen Temperaturen<br \/>\n&#8211; eine reduzierte Bildung von Verbrennungsasche<br \/>\n&#8211; eine sehr gute Detergenz und Dispersion<br \/>\n&#8211; einen sehr guten Schutz gegen Verschlei\u00df, Korrosion und Schaumbildung<\/p>\n<p><strong>Einsatzhinweise:<\/strong><br \/>\nACEA C3, API SN\/CF<\/p>\n<p>BMW Longlife-04 | Chrysler MS-11106<br \/>\nGM dexos2 | Fiat 9.55535-S2<\/p>\n<p>Ford WSS-M2C917-A<br \/>\nMB 229.51 | MB 229.31 | MB 226.5<br \/>\nRenault RN0700\/RN0710<br \/>\nVW 502 00\/505 00\/505 01<\/p>\n","protected":false},"excerpt":{"rendered":"<p>Hochwertiges, PAO-verst\u00e4rktes, vollsynthetisches Motoren\u00f6l. Dieses \u00d6l wurde speziell f\u00fcr Pkw-Motoren entwickelt.<\/p>\n","protected":false},"featured_media":17684,"template":"","meta":[],"product_brand":[],"product_cat":[420,432],"product_tag":[],"class_list":{"0":"post-19553","1":"product","2":"type-product","3":"status-publish","4":"has-post-thumbnail","6":"product_cat-motorenol","7":"product_cat-ultra-linie","8":"pa_acea-acea-c3","9":"pa_api-api-sn-cf","10":"pa_application-pkw","11":"pa_specifications-bmw-longlife-04","12":"pa_specifications-chrysler-ms-11106","13":"pa_specifications-fiat-9-55535-s2","14":"pa_specifications-ford-wss-m2c917-a","15":"pa_specifications-gm-dexos-2","16":"pa_specifications-mb-226-5","17":"pa_specifications-mb-229-31","18":"pa_specifications-mb-229-51","19":"pa_specifications-renault-rn0700","20":"pa_specifications-renault-rn0710","21":"pa_specifications-vw-505-00-505-01","22":"pa_viscosity-sae-5w-40","24":"first","25":"onbackorder","26":"shipping-taxable","27":"purchasable","28":"product-type-variable"},"_links":{"self":[{"href":"https:\/\/taktol.de\/de\/wp-json\/wp\/v2\/product\/19553","targetHints":{"allow":["GET"]}}],"collection":[{"href":"https:\/\/taktol.de\/de\/wp-json\/wp\/v2\/product"}],"about":[{"href":"https:\/\/taktol.de\/de\/wp-json\/wp\/v2\/types\/product"}],"version-history":[{"count":1,"href":"https:\/\/taktol.de\/de\/wp-json\/wp\/v2\/product\/19553\/revisions"}],"predecessor-version":[{"id":21320,"href":"https:\/\/taktol.de\/de\/wp-json\/wp\/v2\/product\/19553\/revisions\/21320"}],"wp:featuredmedia":[{"embeddable":true,"href":"https:\/\/taktol.de\/de\/wp-json\/wp\/v2\/media\/17684"}],"wp:attachment":[{"href":"https:\/\/taktol.de\/de\/wp-json\/wp\/v2\/media?parent=19553"}],"wp:term":[{"taxonomy":"product_brand","embeddable":true,"href":"https:\/\/taktol.de\/de\/wp-json\/wp\/v2\/product_brand?post=19553"},{"taxonomy":"product_cat","embeddable":true,"href":"https:\/\/taktol.de\/de\/wp-json\/wp\/v2\/product_cat?post=19553"},{"taxonomy":"product_tag","embeddable":true,"href":"https:\/\/taktol.de\/de\/wp-json\/wp\/v2\/product_tag?post=19553"}],"curies":[{"name":"wp","href":"https:\/\/api.w.org\/{rel}","templated":true}]}}