{"id":19516,"date":"2024-03-26T21:55:27","date_gmt":"2024-03-26T21:55:27","guid":{"rendered":"https:\/\/taktol.de\/product\/taktol-atf-shp-8\/"},"modified":"2025-03-04T16:34:54","modified_gmt":"2025-03-04T16:34:54","slug":"taktol-atf-shp-8","status":"publish","type":"product","link":"https:\/\/taktol.de\/de\/product\/taktol-atf-shp-8\/","title":{"rendered":"Taktol ATF SHP-8"},"content":{"rendered":"\t\t<div data-elementor-type=\"wp-post\" data-elementor-id=\"19516\" class=\"elementor elementor-19516 elementor-16348\">\n\t\t\t\t<div class=\"wd-negative-gap elementor-element elementor-element-6c282a0 e-flex e-con-boxed e-con e-parent\" data-id=\"6c282a0\" data-element_type=\"container\" data-e-type=\"container\">\n\t\t\t\t\t<div class=\"e-con-inner\">\n\t\t<div class=\"elementor-element elementor-element-dd65249 e-con-full e-flex e-con e-child\" data-id=\"dd65249\" data-element_type=\"container\" data-e-type=\"container\">\n\t\t\t\t<div class=\"elementor-element elementor-element-19cdb80 elementor-widget elementor-widget-wd_text_block\" data-id=\"19cdb80\" data-element_type=\"widget\" data-e-type=\"widget\" data-widget_type=\"wd_text_block.default\">\n\t\t\t\t<div class=\"elementor-widget-container\">\n\t\t\t\t\t\t\t<div class=\"wd-text-block reset-last-child text-left\">\n\t\t\t\n\t\t\t<p><strong>Taktol ATF SHP-8<\/strong> ist ein synthetisches Mehrzweck-Automatikgetriebe\u00f6l (ATF), das auf hochentwickelter Synthesetechnologie basiert und f\u00fcr l\u00e4ngste Wechselintervalle in Automatikgetrieben, Drehmomentwandlern und zahlreichen Servolenkungssystemen geeignet ist. Es ist f\u00fcr maximale Wechselintervalle in Automatikgetrieben, Lenk- und Kupplungssystemen, Hydrauliksystemen und Nebenantrieben von Pkw und Nutzfahrzeugen geeignet.<\/p><p><strong>Taktol ATF SHP-8<\/strong> kann in einem breiten Anwendungsspektrum eingesetzt werden, um die Anforderungen von Ford, GM, Toyota, Honda, Nissan, Hyundai, KIA, BMW, Mercedes, Volvo, VW, Audi und anderen zu erf\u00fcllen.<\/p><p>Beachten Sie die Anweisungen des Herstellers.<\/p>\n\t\t\t\t\t<\/div>\n\t\t\t\t\t\t<\/div>\n\t\t\t\t<\/div>\n\t\t\t\t<\/div>\n\t\t<div class=\"elementor-element elementor-element-a158ce2 e-con-full e-flex e-con e-child\" data-id=\"a158ce2\" data-element_type=\"container\" data-e-type=\"container\">\n\t\t\t\t<div class=\"elementor-element elementor-element-c54c1ef elementor-widget elementor-widget-wd_text_block\" data-id=\"c54c1ef\" data-element_type=\"widget\" data-e-type=\"widget\" data-widget_type=\"wd_text_block.default\">\n\t\t\t\t<div class=\"elementor-widget-container\">\n\t\t\t\t\t\t\t<div class=\"wd-text-block reset-last-child text-left\">\n\t\t\t\n\t\t\t<p><strong>Einsatzhinweise:<\/strong><br \/>Audi - VW Group: G 055 005 | G 055 162 | G 055 540 | G 060 162<br \/>Bentley PY112995PA | BMW 83 22 0 142 516<br \/>BMW 83 22 2 152 426 | BMW 83 22 2 305 397 | BMW ATF 3+ | BMW 83 22 2 289 720<br \/>Chrysler 68157995AA | Fiat 9.55550-AV5<br \/>Honda ATF Typ 3.1 | Hyundai 040000C90SG<br \/>Jaguar 02JDE 26444 | Jaguar Fluid 8432<br \/>Land Rover LR023288 | Land Rover LR232289 | Land Rover TYK500050<br \/>Maserati 231603 | Mopar 68157995AA<br \/>ZF S671 090 255 (ZF LifeguardFluid 6)<br \/>ZF S671 090 312 (ZF LifeguardFluid 8)<br \/>ZF TE-ML 11 (Produktgruppe 6HP und 8HP)<\/p>\n\t\t\t\t\t<\/div>\n\t\t\t\t\t\t<\/div>\n\t\t\t\t<\/div>\n\t\t\t\t<\/div>\n\t\t\t\t\t<\/div>\n\t\t\t\t<\/div>\n\t\t\t\t<\/div>\n\t\t","protected":false},"excerpt":{"rendered":"<p><strong>Taktol ATF SHP-8<\/strong> &#8211; Premium-Synthetikprodukt ist speziell f\u00fcr die Schmierung von ZF 8HP-Getrieben, gr\u00fcn gef\u00e4rbt, entwickelt worden.<\/p>\n","protected":false},"featured_media":17810,"template":"","meta":[],"product_brand":[],"product_cat":[401],"product_tag":[],"class_list":{"0":"post-19516","1":"product","2":"type-product","3":"status-publish","4":"has-post-thumbnail","6":"product_cat-atf-dsg-dct-cvt-de","7":"pa_application-automatikgetriebe","8":"pa_application-pkw","9":"pa_atf-fluid-specifications-bentley-py112995pa","10":"pa_atf-fluid-specifications-bmw-83-22-0-142-516","11":"pa_atf-fluid-specifications-bmw-8322-2152426","12":"pa_atf-fluid-specifications-bmw-8322-2289720","13":"pa_atf-fluid-specifications-bmw-83-22-2-305-397","14":"pa_atf-fluid-specifications-bmw-atf3","15":"pa_atf-fluid-specifications-chrysler-68157995-aa","16":"pa_atf-fluid-specifications-fiat-9-55550-av5","17":"pa_atf-fluid-specifications-honda-atf-typ-3-1","18":"pa_atf-fluid-specifications-hyundai-040000c90sg","19":"pa_atf-fluid-specifications-jaguar-02jde-26444","20":"pa_atf-fluid-specifications-jaguar-fluid-8432","21":"pa_atf-fluid-specifications-land-rover-lr023288","22":"pa_atf-fluid-specifications-land-rover-lr232289","23":"pa_atf-fluid-specifications-land-rover-tyk500050","24":"pa_atf-fluid-specifications-maserati-231603","25":"pa_atf-fluid-specifications-mopar-68157995aa","26":"pa_atf-fluid-specifications-vw-g-055-005","27":"pa_atf-fluid-specifications-vw-g-055-162","28":"pa_atf-fluid-specifications-vw-g-055-540","29":"pa_atf-fluid-specifications-vw-g-060-162","30":"pa_atf-fluid-specifications-zf-lifeguardfluid-6","31":"pa_atf-fluid-specifications-zf-lifeguardfluid-8","32":"pa_atf-fluid-specifications-zf-s671-090-255","33":"pa_atf-fluid-specifications-zf-s671-090-312","34":"pa_atf-fluid-specifications-zf-te-ml-11","36":"first","37":"onbackorder","38":"shipping-taxable","39":"purchasable","40":"product-type-variable"},"_links":{"self":[{"href":"https:\/\/taktol.de\/de\/wp-json\/wp\/v2\/product\/19516","targetHints":{"allow":["GET"]}}],"collection":[{"href":"https:\/\/taktol.de\/de\/wp-json\/wp\/v2\/product"}],"about":[{"href":"https:\/\/taktol.de\/de\/wp-json\/wp\/v2\/types\/product"}],"version-history":[{"count":1,"href":"https:\/\/taktol.de\/de\/wp-json\/wp\/v2\/product\/19516\/revisions"}],"predecessor-version":[{"id":21376,"href":"https:\/\/taktol.de\/de\/wp-json\/wp\/v2\/product\/19516\/revisions\/21376"}],"wp:featuredmedia":[{"embeddable":true,"href":"https:\/\/taktol.de\/de\/wp-json\/wp\/v2\/media\/17810"}],"wp:attachment":[{"href":"https:\/\/taktol.de\/de\/wp-json\/wp\/v2\/media?parent=19516"}],"wp:term":[{"taxonomy":"product_brand","embeddable":true,"href":"https:\/\/taktol.de\/de\/wp-json\/wp\/v2\/product_brand?post=19516"},{"taxonomy":"product_cat","embeddable":true,"href":"https:\/\/taktol.de\/de\/wp-json\/wp\/v2\/product_cat?post=19516"},{"taxonomy":"product_tag","embeddable":true,"href":"https:\/\/taktol.de\/de\/wp-json\/wp\/v2\/product_tag?post=19516"}],"curies":[{"name":"wp","href":"https:\/\/api.w.org\/{rel}","templated":true}]}}