{"id":19454,"date":"2024-03-30T08:40:48","date_gmt":"2024-03-30T08:40:48","guid":{"rendered":"https:\/\/taktol.de\/product\/taktol-bs-fluid-lv-dot-4\/"},"modified":"2025-03-04T16:29:17","modified_gmt":"2025-03-04T16:29:17","slug":"taktol-bs-fluid-lv-dot-4","status":"publish","type":"product","link":"https:\/\/taktol.de\/de\/product\/taktol-bs-fluid-lv-dot-4\/","title":{"rendered":"Taktol BS Fluid LV DOT-4"},"content":{"rendered":"\t\t<div data-elementor-type=\"wp-post\" data-elementor-id=\"19454\" class=\"elementor elementor-19454 elementor-16766\">\n\t\t\t\t<div class=\"wd-negative-gap elementor-element elementor-element-c39a32c e-flex e-con-boxed e-con e-parent\" data-id=\"c39a32c\" data-element_type=\"container\" data-e-type=\"container\">\n\t\t\t\t\t<div class=\"e-con-inner\">\n\t\t<div class=\"elementor-element elementor-element-596851b e-con-full e-flex e-con e-child\" data-id=\"596851b\" data-element_type=\"container\" data-e-type=\"container\">\n\t\t\t\t<div class=\"elementor-element elementor-element-766a339 elementor-widget elementor-widget-wd_text_block\" data-id=\"766a339\" data-element_type=\"widget\" data-e-type=\"widget\" data-widget_type=\"wd_text_block.default\">\n\t\t\t\t<div class=\"elementor-widget-container\">\n\t\t\t\t\t\t\t<div class=\"wd-text-block reset-last-child text-left\">\n\t\t\t\n\t\t\t<p><strong>Taktol BS Fluid LV DOT-4<\/strong> (niedrige Viskosit\u00e4tsklasse 6) wurde in das Sortiment aufgenommen, um Fahrzeuge zu unterst\u00fctzen, die mit elektronischem Stabilit\u00e4tsprogramm (ESP) und ABS ausgestattet sind, wie dies beispielsweise bei allen modernen BMWs der Fall ist.<br \/>Taktol-Bremsfl\u00fcssigkeiten machen mit modernster Technik alle unsere Fahrzeuge sicherer. Durch kontinuierliche Forschung und Entwicklung hilft diese sorgf\u00e4ltige Mischung, den Verschlei\u00df zu minimieren, die Leistung zu maximieren und stellt sicher, dass Ihre Bremsen bei Umgebungstemperaturen von -50\u02daC bis +50\u02daC funktionieren.<br \/><strong>Specifikationen: <\/strong>Ford WSS-M6C65-A2; VAG 501 14; TESLA<\/p>\n\t\t\t\t\t<\/div>\n\t\t\t\t\t\t<\/div>\n\t\t\t\t<\/div>\n\t\t\t\t<\/div>\n\t\t<div class=\"elementor-element elementor-element-2659e57 e-con-full e-flex e-con e-child\" data-id=\"2659e57\" data-element_type=\"container\" data-e-type=\"container\">\n\t\t\t\t<div class=\"elementor-element elementor-element-732cf03 elementor-widget elementor-widget-wd_text_block\" data-id=\"732cf03\" data-element_type=\"widget\" data-e-type=\"widget\" data-widget_type=\"wd_text_block.default\">\n\t\t\t\t<div class=\"elementor-widget-container\">\n\t\t\t\t\t\t\t<div class=\"wd-text-block reset-last-child text-left\">\n\t\t\t\n\t\t\t<table class=\"table is-striped attributes-table\" style=\"height: 172px;\" width=\"321\" data-v-3599abbd=\"\" data-v-1288cd64=\"\"><tbody data-v-3599abbd=\"\"><tr data-v-3599abbd=\"\"><td class=\"is-hidden-touch word-wrap\" data-v-3599abbd=\"\"><span data-v-3599abbd=\"\">Siedepunkt\u00a0(ERBP)<\/span><\/td><td class=\"word-wrap\" colspan=\"1\" data-v-3599abbd=\"\"><span data-v-3599abbd=\"\">267 \u00b0C<\/span><\/td><\/tr><tr data-v-3599abbd=\"\"><td class=\"is-hidden-touch word-wrap\" data-v-3599abbd=\"\"><span data-v-3599abbd=\"\">DOT Spezifikation<\/span><\/td><td class=\"word-wrap\" colspan=\"1\" data-v-3599abbd=\"\"><span data-v-3599abbd=\"\">DOT 4 LV<\/span><\/td><\/tr><tr data-v-3599abbd=\"\"><td class=\"is-hidden-touch word-wrap\" data-v-3599abbd=\"\"><span data-v-3599abbd=\"\">Volumen<\/span><\/td><td class=\"word-wrap\" colspan=\"1\" data-v-3599abbd=\"\"><span data-v-3599abbd=\"\">1 l<\/span><\/td><\/tr><tr data-v-3599abbd=\"\"><td class=\"is-hidden-touch word-wrap\" data-v-3599abbd=\"\"><span data-v-3599abbd=\"\">Nass-Siedepunkt\u00a0 (Wet ERBP)<\/span><\/td><td class=\"word-wrap\" colspan=\"1\" data-v-3599abbd=\"\"><span data-v-3599abbd=\"\">172 \u00b0C<\/span><\/td><\/tr><\/tbody><\/table>\n\t\t\t\t\t<\/div>\n\t\t\t\t\t\t<\/div>\n\t\t\t\t<\/div>\n\t\t\t\t<\/div>\n\t\t\t\t\t<\/div>\n\t\t\t\t<\/div>\n\t\t\t\t<\/div>\n\t\t","protected":false},"excerpt":{"rendered":"<p>Taktol-Bremsfl\u00fcssigkeit ist eine wichtige sicherheitskritische Komponente im Bremssystem eines Fahrzeugs. Die vollsynthetischen Bremsfl\u00fcssigkeiten der Marken DOT 4, DOT 4 LV (niedrige Viskosit\u00e4t) und DOT 4 Plus von Taktol basieren auf Glykolen, enthalten Oxidations- und Korrosionsinhibitoren und verf\u00fcgen \u00fcber hervorragende Trocken- und Nasssiedepunkteigenschaften.<\/p>\n","protected":false},"featured_media":17864,"template":"","meta":[],"product_brand":[],"product_cat":[408],"product_tag":[],"class_list":{"0":"post-19454","1":"product","2":"type-product","3":"status-publish","4":"has-post-thumbnail","6":"product_cat-bremsflussigkeit","7":"pa_application-pkw","8":"pa_fluid-specifications-dot-4-lv-fluid","9":"pa_fluid-specifications-ford-wss-m6c65-a2","10":"pa_fluid-specifications-iso-4925-class-6","11":"pa_fluid-specifications-vw-501-14","12":"pa_viscosity-sae-sae-j1704","14":"first","15":"onbackorder","16":"shipping-taxable","17":"purchasable","18":"product-type-variable"},"_links":{"self":[{"href":"https:\/\/taktol.de\/de\/wp-json\/wp\/v2\/product\/19454","targetHints":{"allow":["GET"]}}],"collection":[{"href":"https:\/\/taktol.de\/de\/wp-json\/wp\/v2\/product"}],"about":[{"href":"https:\/\/taktol.de\/de\/wp-json\/wp\/v2\/types\/product"}],"version-history":[{"count":1,"href":"https:\/\/taktol.de\/de\/wp-json\/wp\/v2\/product\/19454\/revisions"}],"predecessor-version":[{"id":21370,"href":"https:\/\/taktol.de\/de\/wp-json\/wp\/v2\/product\/19454\/revisions\/21370"}],"wp:featuredmedia":[{"embeddable":true,"href":"https:\/\/taktol.de\/de\/wp-json\/wp\/v2\/media\/17864"}],"wp:attachment":[{"href":"https:\/\/taktol.de\/de\/wp-json\/wp\/v2\/media?parent=19454"}],"wp:term":[{"taxonomy":"product_brand","embeddable":true,"href":"https:\/\/taktol.de\/de\/wp-json\/wp\/v2\/product_brand?post=19454"},{"taxonomy":"product_cat","embeddable":true,"href":"https:\/\/taktol.de\/de\/wp-json\/wp\/v2\/product_cat?post=19454"},{"taxonomy":"product_tag","embeddable":true,"href":"https:\/\/taktol.de\/de\/wp-json\/wp\/v2\/product_tag?post=19454"}],"curies":[{"name":"wp","href":"https:\/\/api.w.org\/{rel}","templated":true}]}}