{"id":19424,"date":"2024-03-30T09:48:08","date_gmt":"2024-03-30T09:48:08","guid":{"rendered":"https:\/\/taktol.de\/product\/taktol-bs-plus-fluid-dot-4\/"},"modified":"2025-03-04T16:26:49","modified_gmt":"2025-03-04T16:26:49","slug":"taktol-bs-plus-fluid-dot-4","status":"publish","type":"product","link":"https:\/\/taktol.de\/de\/product\/taktol-bs-plus-fluid-dot-4\/","title":{"rendered":"Taktol BS-Plus Fluid DOT-4"},"content":{"rendered":"\t\t<div data-elementor-type=\"wp-post\" data-elementor-id=\"19424\" class=\"elementor elementor-19424 elementor-16781\">\n\t\t\t\t<div class=\"wd-negative-gap elementor-element elementor-element-c39a32c e-flex e-con-boxed e-con e-parent\" data-id=\"c39a32c\" data-element_type=\"container\" data-e-type=\"container\">\n\t\t\t\t\t<div class=\"e-con-inner\">\n\t\t<div class=\"elementor-element elementor-element-596851b e-con-full e-flex e-con e-child\" data-id=\"596851b\" data-element_type=\"container\" data-e-type=\"container\">\n\t\t\t\t<div class=\"elementor-element elementor-element-766a339 elementor-widget elementor-widget-wd_text_block\" data-id=\"766a339\" data-element_type=\"widget\" data-e-type=\"widget\" data-widget_type=\"wd_text_block.default\">\n\t\t\t\t<div class=\"elementor-widget-container\">\n\t\t\t\t\t\t\t<div class=\"wd-text-block reset-last-child text-left\">\n\t\t\t\n\t\t\t<p><strong>Taktol BS-Plus Fluid DOT-4<\/strong> ist eine hydraulische Bremsfl\u00fcssigkeit auf Glykoletherboratbasis, die speziell formuliert wurde, um die Anforderungen der international anerkannten Normen f\u00fcr hydraulische Bremsfl\u00fcssigkeiten zu \u00fcbertreffen: FMVSS Nr. 116 DOT4, SAE J1704, ISO4925 Klasse 4 und JIS K2233. Sie wurde in das Sortiment aufgenommen, um Fahrzeuge zu unterst\u00fctzen, die mit elektronischen Stabilit\u00e4tsprogrammen (ESP) und ABS bei Umgebungstemperaturen von -50\u02daC bis +50\u02daC ausgestattet sind.<br \/><strong>Specifications:<\/strong> DOT 4 Plus; DTFR 30B100; Ford SAM-6C9103-A; GM GME L5 104; Jaguar MNA 2829 AA \/Jaguar XR83 M6C25 A; MB 331.0; Renault 41-02-001; SAE J 1703; SUPER DOT-4; TL 766 X\/Y<\/p>\n\t\t\t\t\t<\/div>\n\t\t\t\t\t\t<\/div>\n\t\t\t\t<\/div>\n\t\t\t\t<\/div>\n\t\t<div class=\"elementor-element elementor-element-2659e57 e-con-full e-flex e-con e-child\" data-id=\"2659e57\" data-element_type=\"container\" data-e-type=\"container\">\n\t\t\t\t<div class=\"elementor-element elementor-element-732cf03 elementor-widget elementor-widget-wd_text_block\" data-id=\"732cf03\" data-element_type=\"widget\" data-e-type=\"widget\" data-widget_type=\"wd_text_block.default\">\n\t\t\t\t<div class=\"elementor-widget-container\">\n\t\t\t\t\t\t\t<div class=\"wd-text-block reset-last-child text-left\">\n\t\t\t\n\t\t\t<table class=\"table is-striped attributes-table\" style=\"height: 178px;\" width=\"355\" data-v-3599abbd=\"\" data-v-1288cd64=\"\"><tbody data-v-3599abbd=\"\"><tr data-v-3599abbd=\"\"><td class=\"is-hidden-touch word-wrap\" data-v-3599abbd=\"\"><span data-v-3599abbd=\"\">Siedepunkt (ERBP)<\/span><\/td><td class=\"word-wrap\" colspan=\"1\" data-v-3599abbd=\"\"><span data-v-3599abbd=\"\">257 \u00b0C<\/span><\/td><\/tr><tr data-v-3599abbd=\"\"><td class=\"is-hidden-touch word-wrap\" data-v-3599abbd=\"\"><span data-v-3599abbd=\"\">DOT Spezifikation<\/span><\/td><td class=\"word-wrap\" colspan=\"1\" data-v-3599abbd=\"\"><span data-v-3599abbd=\"\">DOT 4 +<\/span><\/td><\/tr><tr data-v-3599abbd=\"\"><td class=\"is-hidden-touch word-wrap\" data-v-3599abbd=\"\"><span data-v-3599abbd=\"\">Volumen<\/span><\/td><td class=\"word-wrap\" colspan=\"1\" data-v-3599abbd=\"\"><span data-v-3599abbd=\"\">1 l<\/span><\/td><\/tr><tr data-v-3599abbd=\"\"><td class=\"is-hidden-touch word-wrap\" data-v-3599abbd=\"\"><span data-v-3599abbd=\"\">Nass-Siedepunkt (Wet ERBP)<\/span><\/td><td class=\"word-wrap\" colspan=\"1\" data-v-3599abbd=\"\"><span data-v-3599abbd=\"\">157 \u00b0C<\/span><\/td><\/tr><\/tbody><\/table>\n\t\t\t\t\t<\/div>\n\t\t\t\t\t\t<\/div>\n\t\t\t\t<\/div>\n\t\t\t\t<\/div>\n\t\t\t\t\t<\/div>\n\t\t\t\t<\/div>\n\t\t\t\t<\/div>\n\t\t","protected":false},"excerpt":{"rendered":"<p>Taktol-Bremsfl\u00fcssigkeit ist eine wichtige sicherheitskritische Komponente im Bremssystem eines Fahrzeugs. Die vollsynthetischen Bremsfl\u00fcssigkeiten der Marken DOT 4, DOT 4 LV (niedrige Viskosit\u00e4t) und DOT 4 Plus von Taktol basieren auf Glykolen, enthalten Oxidations- und Korrosionsinhibitoren und verf\u00fcgen \u00fcber hervorragende Trocken- und Nasssiedepunkteigenschaften.<\/p>\n","protected":false},"featured_media":17867,"template":"elementor_theme","meta":[],"product_brand":[],"product_cat":[408],"product_tag":[],"class_list":{"0":"post-19424","1":"product","2":"type-product","3":"status-publish","4":"has-post-thumbnail","6":"product_cat-bremsflussigkeit","7":"pa_application-lkw-bus","8":"pa_application-pkw","9":"pa_fluid-specifications-dot-4-plus-fluid","10":"pa_fluid-specifications-dtfr-30b100","11":"pa_fluid-specifications-ford-sam-6c9103-a","12":"pa_fluid-specifications-gm-gme-l5-104","13":"pa_fluid-specifications-jaguar-mna-2829-aa","14":"pa_fluid-specifications-jaguar-xr83-m6c25-a","15":"pa_fluid-specifications-mb-331-0","16":"pa_fluid-specifications-renault-41-02-001","17":"pa_fluid-specifications-super-dot-4","18":"pa_fluid-specifications-vw-b-000-750-m3","19":"pa_viscosity-sae-sae-j1704","21":"first","22":"onbackorder","23":"shipping-taxable","24":"purchasable","25":"product-type-variable"},"_links":{"self":[{"href":"https:\/\/taktol.de\/de\/wp-json\/wp\/v2\/product\/19424","targetHints":{"allow":["GET"]}}],"collection":[{"href":"https:\/\/taktol.de\/de\/wp-json\/wp\/v2\/product"}],"about":[{"href":"https:\/\/taktol.de\/de\/wp-json\/wp\/v2\/types\/product"}],"version-history":[{"count":1,"href":"https:\/\/taktol.de\/de\/wp-json\/wp\/v2\/product\/19424\/revisions"}],"predecessor-version":[{"id":21367,"href":"https:\/\/taktol.de\/de\/wp-json\/wp\/v2\/product\/19424\/revisions\/21367"}],"wp:featuredmedia":[{"embeddable":true,"href":"https:\/\/taktol.de\/de\/wp-json\/wp\/v2\/media\/17867"}],"wp:attachment":[{"href":"https:\/\/taktol.de\/de\/wp-json\/wp\/v2\/media?parent=19424"}],"wp:term":[{"taxonomy":"product_brand","embeddable":true,"href":"https:\/\/taktol.de\/de\/wp-json\/wp\/v2\/product_brand?post=19424"},{"taxonomy":"product_cat","embeddable":true,"href":"https:\/\/taktol.de\/de\/wp-json\/wp\/v2\/product_cat?post=19424"},{"taxonomy":"product_tag","embeddable":true,"href":"https:\/\/taktol.de\/de\/wp-json\/wp\/v2\/product_tag?post=19424"}],"curies":[{"name":"wp","href":"https:\/\/api.w.org\/{rel}","templated":true}]}}