{"id":19390,"date":"2024-03-30T15:28:57","date_gmt":"2024-03-30T15:28:57","guid":{"rendered":"https:\/\/taktol.de\/product\/taktol-expert-gfe-5w-30\/"},"modified":"2026-01-08T16:07:49","modified_gmt":"2026-01-08T16:07:49","slug":"taktol-expert-gfe-5w-30","status":"publish","type":"product","link":"https:\/\/taktol.de\/de\/product\/taktol-expert-gfe-5w-30\/","title":{"rendered":"Taktol Expert GFE 5W-30"},"content":{"rendered":"<p><strong>Taktol Expert GFE 5W-30<\/strong> ist ein vollsynthetisches Mid-SAPS-Motor\u00f6l f\u00fcr Benzinmotoren mit oder ohne Turboaufladung und Direkteinspritzung und eignet sich ideal f\u00fcr moderne Benzinmotoren gem\u00e4\u00df der Spezifikation dexos1\u2122 Gen3. Es wird f\u00fcr Hybridmotoren unter allen Betriebsbedingungen empfohlen. Die Betriebsanweisungen der Fahrzeug- und Motorenhersteller sind zu beachten. <\/p>\n<p>API SP, API SQ (RC), ILSAC GF-5\/GF-6A, ILSAC GF-7A<\/p>\n<p>Dexos1\u2122 Gen3 (D335AADH374), Chrysler MS-6395, Fiat 9.55535-CR1, Ford WSS-M2C929-A, Ford WSS-M2C946-A\/-B1, Ford WSS-M2C961-A, GM 6094M, Opel\/Vauxhall OV0401547-G30, VWC 53034<\/p>\n","protected":false},"excerpt":{"rendered":"<p>API SP, API SQ (RC), ILSAC GF-5\/GF-6A, ILSAC GF-7A<\/p>\n<p>Taktol Expert GFE 5W-30 ist ein energieeffizientes Motor\u00f6l f\u00fcr moderne Benzinmotoren gem\u00e4\u00df der Spezifikation dexos1\u2122 Gen3. Es wird f\u00fcr Hybridmotoren unter allen Betriebsbedingungen empfohlen.<\/p>\n","protected":false},"featured_media":17723,"template":"","meta":[],"product_brand":[],"product_cat":[423,420],"product_tag":[],"class_list":{"0":"post-19390","1":"product","2":"type-product","3":"status-publish","4":"has-post-thumbnail","6":"product_cat-expert-linie","7":"product_cat-motorenol","8":"pa_api-api-sp","9":"pa_api-api-sq-rc","10":"pa_application-hybride-technologie","11":"pa_application-pkw","12":"pa_ilsac-ilsac-gf-5","13":"pa_ilsac-ilsac-gf-6a","14":"pa_ilsac-ilsac-gf-7a","15":"pa_specifications-chrysler-ms-6395","16":"pa_specifications-fiat-9-55535-cr1","17":"pa_specifications-ford-wss-m2c929-a","18":"pa_specifications-ford-wss-m2c946-a","19":"pa_specifications-ford-wss-m2c946-b1","20":"pa_specifications-ford-wss-m2c961-a","21":"pa_specifications-gm-6094m","22":"pa_specifications-gm-dexos1-gen3","23":"pa_specifications-opel-ov-040-1547-g30","24":"pa_specifications-vwc-53034","25":"pa_viscosity-sae-5w-30","27":"first","28":"onbackorder","29":"shipping-taxable","30":"purchasable","31":"product-type-variable"},"_links":{"self":[{"href":"https:\/\/taktol.de\/de\/wp-json\/wp\/v2\/product\/19390","targetHints":{"allow":["GET"]}}],"collection":[{"href":"https:\/\/taktol.de\/de\/wp-json\/wp\/v2\/product"}],"about":[{"href":"https:\/\/taktol.de\/de\/wp-json\/wp\/v2\/types\/product"}],"version-history":[{"count":3,"href":"https:\/\/taktol.de\/de\/wp-json\/wp\/v2\/product\/19390\/revisions"}],"predecessor-version":[{"id":24509,"href":"https:\/\/taktol.de\/de\/wp-json\/wp\/v2\/product\/19390\/revisions\/24509"}],"wp:featuredmedia":[{"embeddable":true,"href":"https:\/\/taktol.de\/de\/wp-json\/wp\/v2\/media\/17723"}],"wp:attachment":[{"href":"https:\/\/taktol.de\/de\/wp-json\/wp\/v2\/media?parent=19390"}],"wp:term":[{"taxonomy":"product_brand","embeddable":true,"href":"https:\/\/taktol.de\/de\/wp-json\/wp\/v2\/product_brand?post=19390"},{"taxonomy":"product_cat","embeddable":true,"href":"https:\/\/taktol.de\/de\/wp-json\/wp\/v2\/product_cat?post=19390"},{"taxonomy":"product_tag","embeddable":true,"href":"https:\/\/taktol.de\/de\/wp-json\/wp\/v2\/product_tag?post=19390"}],"curies":[{"name":"wp","href":"https:\/\/api.w.org\/{rel}","templated":true}]}}