{"id":19332,"date":"2024-03-30T15:31:37","date_gmt":"2024-03-30T15:31:37","guid":{"rendered":"https:\/\/taktol.de\/product\/taktol-expert-fe-synth-5w-30\/"},"modified":"2025-03-04T16:21:02","modified_gmt":"2025-03-04T16:21:02","slug":"taktol-expert-fe-synth-5w-30","status":"publish","type":"product","link":"https:\/\/taktol.de\/de\/product\/taktol-expert-fe-synth-5w-30\/","title":{"rendered":"Taktol Expert FE-Synth 5W-30"},"content":{"rendered":"\t\t<div data-elementor-type=\"wp-post\" data-elementor-id=\"19332\" class=\"elementor elementor-19332 elementor-16807\">\n\t\t\t\t<div class=\"wd-negative-gap elementor-element elementor-element-938ec4e e-flex e-con-boxed e-con e-parent\" data-id=\"938ec4e\" data-element_type=\"container\" data-e-type=\"container\">\n\t\t\t\t\t<div class=\"e-con-inner\">\n\t\t<div class=\"elementor-element elementor-element-b662b42 e-con-full e-flex e-con e-child\" data-id=\"b662b42\" data-element_type=\"container\" data-e-type=\"container\">\n\t\t\t\t<div class=\"elementor-element elementor-element-827e81f elementor-widget elementor-widget-wd_text_block\" data-id=\"827e81f\" data-element_type=\"widget\" data-e-type=\"widget\" data-widget_type=\"wd_text_block.default\">\n\t\t\t\t<div class=\"elementor-widget-container\">\n\t\t\t\t\t\t\t<div class=\"wd-text-block reset-last-child text-left\">\n\t\t\t\n\t\t\t<p><strong>Taktol Expert FE-Synth 5W-30<\/strong> ist ein Spitzenprodukt speziell f\u00fcr Ford Pkw-Otto- und Dieselmotoren der neuesten Generation, f\u00fcr die Motoren\u00f6le nach Ford WSS-M2C913 C und D vorgeschrieben sind und ist r\u00fcckw\u00e4rtskompatibel nach Ford WSS-M2C913 A und B. Exzellentes Kaltstartverhalten sorgt f\u00fcr eine optimale Schmiersicherheit in der Kaltlaufphase. Extreme Beanspruchungen und hohe Temperaturen werden unter allen Betriebsbedingungen sicher beherrscht.<br \/><strong>Taktol Expert FE-Synth 5W-30<\/strong> gew\u00e4hrleistet einen extrem hohen Verschlei\u00dfschutz und deutlich verringerte Reibungsverluste (HTHS &lt; 3,5 mPa s).<\/p>\n\t\t\t\t\t<\/div>\n\t\t\t\t\t\t<\/div>\n\t\t\t\t<\/div>\n\t\t\t\t<\/div>\n\t\t<div class=\"elementor-element elementor-element-961ae56 e-con-full e-flex e-con e-child\" data-id=\"961ae56\" data-element_type=\"container\" data-e-type=\"container\">\n\t\t\t\t<div class=\"elementor-element elementor-element-df39ddb elementor-widget elementor-widget-wd_text_block\" data-id=\"df39ddb\" data-element_type=\"widget\" data-e-type=\"widget\" data-widget_type=\"wd_text_block.default\">\n\t\t\t\t<div class=\"elementor-widget-container\">\n\t\t\t\t\t\t\t<div class=\"wd-text-block reset-last-child text-left\">\n\t\t\t\n\t\t\t<p><strong>Einsatzhinweise:<\/strong><\/p><p><strong>ACEA A5\/B5, API SP<\/strong><\/p><p>Ford WSS-M2C913-D (Incl. Ford WSS-M2C913-A\/B\/C)<br \/>Renault RN700 | Fiat 9.55535-N1<br \/>Jaguar Land Rover STJLR.03.5003 | VWC 53036<\/p>\n\t\t\t\t\t<\/div>\n\t\t\t\t\t\t<\/div>\n\t\t\t\t<\/div>\n\t\t\t\t<\/div>\n\t\t\t\t\t<\/div>\n\t\t\t\t<\/div>\n\t\t\t\t<\/div>\n\t\t","protected":false},"excerpt":{"rendered":"<p>ist ein modernes Hochleistungs-Leichtlauf-Motoren\u00f6l der SAE-Klasse 5W-30 auf Basis modernster Synthesetechnologie.<\/p>\n","protected":false},"featured_media":17738,"template":"","meta":[],"product_brand":[],"product_cat":[423,420],"product_tag":[],"class_list":{"0":"post-19332","1":"product","2":"type-product","3":"status-publish","4":"has-post-thumbnail","6":"product_cat-expert-linie","7":"product_cat-motorenol","8":"pa_acea-acea-a5-b5","9":"pa_api-api-sp","10":"pa_application-pkw","11":"pa_specifications-fiat-9-55535-n1","12":"pa_specifications-ford-wss-m2c913-a","13":"pa_specifications-ford-wss-m2c913-b","14":"pa_specifications-ford-wss-m2c913-c","15":"pa_specifications-ford-wss-m2c913-d","16":"pa_specifications-jaguar-land-rover-stjlr-03-5003","17":"pa_specifications-renault-rn0700","18":"pa_specifications-vwc-53036","19":"pa_viscosity-sae-5w-30","21":"first","22":"onbackorder","23":"shipping-taxable","24":"purchasable","25":"product-type-variable"},"_links":{"self":[{"href":"https:\/\/taktol.de\/de\/wp-json\/wp\/v2\/product\/19332","targetHints":{"allow":["GET"]}}],"collection":[{"href":"https:\/\/taktol.de\/de\/wp-json\/wp\/v2\/product"}],"about":[{"href":"https:\/\/taktol.de\/de\/wp-json\/wp\/v2\/types\/product"}],"version-history":[{"count":1,"href":"https:\/\/taktol.de\/de\/wp-json\/wp\/v2\/product\/19332\/revisions"}],"predecessor-version":[{"id":21361,"href":"https:\/\/taktol.de\/de\/wp-json\/wp\/v2\/product\/19332\/revisions\/21361"}],"wp:featuredmedia":[{"embeddable":true,"href":"https:\/\/taktol.de\/de\/wp-json\/wp\/v2\/media\/17738"}],"wp:attachment":[{"href":"https:\/\/taktol.de\/de\/wp-json\/wp\/v2\/media?parent=19332"}],"wp:term":[{"taxonomy":"product_brand","embeddable":true,"href":"https:\/\/taktol.de\/de\/wp-json\/wp\/v2\/product_brand?post=19332"},{"taxonomy":"product_cat","embeddable":true,"href":"https:\/\/taktol.de\/de\/wp-json\/wp\/v2\/product_cat?post=19332"},{"taxonomy":"product_tag","embeddable":true,"href":"https:\/\/taktol.de\/de\/wp-json\/wp\/v2\/product_tag?post=19332"}],"curies":[{"name":"wp","href":"https:\/\/api.w.org\/{rel}","templated":true}]}}