{"id":19304,"date":"2024-03-30T15:32:55","date_gmt":"2024-03-30T15:32:55","guid":{"rendered":"https:\/\/taktol.de\/product\/taktol-expert-fs-synth-5w-40\/"},"modified":"2025-03-22T13:59:51","modified_gmt":"2025-03-22T13:59:51","slug":"taktol-expert-fs-synth-5w-40","status":"publish","type":"product","link":"https:\/\/taktol.de\/de\/product\/taktol-expert-fs-synth-5w-40\/","title":{"rendered":"Taktol Expert FS-Synth 5W-40"},"content":{"rendered":"<p><strong>Taktol Expert FS-Synth 5W-40 <\/strong>wird als Hochleistungs-Leichtlauf-Motoren\u00f6l f\u00fcr anspruchsvolle moderne Motoren empfohlen. Es eignet sich f\u00fcr Pkw-Otto- und Dieselmotoren, einschlie\u00dflich der Turboversionen und f\u00fcr Direkteinspritzmotoren im ganzj\u00e4hrigen Einsatz.<br \/>\n<strong>Taktol Expert FS-Synth 5W-40<\/strong> bietet einen exzellenten Verschlei\u00dfschutz, eine verbesserte Motorsauberkeit zur Verl\u00e4ngerung der Motorlebensdauer und nochmals verbesserten Alterungsschutz f\u00fcr l\u00e4ngste \u00d6lwechselintervalle.<\/p>\n","protected":false},"excerpt":{"rendered":"<p>Ist ein Hochleistungs-Leichtlauf-Motoren\u00f6l der SAE-Klasse 5W-40 auf Basis modernster Synthesetechnologie.<\/p>\n","protected":false},"featured_media":17729,"template":"","meta":[],"product_brand":[],"product_cat":[423,420],"product_tag":[],"class_list":{"0":"post-19304","1":"product","2":"type-product","3":"status-publish","4":"has-post-thumbnail","6":"product_cat-expert-linie","7":"product_cat-motorenol","8":"pa_acea-acea-a3-b4","9":"pa_api-api-sn-cf","10":"pa_application-pkw","11":"pa_specifications-bmw-longlife-01","12":"pa_specifications-mb-229-3","13":"pa_specifications-mb-229-5","14":"pa_specifications-opel-gm-ll-025-a","15":"pa_specifications-opel-gm-ll-025-b","16":"pa_specifications-porsche-a40","17":"pa_specifications-renault-rn0700","18":"pa_specifications-renault-rn0710","19":"pa_specifications-vw-502-00-505-00","20":"pa_viscosity-sae-5w-40","22":"first","23":"onbackorder","24":"shipping-taxable","25":"purchasable","26":"product-type-variable"},"_links":{"self":[{"href":"https:\/\/taktol.de\/de\/wp-json\/wp\/v2\/product\/19304","targetHints":{"allow":["GET"]}}],"collection":[{"href":"https:\/\/taktol.de\/de\/wp-json\/wp\/v2\/product"}],"about":[{"href":"https:\/\/taktol.de\/de\/wp-json\/wp\/v2\/types\/product"}],"version-history":[{"count":2,"href":"https:\/\/taktol.de\/de\/wp-json\/wp\/v2\/product\/19304\/revisions"}],"predecessor-version":[{"id":21655,"href":"https:\/\/taktol.de\/de\/wp-json\/wp\/v2\/product\/19304\/revisions\/21655"}],"wp:featuredmedia":[{"embeddable":true,"href":"https:\/\/taktol.de\/de\/wp-json\/wp\/v2\/media\/17729"}],"wp:attachment":[{"href":"https:\/\/taktol.de\/de\/wp-json\/wp\/v2\/media?parent=19304"}],"wp:term":[{"taxonomy":"product_brand","embeddable":true,"href":"https:\/\/taktol.de\/de\/wp-json\/wp\/v2\/product_brand?post=19304"},{"taxonomy":"product_cat","embeddable":true,"href":"https:\/\/taktol.de\/de\/wp-json\/wp\/v2\/product_cat?post=19304"},{"taxonomy":"product_tag","embeddable":true,"href":"https:\/\/taktol.de\/de\/wp-json\/wp\/v2\/product_tag?post=19304"}],"curies":[{"name":"wp","href":"https:\/\/api.w.org\/{rel}","templated":true}]}}