{"id":19246,"date":"2024-03-30T15:34:07","date_gmt":"2024-03-30T15:34:07","guid":{"rendered":"https:\/\/taktol.de\/product\/taktol-praktik-basic-5w-40\/"},"modified":"2025-03-04T16:15:58","modified_gmt":"2025-03-04T16:15:58","slug":"taktol-praktik-basic-5w-40","status":"publish","type":"product","link":"https:\/\/taktol.de\/de\/product\/taktol-praktik-basic-5w-40\/","title":{"rendered":"Taktol Praktik Basic 5W-40"},"content":{"rendered":"\t\t<div data-elementor-type=\"wp-post\" data-elementor-id=\"19246\" class=\"elementor elementor-19246 elementor-16823\">\n\t\t\t\t<div class=\"wd-negative-gap elementor-element elementor-element-bd86b42 e-flex e-con-boxed e-con e-parent\" data-id=\"bd86b42\" data-element_type=\"container\" data-e-type=\"container\">\n\t\t\t\t\t<div class=\"e-con-inner\">\n\t\t<div class=\"elementor-element elementor-element-a7c9d46 e-con-full e-flex e-con e-child\" data-id=\"a7c9d46\" data-element_type=\"container\" data-e-type=\"container\">\n\t\t\t\t<div class=\"elementor-element elementor-element-ba12006 elementor-widget elementor-widget-wd_text_block\" data-id=\"ba12006\" data-element_type=\"widget\" data-e-type=\"widget\" data-widget_type=\"wd_text_block.default\">\n\t\t\t\t<div class=\"elementor-widget-container\">\n\t\t\t\t\t\t\t<div class=\"wd-text-block reset-last-child text-left\">\n\t\t\t\n\t\t\t<p><strong>Taktol Praktik Basic 5W-40<\/strong> ist ein Hochleistungs-Leichtlauf-Motoren\u00f6l der SAE-Klasse 5W-40. Grund\u00f6le auf Basis modernster Synthesetechnologie und eine darauf abgestimmte innovative Additivierung gew\u00e4hrleisten eine verbesserte Motoren\u00f6lqualit\u00e4t. <strong>Taktol Praktik Basic 5W-40<\/strong> bietet einen nochmals verbesserten Verschlei\u00dfschutz sowie eine verbesserte Motorsauberkeit, auch bei verl\u00e4ngerten \u00d6lwechselintervallen.<\/p>\n\t\t\t\t\t<\/div>\n\t\t\t\t\t\t<\/div>\n\t\t\t\t<\/div>\n\t\t\t\t<\/div>\n\t\t<div class=\"elementor-element elementor-element-5a85928 e-con-full e-flex e-con e-child\" data-id=\"5a85928\" data-element_type=\"container\" data-e-type=\"container\">\n\t\t\t\t<div class=\"elementor-element elementor-element-ade7422 elementor-widget elementor-widget-wd_text_block\" data-id=\"ade7422\" data-element_type=\"widget\" data-e-type=\"widget\" data-widget_type=\"wd_text_block.default\">\n\t\t\t\t<div class=\"elementor-widget-container\">\n\t\t\t\t\t\t\t<div class=\"wd-text-block reset-last-child text-left\">\n\t\t\t\n\t\t\t<div><strong>ACEA A3\/B4, API SN\/CF<\/strong><\/div><div><strong>Einsatzempfehlungen:<\/strong><\/div><div class=\"product__text\">MB 229.3 | BMW Longlife-98 | Fiat 9.55535-H2\/-M2\/-N2 | Opel GM-LL-B-025<\/div><div class=\"product__text\">Porsche A40 from modelyear 1973 (exc. Cayenne V6) | PSA B71 2296<\/div><div class=\"product__text\">Renault RN0700\/RN0710 | VW 502 00\/505 00<\/div>\n\t\t\t\t\t<\/div>\n\t\t\t\t\t\t<\/div>\n\t\t\t\t<\/div>\n\t\t\t\t<\/div>\n\t\t\t\t\t<\/div>\n\t\t\t\t<\/div>\n\t\t\t\t<\/div>\n\t\t","protected":false},"excerpt":{"rendered":"<p>Hochleistungs-Leichtlauf-Motoren\u00f6l f\u00fcr Pkw-Otto- und Dieselmotoren, einschlie\u00dflich der Turboversionen und f\u00fcr Direkteinspritzmotoren und wird f\u00fcr den Einsatz unter allen Betriebsbedingungen empfohlen.<\/p>\n","protected":false},"featured_media":17753,"template":"","meta":[],"product_brand":[],"product_cat":[420,426],"product_tag":[],"class_list":{"0":"post-19246","1":"product","2":"type-product","3":"status-publish","4":"has-post-thumbnail","6":"product_cat-motorenol","7":"product_cat-praktik-linie","8":"pa_acea-acea-a3-b4","9":"pa_api-api-sn-cf","10":"pa_application-pkw","11":"pa_specifications-bmw-longlife-98","12":"pa_specifications-fiat-9-55535-h2","13":"pa_specifications-fiat-9-55535-m2","14":"pa_specifications-fiat-9-55535-n2","15":"pa_specifications-mb-229-3","16":"pa_specifications-opel-gm-ll-025-b","17":"pa_specifications-porsche-a40","18":"pa_specifications-psa-b71-2296","19":"pa_specifications-renault-rn0700","20":"pa_specifications-renault-rn0710","21":"pa_specifications-vw-502-00-505-00","22":"pa_viscosity-sae-5w-40","24":"first","25":"onbackorder","26":"shipping-taxable","27":"purchasable","28":"product-type-variable"},"_links":{"self":[{"href":"https:\/\/taktol.de\/de\/wp-json\/wp\/v2\/product\/19246","targetHints":{"allow":["GET"]}}],"collection":[{"href":"https:\/\/taktol.de\/de\/wp-json\/wp\/v2\/product"}],"about":[{"href":"https:\/\/taktol.de\/de\/wp-json\/wp\/v2\/types\/product"}],"version-history":[{"count":1,"href":"https:\/\/taktol.de\/de\/wp-json\/wp\/v2\/product\/19246\/revisions"}],"predecessor-version":[{"id":21355,"href":"https:\/\/taktol.de\/de\/wp-json\/wp\/v2\/product\/19246\/revisions\/21355"}],"wp:featuredmedia":[{"embeddable":true,"href":"https:\/\/taktol.de\/de\/wp-json\/wp\/v2\/media\/17753"}],"wp:attachment":[{"href":"https:\/\/taktol.de\/de\/wp-json\/wp\/v2\/media?parent=19246"}],"wp:term":[{"taxonomy":"product_brand","embeddable":true,"href":"https:\/\/taktol.de\/de\/wp-json\/wp\/v2\/product_brand?post=19246"},{"taxonomy":"product_cat","embeddable":true,"href":"https:\/\/taktol.de\/de\/wp-json\/wp\/v2\/product_cat?post=19246"},{"taxonomy":"product_tag","embeddable":true,"href":"https:\/\/taktol.de\/de\/wp-json\/wp\/v2\/product_tag?post=19246"}],"curies":[{"name":"wp","href":"https:\/\/api.w.org\/{rel}","templated":true}]}}