{"id":19156,"date":"2024-03-30T15:35:28","date_gmt":"2024-03-30T15:35:28","guid":{"rendered":"https:\/\/taktol.de\/product\/taktol-expert-hc-synth-5w-40\/"},"modified":"2025-03-04T16:12:22","modified_gmt":"2025-03-04T16:12:22","slug":"taktol-expert-hc-synth-5w-40","status":"publish","type":"product","link":"https:\/\/taktol.de\/de\/product\/taktol-expert-hc-synth-5w-40\/","title":{"rendered":"Taktol Expert HC-Synth 5W-40"},"content":{"rendered":"\t\t<div data-elementor-type=\"wp-post\" data-elementor-id=\"19156\" class=\"elementor elementor-19156 elementor-16831\">\n\t\t\t\t<div class=\"wd-negative-gap elementor-element elementor-element-938ec4e e-flex e-con-boxed e-con e-parent\" data-id=\"938ec4e\" data-element_type=\"container\" data-e-type=\"container\">\n\t\t\t\t\t<div class=\"e-con-inner\">\n\t\t<div class=\"elementor-element elementor-element-b662b42 e-con-full e-flex e-con e-child\" data-id=\"b662b42\" data-element_type=\"container\" data-e-type=\"container\">\n\t\t\t\t<div class=\"elementor-element elementor-element-827e81f elementor-widget elementor-widget-wd_text_block\" data-id=\"827e81f\" data-element_type=\"widget\" data-e-type=\"widget\" data-widget_type=\"wd_text_block.default\">\n\t\t\t\t<div class=\"elementor-widget-container\">\n\t\t\t\t\t\t\t<div class=\"wd-text-block reset-last-child text-left\">\n\t\t\t\n\t\t\t<p><strong>Taktol Expert HC-Synth 5W-40<\/strong> ist ein Hochleistungs-Leichtlauf-Motoren\u00f6l der SAE-Klasse 5W-40, wird besonders f\u00fcr Dieselmotoren mit Abgasnachbehandlungsanlagen, wie DPF (Diesel-Partikel-Filter) und auch f\u00fcr Benzinmotoren mit Drei-Wege-Katalysator empfohlen. Das Motoren\u00f6l h\u00e4lt die Wirksamkeit der Abgasreinigungssysteme \u00fcber verl\u00e4ngerte Laufzeiten aufrecht. <strong>Taktol Expert HC-Synth 5W-40<\/strong> erf\u00fcllt die Opel dexos2 Anforderungen und kann auch in Motoren eingesetzt werden, bei denen Motoren\u00f6le gem. Opel GM-LL-A-025 und Opel GM-LL-B-025 gefordert werden.<\/p>\n\t\t\t\t\t<\/div>\n\t\t\t\t\t\t<\/div>\n\t\t\t\t<\/div>\n\t\t\t\t<\/div>\n\t\t<div class=\"elementor-element elementor-element-961ae56 e-con-full e-flex e-con e-child\" data-id=\"961ae56\" data-element_type=\"container\" data-e-type=\"container\">\n\t\t\t\t<div class=\"elementor-element elementor-element-df39ddb elementor-widget elementor-widget-wd_text_block\" data-id=\"df39ddb\" data-element_type=\"widget\" data-e-type=\"widget\" data-widget_type=\"wd_text_block.default\">\n\t\t\t\t<div class=\"elementor-widget-container\">\n\t\t\t\t\t\t\t<div class=\"wd-text-block reset-last-child text-left\">\n\t\t\t\n\t\t\t<p><strong>Einsatzempfehlungen:<\/strong><\/p><p><strong>ACEA C3; API SN\/CF<\/strong><\/p><p>BMW-Longlife-04, Chrysler MS-11106, Fiat 9.55535-S2, Ford WSS-M2C917-A<br \/>GM dexos 2, MB 226.5, MB 229.31, MB 229.51, Porsche A40, Renault RN0700<br \/>Renault RN0710, VW 505 00\/505 01<\/p>\n\t\t\t\t\t<\/div>\n\t\t\t\t\t\t<\/div>\n\t\t\t\t<\/div>\n\t\t\t\t<\/div>\n\t\t\t\t\t<\/div>\n\t\t\t\t<\/div>\n\t\t\t\t<\/div>\n\t\t","protected":false},"excerpt":{"rendered":"<p>Hochleistungs-Motoren\u00f6l f\u00fcr moderne Diesel- und Benzinmotoren in Pkw und Transportern nach Spezifikation VAG 505 01<\/p>\n","protected":false},"featured_media":17756,"template":"","meta":[],"product_brand":[],"product_cat":[423,420],"product_tag":[],"class_list":{"0":"post-19156","1":"product","2":"type-product","3":"status-publish","4":"has-post-thumbnail","6":"product_cat-expert-linie","7":"product_cat-motorenol","8":"pa_acea-acea-c3","9":"pa_api-api-sn-cf","10":"pa_application-pkw","11":"pa_specifications-bmw-longlife-04","12":"pa_specifications-chrysler-ms-11106","13":"pa_specifications-fiat-9-55535-s2","14":"pa_specifications-ford-wss-m2c917-a","15":"pa_specifications-gm-dexos-2","16":"pa_specifications-mb-226-5","17":"pa_specifications-mb-229-31","18":"pa_specifications-mb-229-51","19":"pa_specifications-porsche-a40","20":"pa_specifications-renault-rn0700","21":"pa_specifications-renault-rn0710","22":"pa_specifications-vw-505-00-505-01","23":"pa_viscosity-sae-5w-40","25":"first","26":"onbackorder","27":"shipping-taxable","28":"purchasable","29":"product-type-variable"},"_links":{"self":[{"href":"https:\/\/taktol.de\/de\/wp-json\/wp\/v2\/product\/19156","targetHints":{"allow":["GET"]}}],"collection":[{"href":"https:\/\/taktol.de\/de\/wp-json\/wp\/v2\/product"}],"about":[{"href":"https:\/\/taktol.de\/de\/wp-json\/wp\/v2\/types\/product"}],"version-history":[{"count":1,"href":"https:\/\/taktol.de\/de\/wp-json\/wp\/v2\/product\/19156\/revisions"}],"predecessor-version":[{"id":21351,"href":"https:\/\/taktol.de\/de\/wp-json\/wp\/v2\/product\/19156\/revisions\/21351"}],"wp:featuredmedia":[{"embeddable":true,"href":"https:\/\/taktol.de\/de\/wp-json\/wp\/v2\/media\/17756"}],"wp:attachment":[{"href":"https:\/\/taktol.de\/de\/wp-json\/wp\/v2\/media?parent=19156"}],"wp:term":[{"taxonomy":"product_brand","embeddable":true,"href":"https:\/\/taktol.de\/de\/wp-json\/wp\/v2\/product_brand?post=19156"},{"taxonomy":"product_cat","embeddable":true,"href":"https:\/\/taktol.de\/de\/wp-json\/wp\/v2\/product_cat?post=19156"},{"taxonomy":"product_tag","embeddable":true,"href":"https:\/\/taktol.de\/de\/wp-json\/wp\/v2\/product_tag?post=19156"}],"curies":[{"name":"wp","href":"https:\/\/api.w.org\/{rel}","templated":true}]}}