{"id":19070,"date":"2024-03-30T15:39:32","date_gmt":"2024-03-30T15:39:32","guid":{"rendered":"https:\/\/taktol.de\/product\/taktol-multifleet-plus-10w-40\/"},"modified":"2025-03-04T16:05:30","modified_gmt":"2025-03-04T16:05:30","slug":"taktol-multifleet-plus-10w-40","status":"publish","type":"product","link":"https:\/\/taktol.de\/de\/product\/taktol-multifleet-plus-10w-40\/","title":{"rendered":"Taktol MultiFleet Plus 10W-40"},"content":{"rendered":"\t\t<div data-elementor-type=\"wp-post\" data-elementor-id=\"19070\" class=\"elementor elementor-19070 elementor-16847\">\n\t\t\t\t<div class=\"wd-negative-gap elementor-element elementor-element-bd86b42 e-flex e-con-boxed e-con e-parent\" data-id=\"bd86b42\" data-element_type=\"container\" data-e-type=\"container\">\n\t\t\t\t\t<div class=\"e-con-inner\">\n\t\t<div class=\"elementor-element elementor-element-a7c9d46 e-con-full e-flex e-con e-child\" data-id=\"a7c9d46\" data-element_type=\"container\" data-e-type=\"container\">\n\t\t\t\t<div class=\"elementor-element elementor-element-ba12006 elementor-widget elementor-widget-wd_text_block\" data-id=\"ba12006\" data-element_type=\"widget\" data-e-type=\"widget\" data-widget_type=\"wd_text_block.default\">\n\t\t\t\t<div class=\"elementor-widget-container\">\n\t\t\t\t\t\t\t<div class=\"wd-text-block reset-last-child text-left\">\n\t\t\t\n\t\t\t<p><strong> Taktol MultiFleet Plus 10W-40<\/strong>\u00a0ist als universelles Leichtlauf-Motoren\u00f6l das perfekte Produkt f\u00fcr den gemischten Fuhrpark, z.B. f\u00fcr Speditionen, st\u00e4dtische Dienste und die Bauwirtschaft. Ein Motoren\u00f6l f\u00fcr alle Fahrzeuge schlie\u00dft eine Verwechslung von Schmierstoffen aus und garantiert eine wirtschaftliche Lagerhaltung. Aufgrund seiner sehr hohen Dieselleistung ist Taktol MultiFleet Plus in allen Arten von Nutz- und Baufahrzeugen, auch mit Turbomotor, sowie in Pkw-Benzin- und Dieselmotoren mit und ohne Turbolader einsetzbar. Taktol MultiFleet Plus kann auch in \u00e4lteren Fahrzeugen eingesetzt werden, f\u00fcr die Motoren\u00f6le nach der fr\u00fcheren ACEA A3\/B4 und E7 empfohlen werden.<\/p>\n\t\t\t\t\t<\/div>\n\t\t\t\t\t\t<\/div>\n\t\t\t\t<\/div>\n\t\t\t\t<\/div>\n\t\t<div class=\"elementor-element elementor-element-5a85928 e-con-full e-flex e-con e-child\" data-id=\"5a85928\" data-element_type=\"container\" data-e-type=\"container\">\n\t\t\t\t<div class=\"elementor-element elementor-element-ade7422 elementor-widget elementor-widget-wd_text_block\" data-id=\"ade7422\" data-element_type=\"widget\" data-e-type=\"widget\" data-widget_type=\"wd_text_block.default\">\n\t\t\t\t<div class=\"elementor-widget-container\">\n\t\t\t\t\t\t\t<div class=\"wd-text-block reset-last-child text-left\">\n\t\t\t\n\t\t\t<div><strong>Einsatzempfehlungen:<\/strong><\/div><div>\u00a0<\/div><div>ACEA A3\/B4, ACEA E3\/E5\/E7, API CI-4\/SL, Global DHD-1, JASO DH-1<\/div><div>\u00a0<\/div><div class=\"product__text\">Allison C-4, Caterpillar ECF-2, Caterpillar TO-2, Cummins CES 20076, Cummins CES 20077, Cummins CES 20078, DDC 93K215, Deutz DQC III-10, DTFR 13D110, DTFR 15B110, Mack EO-M Plus, Mack EO-N, MAN M 3275-1, MB 228.3, MB 229.1, MB 235.28, MTU Type 2, Renault VI RLD-2, Voith Retarder B, VOLVO VDS-3, VW 501 01\/505 00<\/div>\n\t\t\t\t\t<\/div>\n\t\t\t\t\t\t<\/div>\n\t\t\t\t<\/div>\n\t\t\t\t<\/div>\n\t\t\t\t\t<\/div>\n\t\t\t\t<\/div>\n\t\t\t\t<\/div>\n\t\t","protected":false},"excerpt":{"rendered":"<p>Dieses Motor\u00f6l ist ideal f\u00fcr gemischte Flotten und kann in Motoren mit den angegebenen Spezifikationen verwendet werden.<\/p>\n","protected":false},"featured_media":17774,"template":"","meta":[],"product_brand":[],"product_cat":[420,429],"product_tag":[],"class_list":{"0":"post-19070","1":"product","2":"type-product","3":"status-publish","4":"has-post-thumbnail","6":"product_cat-motorenol","7":"product_cat-truck-linie","8":"pa_acea-acea-a3-b4","9":"pa_acea-acea-e3","10":"pa_acea-acea-e5","11":"pa_acea-acea-e7","12":"pa_api-api-ci-4","13":"pa_api-api-sl","14":"pa_application-lkw-bus","15":"pa_application-pkw","16":"pa_specifications-allison-c-4","17":"pa_specifications-caterpillar-ecf-2","18":"pa_specifications-caterpillar-to-2","19":"pa_specifications-cummins-ces-20076","20":"pa_specifications-cummins-ces-20077","21":"pa_specifications-cummins-ces-20078","22":"pa_specifications-ddc-93k215","23":"pa_specifications-deutz-dqc-iii-10","24":"pa_specifications-dtfr-13d110","25":"pa_specifications-dtfr-15b110","26":"pa_specifications-mack-eo-m-plus","27":"pa_specifications-mack-eo-n","28":"pa_specifications-man-m-3275-1","29":"pa_specifications-mb-228-3","30":"pa_specifications-mb-229-1","31":"pa_specifications-mb-235-28","32":"pa_specifications-mtu-type-2","33":"pa_specifications-renault-vi-rld-2","34":"pa_specifications-voith-retarder-b","35":"pa_specifications-volvo-vds-3","36":"pa_specifications-vw-501-01-505-00","37":"pa_viscosity-sae-10w-40","39":"first","40":"onbackorder","41":"shipping-taxable","42":"purchasable","43":"product-type-variable"},"_links":{"self":[{"href":"https:\/\/taktol.de\/de\/wp-json\/wp\/v2\/product\/19070","targetHints":{"allow":["GET"]}}],"collection":[{"href":"https:\/\/taktol.de\/de\/wp-json\/wp\/v2\/product"}],"about":[{"href":"https:\/\/taktol.de\/de\/wp-json\/wp\/v2\/types\/product"}],"version-history":[{"count":1,"href":"https:\/\/taktol.de\/de\/wp-json\/wp\/v2\/product\/19070\/revisions"}],"predecessor-version":[{"id":21347,"href":"https:\/\/taktol.de\/de\/wp-json\/wp\/v2\/product\/19070\/revisions\/21347"}],"wp:featuredmedia":[{"embeddable":true,"href":"https:\/\/taktol.de\/de\/wp-json\/wp\/v2\/media\/17774"}],"wp:attachment":[{"href":"https:\/\/taktol.de\/de\/wp-json\/wp\/v2\/media?parent=19070"}],"wp:term":[{"taxonomy":"product_brand","embeddable":true,"href":"https:\/\/taktol.de\/de\/wp-json\/wp\/v2\/product_brand?post=19070"},{"taxonomy":"product_cat","embeddable":true,"href":"https:\/\/taktol.de\/de\/wp-json\/wp\/v2\/product_cat?post=19070"},{"taxonomy":"product_tag","embeddable":true,"href":"https:\/\/taktol.de\/de\/wp-json\/wp\/v2\/product_tag?post=19070"}],"curies":[{"name":"wp","href":"https:\/\/api.w.org\/{rel}","templated":true}]}}