{"id":18955,"date":"2024-03-30T15:42:49","date_gmt":"2024-03-30T15:42:49","guid":{"rendered":"https:\/\/taktol.de\/product\/taktol-turbotruck-10w-40\/"},"modified":"2025-03-04T15:55:52","modified_gmt":"2025-03-04T15:55:52","slug":"taktol-turbotruck-10w-40","status":"publish","type":"product","link":"https:\/\/taktol.de\/de\/product\/taktol-turbotruck-10w-40\/","title":{"rendered":"Taktol TurboTruck 10W-40"},"content":{"rendered":"\t\t<div data-elementor-type=\"wp-post\" data-elementor-id=\"18955\" class=\"elementor elementor-18955 elementor-16863\">\n\t\t\t\t<div class=\"wd-negative-gap elementor-element elementor-element-bd86b42 e-flex e-con-boxed e-con e-parent\" data-id=\"bd86b42\" data-element_type=\"container\" data-e-type=\"container\">\n\t\t\t\t\t<div class=\"e-con-inner\">\n\t\t<div class=\"elementor-element elementor-element-a7c9d46 e-con-full e-flex e-con e-child\" data-id=\"a7c9d46\" data-element_type=\"container\" data-e-type=\"container\">\n\t\t\t\t<div class=\"elementor-element elementor-element-ba12006 elementor-widget elementor-widget-wd_text_block\" data-id=\"ba12006\" data-element_type=\"widget\" data-e-type=\"widget\" data-widget_type=\"wd_text_block.default\">\n\t\t\t\t<div class=\"elementor-widget-container\">\n\t\t\t\t\t\t\t<div class=\"wd-text-block reset-last-child text-left\">\n\t\t\t\n\t\t\t<p><strong>Taktol TurboTruck 10W-40<\/strong> ist ein kraftstoffsparendes MID SAPS Super-Hochleistungs-Universal\u00f6l auf Basis 100%iger Synthesetechnologie f\u00fcr hochbelastete Dieselmotoren in leichten und schweren Nutzfahrzeugen, die das ganze Jahr \u00fcber unter schwierigen Betriebsbedingungen arbeiten, f\u00fcr den Einsatz in Euro-4-, Euro-5- und Euro-6-Motoren, die mit einem Dieselpartikelfilter (DPF) ausgestattet sind, und f\u00fcr Dieselmotoren, die mit einem EGR- und\/oder SCR-Nachbehandlungssystem ausgestattet sind.<br \/>Der Viskosit\u00e4tsbereich SAE 10W-40 gew\u00e4hrleistet einen zuverl\u00e4ssigen Kaltstart mit geringer externer und voller Schmierf\u00e4higkeit bei hohen Betriebstemperaturen. Taktol TurboTruck 10W-40 zeichnet sich durch h\u00f6chste Kolbensauberkeit, deutlich verbesserte Scherstabilit\u00e4t und ein verbessertes Luftabscheideverm\u00f6gen aus und erf\u00fcllt damit die aktuellen Anforderungen der API CK-4.<\/p>\n\t\t\t\t\t<\/div>\n\t\t\t\t\t\t<\/div>\n\t\t\t\t<\/div>\n\t\t\t\t<\/div>\n\t\t<div class=\"elementor-element elementor-element-5a85928 e-con-full e-flex e-con e-child\" data-id=\"5a85928\" data-element_type=\"container\" data-e-type=\"container\">\n\t\t\t\t<div class=\"elementor-element elementor-element-ade7422 elementor-widget elementor-widget-wd_text_block\" data-id=\"ade7422\" data-element_type=\"widget\" data-e-type=\"widget\" data-widget_type=\"wd_text_block.default\">\n\t\t\t\t<div class=\"elementor-widget-container\">\n\t\t\t\t\t\t\t<div class=\"wd-text-block reset-last-child text-left\">\n\t\t\t\n\t\t\t<p><strong>Einsatzempfehlungen:<\/strong><\/p><p>API CK-4\/SN; ACEA E6\/E7\/E8\/E9\/E11; JASO DH-2<\/p><p>Caterpillar ECF-1 | Caterpillar ECF-2 | Caterpillar ECF-3<br \/>Cummins CES 20081\/20086 | DAF HP-2 | DDC 93K218 | DDC 93K222<br \/>Deutz DQC IV-10 LA | DTFR 15C100 (228.31) | DTFR 15C110 (228.51)<br \/>IVECO 18-1804 TLS E9 | Mack EOS-4.5 | MAN M 3477 | MAN M 3575<br \/>MAN M 3275 | MAN M 3271-1 | MTU Typ 3.1 | Renault VI RLD-3<br \/>SCANIA Low Ash | VOLVO VDS-4.5<\/p>\n\t\t\t\t\t<\/div>\n\t\t\t\t\t\t<\/div>\n\t\t\t\t<\/div>\n\t\t\t\t<\/div>\n\t\t\t\t\t<\/div>\n\t\t\t\t<\/div>\n\t\t\t\t<\/div>\n\t\t","protected":false},"excerpt":{"rendered":"<p>Synthetisches MID SAPS Heavy Duty Dieselmotoren\u00f6l auf Basis 100% synthetischer Technologie f\u00fcr hochbelastete Dieselmotoren in leichten und schweren Nutzfahrzeugen.<\/p>\n","protected":false},"featured_media":17825,"template":"","meta":[],"product_brand":[],"product_cat":[420,429],"product_tag":[],"class_list":{"0":"post-18955","1":"product","2":"type-product","3":"status-publish","4":"has-post-thumbnail","6":"product_cat-motorenol","7":"product_cat-truck-linie","8":"pa_acea-acea-e11","9":"pa_acea-acea-e6","10":"pa_acea-acea-e7","11":"pa_acea-acea-e8","12":"pa_acea-acea-e9","13":"pa_api-api-ck-4","14":"pa_api-api-sn","15":"pa_application-lkw-bus","16":"pa_specifications-caterpillar-ecf-1","17":"pa_specifications-caterpillar-ecf-2","18":"pa_specifications-caterpillar-ecf-3","19":"pa_specifications-cummins-ces-20081","20":"pa_specifications-cummins-ces-20086","21":"pa_specifications-daf-hp-2","22":"pa_specifications-ddc-93k218","23":"pa_specifications-ddc93k222","24":"pa_specifications-deutz-dqc-iv-10-la","25":"pa_specifications-dtfr-15c100","26":"pa_specifications-dtfr-15c110","27":"pa_specifications-mack-eos-4-5","28":"pa_specifications-man-m-3271-1","29":"pa_specifications-man-m-3275","30":"pa_specifications-man-m-3477","31":"pa_specifications-man-m-3575","32":"pa_specifications-mb-228-31","33":"pa_specifications-mb-228-51","34":"pa_specifications-mtu-type-3-1","35":"pa_specifications-renault-vi-rld-3","36":"pa_specifications-scania-low-ash","37":"pa_specifications-volvo-vds-4-5","38":"pa_viscosity-sae-10w-40","40":"first","41":"onbackorder","42":"shipping-taxable","43":"purchasable","44":"product-type-variable"},"_links":{"self":[{"href":"https:\/\/taktol.de\/de\/wp-json\/wp\/v2\/product\/18955","targetHints":{"allow":["GET"]}}],"collection":[{"href":"https:\/\/taktol.de\/de\/wp-json\/wp\/v2\/product"}],"about":[{"href":"https:\/\/taktol.de\/de\/wp-json\/wp\/v2\/types\/product"}],"version-history":[{"count":1,"href":"https:\/\/taktol.de\/de\/wp-json\/wp\/v2\/product\/18955\/revisions"}],"predecessor-version":[{"id":21340,"href":"https:\/\/taktol.de\/de\/wp-json\/wp\/v2\/product\/18955\/revisions\/21340"}],"wp:featuredmedia":[{"embeddable":true,"href":"https:\/\/taktol.de\/de\/wp-json\/wp\/v2\/media\/17825"}],"wp:attachment":[{"href":"https:\/\/taktol.de\/de\/wp-json\/wp\/v2\/media?parent=18955"}],"wp:term":[{"taxonomy":"product_brand","embeddable":true,"href":"https:\/\/taktol.de\/de\/wp-json\/wp\/v2\/product_brand?post=18955"},{"taxonomy":"product_cat","embeddable":true,"href":"https:\/\/taktol.de\/de\/wp-json\/wp\/v2\/product_cat?post=18955"},{"taxonomy":"product_tag","embeddable":true,"href":"https:\/\/taktol.de\/de\/wp-json\/wp\/v2\/product_tag?post=18955"}],"curies":[{"name":"wp","href":"https:\/\/api.w.org\/{rel}","templated":true}]}}