{"id":18939,"date":"2024-04-03T17:37:21","date_gmt":"2024-04-03T17:37:21","guid":{"rendered":"https:\/\/taktol.de\/product\/taktol-atf-s-plus\/"},"modified":"2025-03-04T15:28:57","modified_gmt":"2025-03-04T15:28:57","slug":"taktol-atf-s-plus","status":"publish","type":"product","link":"https:\/\/taktol.de\/de\/product\/taktol-atf-s-plus\/","title":{"rendered":"Taktol ATF S-Plus"},"content":{"rendered":"\t\t<div data-elementor-type=\"wp-post\" data-elementor-id=\"18939\" class=\"elementor elementor-18939 elementor-17068\">\n\t\t\t\t<div class=\"wd-negative-gap elementor-element elementor-element-6c282a0 e-flex e-con-boxed e-con e-parent\" data-id=\"6c282a0\" data-element_type=\"container\" data-e-type=\"container\">\n\t\t\t\t\t<div class=\"e-con-inner\">\n\t\t<div class=\"elementor-element elementor-element-dd65249 e-con-full e-flex e-con e-child\" data-id=\"dd65249\" data-element_type=\"container\" data-e-type=\"container\">\n\t\t\t\t<div class=\"elementor-element elementor-element-19cdb80 elementor-widget elementor-widget-wd_text_block\" data-id=\"19cdb80\" data-element_type=\"widget\" data-e-type=\"widget\" data-widget_type=\"wd_text_block.default\">\n\t\t\t\t<div class=\"elementor-widget-container\">\n\t\t\t\t\t\t\t<div class=\"wd-text-block reset-last-child text-left\">\n\t\t\t\n\t\t\t<p><strong>Taktol ATF S-Plus<\/strong> ist ein Hochleistungs-Automatikgetriebe\u00f6l auf Basis ausgesuchter Grund\u00f6le modernster Synthesetechnologie und einem leistungsstarken Additiv-Paket. Taktol ATF S-Plus kann in modernen Stufenautomaten und hydraulischen Lenkungen von PKW und Nutzfahrzeugen eingesetzt werden.<br \/><strong>Taktol ATF S-Plus <\/strong>ist vollst\u00e4ndig r\u00fcckw\u00e4rtskompatibel mit DEXRON\u00ae-III (H), III und IIE Anwendungen. Befolgen Sie stets die Empfehlungen in der Betriebsanleitung Ihres Fahrzeugs.<br \/><strong>Spezifikation: <\/strong>Aisin Warner AW-1, GM Dexron\u00ae VI<\/p>\n\t\t\t\t\t<\/div>\n\t\t\t\t\t\t<\/div>\n\t\t\t\t<\/div>\n\t\t\t\t<\/div>\n\t\t<div class=\"elementor-element elementor-element-a158ce2 e-con-full e-flex e-con e-child\" data-id=\"a158ce2\" data-element_type=\"container\" data-e-type=\"container\">\n\t\t\t\t<div class=\"elementor-element elementor-element-c54c1ef elementor-widget elementor-widget-wd_text_block\" data-id=\"c54c1ef\" data-element_type=\"widget\" data-e-type=\"widget\" data-widget_type=\"wd_text_block.default\">\n\t\t\t\t<div class=\"elementor-widget-container\">\n\t\t\t\t\t\t\t<div class=\"wd-text-block reset-last-child text-left\">\n\t\t\t\n\t\t\t<p><strong>Einsatzhinweise:<\/strong><br \/>Taktol ATF S-Plus ist geeignet f\u00fcr ZF-Automatikgetriebe Typ ZF 3HPXX, ZF 4HPXX, ZF 5HPXX, ZF 6HP19\/21\/26\/28\/32, ZF in PKWs von Audi, BMW, Jaguar, PSA, Saab, Volvo, VW, auch asiatische Fahrzeuge: Isuzu, Honda, Hyundai, KIA, Mitsubushi, Nissan, Toyota und andere.<\/p><p>Taktol ATF S-Plus ist nicht f\u00fcr den Einsatz in DCT\/DSG, oder CVT Getrieben geeignet.<\/p><p>Taktol ATF S-Plus erf\u00fcllt die Anforderungen: Shell 3353\/134\/M-1375.4\/12108<\/p>\n\t\t\t\t\t<\/div>\n\t\t\t\t\t\t<\/div>\n\t\t\t\t<\/div>\n\t\t\t\t<\/div>\n\t\t\t\t\t<\/div>\n\t\t\t\t<\/div>\n\t\t\t\t<\/div>\n\t\t","protected":false},"excerpt":{"rendered":"<p><strong>Taktol ATF S-Plus<\/strong> &#8211; entspricht der neuesten GM-Spezifikation DEXRON VI und ist f\u00fcr den Einsatz in modernen Stufenautomatikgetrieben und Lenkungen geeignet. Es eignet sich f\u00fcr Automatikgetriebe in PKWs von Audi, BMW, Jaguar, PSA, Saab, Volvo, VW und anderen.<\/p>\n","protected":false},"featured_media":18936,"template":"","meta":[],"product_brand":[],"product_cat":[401,435],"product_tag":[],"class_list":{"0":"post-18939","1":"product","2":"type-product","3":"status-publish","4":"has-post-thumbnail","6":"product_cat-atf-dsg-dct-cvt-de","7":"product_cat-servolenkungsfluid","8":"pa_application-automatikgetriebe","9":"pa_application-lenkung","10":"pa_application-pkw","11":"pa_atf-fluid-specifications-aisin-warner-aw-1","12":"pa_atf-fluid-specifications-bmw-atf3","13":"pa_atf-fluid-specifications-ford-xt-6-dsp","14":"pa_atf-fluid-specifications-ford-xt-6-qsp","15":"pa_atf-fluid-specifications-ford-xt-6-sp","16":"pa_atf-fluid-specifications-gm-dexron-vi","17":"pa_atf-fluid-specifications-honda-atf-dw-1","18":"pa_atf-fluid-specifications-hyundai-kia-nws-9638-t-5","19":"pa_atf-fluid-specifications-hyundai-kia-sp-iv","20":"pa_atf-fluid-specifications-hyundai-kia-sp-iv-rr","21":"pa_atf-fluid-specifications-hyundai-kia-sph-iv","22":"pa_atf-fluid-specifications-isuzu-atf-wsi","23":"pa_atf-fluid-specifications-jlr-fluid-8432","24":"pa_atf-fluid-specifications-mazda-fw-6a-el","25":"pa_atf-fluid-specifications-mazda-fw-6ax-el","26":"pa_atf-fluid-specifications-mazda-fz","27":"pa_atf-fluid-specifications-mb-236-12","28":"pa_atf-fluid-specifications-mb-236-14","29":"pa_atf-fluid-specifications-mb-236-41","30":"pa_atf-fluid-specifications-mitsubishi-atf-j3","31":"pa_atf-fluid-specifications-mitsubishi-diaqueen-atf-pa","32":"pa_atf-fluid-specifications-nissan-matic-s","33":"pa_atf-fluid-specifications-porsche-000-043-304-00","34":"pa_atf-fluid-specifications-toyota-jws-3324","35":"pa_atf-fluid-specifications-toyota-scion-fz","36":"pa_atf-fluid-specifications-toyota-ws","37":"pa_atf-fluid-specifications-volvo-97342-at102","38":"pa_atf-fluid-specifications-vw-g-052-533","39":"pa_atf-fluid-specifications-vw-g-055-005","40":"pa_atf-fluid-specifications-vw-g-055-540","41":"pa_atf-fluid-specifications-vw-g-060-162","42":"pa_atf-fluid-specifications-zf-lifeguardfluid-5","43":"pa_atf-fluid-specifications-zf-lifeguardfluid-6","45":"first","46":"onbackorder","47":"shipping-taxable","48":"purchasable","49":"product-type-variable"},"_links":{"self":[{"href":"https:\/\/taktol.de\/de\/wp-json\/wp\/v2\/product\/18939","targetHints":{"allow":["GET"]}}],"collection":[{"href":"https:\/\/taktol.de\/de\/wp-json\/wp\/v2\/product"}],"about":[{"href":"https:\/\/taktol.de\/de\/wp-json\/wp\/v2\/types\/product"}],"version-history":[{"count":1,"href":"https:\/\/taktol.de\/de\/wp-json\/wp\/v2\/product\/18939\/revisions"}],"predecessor-version":[{"id":21328,"href":"https:\/\/taktol.de\/de\/wp-json\/wp\/v2\/product\/18939\/revisions\/21328"}],"wp:featuredmedia":[{"embeddable":true,"href":"https:\/\/taktol.de\/de\/wp-json\/wp\/v2\/media\/18936"}],"wp:attachment":[{"href":"https:\/\/taktol.de\/de\/wp-json\/wp\/v2\/media?parent=18939"}],"wp:term":[{"taxonomy":"product_brand","embeddable":true,"href":"https:\/\/taktol.de\/de\/wp-json\/wp\/v2\/product_brand?post=18939"},{"taxonomy":"product_cat","embeddable":true,"href":"https:\/\/taktol.de\/de\/wp-json\/wp\/v2\/product_cat?post=18939"},{"taxonomy":"product_tag","embeddable":true,"href":"https:\/\/taktol.de\/de\/wp-json\/wp\/v2\/product_tag?post=18939"}],"curies":[{"name":"wp","href":"https:\/\/api.w.org\/{rel}","templated":true}]}}