{"id":18752,"date":"2024-04-02T13:37:47","date_gmt":"2024-04-02T13:37:47","guid":{"rendered":"https:\/\/taktol.de\/product\/taktol-praktik-hcm-synth-5w-40\/"},"modified":"2025-03-04T15:39:33","modified_gmt":"2025-03-04T15:39:33","slug":"taktol-praktik-hcm-synth-5w-40","status":"publish","type":"product","link":"https:\/\/taktol.de\/de\/product\/taktol-praktik-hcm-synth-5w-40\/","title":{"rendered":"Taktol Praktik HCM-Synth 5W-40"},"content":{"rendered":"\t\t<div data-elementor-type=\"wp-post\" data-elementor-id=\"18752\" class=\"elementor elementor-18752 elementor-16995\">\n\t\t\t\t<div class=\"wd-negative-gap elementor-element elementor-element-938ec4e e-flex e-con-boxed e-con e-parent\" data-id=\"938ec4e\" data-element_type=\"container\" data-e-type=\"container\">\n\t\t\t\t\t<div class=\"e-con-inner\">\n\t\t<div class=\"elementor-element elementor-element-b662b42 e-con-full e-flex e-con e-child\" data-id=\"b662b42\" data-element_type=\"container\" data-e-type=\"container\">\n\t\t\t\t<div class=\"elementor-element elementor-element-827e81f elementor-widget elementor-widget-wd_text_block\" data-id=\"827e81f\" data-element_type=\"widget\" data-e-type=\"widget\" data-widget_type=\"wd_text_block.default\">\n\t\t\t\t<div class=\"elementor-widget-container\">\n\t\t\t\t\t\t\t<div class=\"wd-text-block reset-last-child text-left\">\n\t\t\t\n\t\t\t<p><strong>Taktol Expert HC-Synth 5W-40 <\/strong>ist ein Universal-Motoren\u00f6l, entwickelt nach der neuesten synthetischen Technologie, basierend auf speziell ausgew\u00e4hlten synthetischen Grund\u00f6len. Dieses synthetische Universal-Motoren\u00f6l \u201emid SAPS\u201c wird f\u00fcr den Einsatz in Benzin- und Dieselmotoren, mit oder ohne Turboaufladung, in PKW und Lieferwagen mit modernen Dreiwegekatalysatoren und DPF empfohlen.<\/p>\n\t\t\t\t\t<\/div>\n\t\t\t\t\t\t<\/div>\n\t\t\t\t<\/div>\n\t\t\t\t<\/div>\n\t\t<div class=\"elementor-element elementor-element-961ae56 e-con-full e-flex e-con e-child\" data-id=\"961ae56\" data-element_type=\"container\" data-e-type=\"container\">\n\t\t\t\t<div class=\"elementor-element elementor-element-df39ddb elementor-widget elementor-widget-wd_text_block\" data-id=\"df39ddb\" data-element_type=\"widget\" data-e-type=\"widget\" data-widget_type=\"wd_text_block.default\">\n\t\t\t\t<div class=\"elementor-widget-container\">\n\t\t\t\t\t\t\t<div class=\"wd-text-block reset-last-child text-left\">\n\t\t\t\n\t\t\t<p><strong>Einsatzempfehlungen: <\/strong><\/p><p>ACEA C3; API SN<\/p><p>BMW-Longlife-04, MB 229.51, VW 502 00\/505 01<\/p>\n\t\t\t\t\t<\/div>\n\t\t\t\t\t\t<\/div>\n\t\t\t\t<\/div>\n\t\t\t\t<\/div>\n\t\t\t\t\t<\/div>\n\t\t\t\t<\/div>\n\t\t\t\t<\/div>\n\t\t","protected":false},"excerpt":{"rendered":"<p>Hochleistungs-Motoren\u00f6l f\u00fcr moderne Diesel- und Benzinmotoren in Pkw und Transportern.<\/p>\n","protected":false},"featured_media":17840,"template":"","meta":[],"product_brand":[],"product_cat":[420,426],"product_tag":[],"class_list":{"0":"post-18752","1":"product","2":"type-product","3":"status-publish","4":"has-post-thumbnail","6":"product_cat-motorenol","7":"product_cat-praktik-linie","8":"pa_acea-acea-c3","9":"pa_api-api-sn","10":"pa_application-pkw","11":"pa_specifications-bmw-longlife-04","12":"pa_specifications-mb-229-51","13":"pa_specifications-vw-505-00-505-01","14":"pa_viscosity-sae-5w-40","16":"first","17":"onbackorder","18":"shipping-taxable","19":"purchasable","20":"product-type-variable"},"_links":{"self":[{"href":"https:\/\/taktol.de\/de\/wp-json\/wp\/v2\/product\/18752","targetHints":{"allow":["GET"]}}],"collection":[{"href":"https:\/\/taktol.de\/de\/wp-json\/wp\/v2\/product"}],"about":[{"href":"https:\/\/taktol.de\/de\/wp-json\/wp\/v2\/types\/product"}],"version-history":[{"count":1,"href":"https:\/\/taktol.de\/de\/wp-json\/wp\/v2\/product\/18752\/revisions"}],"predecessor-version":[{"id":21336,"href":"https:\/\/taktol.de\/de\/wp-json\/wp\/v2\/product\/18752\/revisions\/21336"}],"wp:featuredmedia":[{"embeddable":true,"href":"https:\/\/taktol.de\/de\/wp-json\/wp\/v2\/media\/17840"}],"wp:attachment":[{"href":"https:\/\/taktol.de\/de\/wp-json\/wp\/v2\/media?parent=18752"}],"wp:term":[{"taxonomy":"product_brand","embeddable":true,"href":"https:\/\/taktol.de\/de\/wp-json\/wp\/v2\/product_brand?post=18752"},{"taxonomy":"product_cat","embeddable":true,"href":"https:\/\/taktol.de\/de\/wp-json\/wp\/v2\/product_cat?post=18752"},{"taxonomy":"product_tag","embeddable":true,"href":"https:\/\/taktol.de\/de\/wp-json\/wp\/v2\/product_tag?post=18752"}],"curies":[{"name":"wp","href":"https:\/\/api.w.org\/{rel}","templated":true}]}}