{"id":20141,"date":"2024-03-23T12:50:47","date_gmt":"2024-03-23T12:50:47","guid":{"rendered":"https:\/\/taktol.de\/imprint\/"},"modified":"2026-04-18T17:42:59","modified_gmt":"2026-04-18T17:42:59","slug":"imprint","status":"publish","type":"page","link":"https:\/\/taktol.de\/de\/imprint\/","title":{"rendered":"Imprint"},"content":{"rendered":"\n<p>Informationen zum Unternehmen<\/p>\n\n<p><strong>Taktol Schmierstoff GmbH<\/strong><br \/>MEON Gewerbepark, Am Gewerbepark 5<\/p>\n\n<p>12683 Berlin-Biesdorf, Deutschland<\/p>\n\n<p>Telephone: +49 160 911 79380<\/p>\n\n<p>Email: info@taktol.de<\/p>\n\n<p><strong>Gesch\u00e4ftsf\u00fchrer::<\/strong> Leonid Rozum<br \/><strong>Registergericht:<\/strong> Amtsgericht Charlottenburg (Berlin) HRB 186967 B<br \/><strong>Steuernummer\/Tax number<\/strong>: 29\/554\/30869<\/p>\n\n<p><strong>USt-idNr. \/ Umsatzsteuer-Code:<\/strong> DE815720507<\/p>\n\n<p>Konzept, Gestaltung und Umsetzung:<br \/><strong>Taktol Schmierstoff GmbH<\/strong><br \/> <\/p>\n\n<p>Disclaimer<\/p>\n\n<p>Wir verpflichten uns, Ihre pers\u00f6nlichen Daten mit \u00e4u\u00dferster Sorgfalt zu behandeln: Die Bestimmungen der einschl\u00e4gigen Rechtsnormen werden von uns strikt eingehalten. Wir werden Ihre Pers\u00f6nlichkeitsrechte in keiner Weise beeintr\u00e4chtigen. Wenn Sie Daten zu Ihrer Person eingeben, erlauben Sie uns hiermit, diese Informationen im Sinne des Bundesdatenschutzgesetzes zu speichern und zu nutzen. Diese Informationen sind personengebunden und werden selbstverst\u00e4ndlich vertraulich behandelt. Ein Widerspruch und damit die L\u00f6schung dieser Daten ist jederzeit m\u00f6glich.<\/p>\n\n<p>Wir verwenden die Informationen, die wir bei einem regelm\u00e4\u00dfigen Besuch unserer Webseiten erhalten und speichern, ausschlie\u00dflich innerhalb der Taktol Schmierstoff GmbH. Es ist nicht beabsichtigt, diese zur pers\u00f6nlichen Identifizierung zu verwenden. Es gibt eine Ausnahme: Wenn jemand darauf abzielt, die Funktionalit\u00e4t unserer Website zu behindern oder zu beeintr\u00e4chtigen, werden wir uns gegen diese Straftatbest\u00e4nde wehren. Gegebenenfalls verwenden wir Cookies, um die Internetnutzung und die Kommunikation f\u00fcr Sie und uns zu vereinfachen. Wenn Sie m\u00f6chten, k\u00f6nnen Sie das Speichern von Cookies per Webbrowser generell unterdr\u00fccken und selbst entscheiden, ob Sie speichern m\u00f6chten oder nicht.<\/p>\n\n<p>Unsere Internet-Seiten k\u00f6nnen Links zu externen Internet-Seiten enthalten. Wir sind nicht verantwortlich f\u00fcr die Einhaltung der Datenschutzbestimmungen oder den Inhalt dieser Internetseiten. Wir empfehlen Ihnen, die Datenschutzbestimmungen der jeweiligen Internetseite sorgf\u00e4ltig zu lesen. Die Inhalte der Internet-Seiten der Taktol Schmierstoff GmbH sind urheberrechtlich gesch\u00fctzt. Die Taktol Schmierstoff GmbH gestattet das Herunterladen und Betrachten s\u00e4mtlicher Inhalte ausschlie\u00dflich zu privatem, nicht-kommerziellem Gebrauch. Weitergehende Nutzungsrechte k\u00f6nnen durch einen entsprechenden Lizenzvertrag von der Taktol Schmierstoff GmbH erworben werden. Eine eventuelle Verlinkung zu anderen Seiten ist nur mit Zustimmung der Taktol Schmierstoff GmbH erlaubt. Der Download von Programmen und Daten erfolgt auf eigene Gefahr. Die Taktol Schmierstoff GmbH haftet nicht f\u00fcr Sch\u00e4den, die aus der rechtm\u00e4\u00dfigen Installation oder Nutzung von Software und Daten aus dem Download-Bereich erfolgen. Trotz Virenpr\u00fcfung kann es zu Sch\u00e4den oder Beeintr\u00e4chtigungen durch Computerviren kommen. Im Rahmen der gesetzlichen Bestimmungen \u00fcbernehmen wir hierf\u00fcr keine Haftung. Die Informationen, die Sie auf den Internetseiten der Taktol Schmierstoff GmbH finden, wurden mit gr\u00f6\u00dftm\u00f6glicher Sorgfalt zusammengestellt. Die Taktol Schmierstoff GmbH \u00fcbernimmt jedoch keine Gew\u00e4hr f\u00fcr deren Vollst\u00e4ndigkeit, Aktualit\u00e4t, Qualit\u00e4t oder Geeignetheit f\u00fcr bestimmte Verwendungszwecke. Die Nutzung unserer Internet-Seiten und der darin enthaltenen Inhalte erfolgt ausschlie\u00dflich auf eigene Gefahr des Nutzers. Es ist Dritten untersagt, die auf dieser Website genannten Marken oder Logos zu verwenden oder zu verwenden<\/p>\n","protected":false},"excerpt":{"rendered":"<p>Informationen zum Unternehmen Taktol Schmierstoff GmbHMEON Gewerbepark, Am Gewerbepark 5 12683 Berlin-Biesdorf, Deutschland Telephone: +49 160 911 79380 Email: info@taktol.de<\/p>\n","protected":false},"author":1,"featured_media":0,"parent":0,"menu_order":0,"comment_status":"closed","ping_status":"closed","template":"","meta":{"footnotes":""},"class_list":["post-20141","page","type-page","status-publish","hentry"],"_links":{"self":[{"href":"https:\/\/taktol.de\/de\/wp-json\/wp\/v2\/pages\/20141","targetHints":{"allow":["GET"]}}],"collection":[{"href":"https:\/\/taktol.de\/de\/wp-json\/wp\/v2\/pages"}],"about":[{"href":"https:\/\/taktol.de\/de\/wp-json\/wp\/v2\/types\/page"}],"author":[{"embeddable":true,"href":"https:\/\/taktol.de\/de\/wp-json\/wp\/v2\/users\/1"}],"replies":[{"embeddable":true,"href":"https:\/\/taktol.de\/de\/wp-json\/wp\/v2\/comments?post=20141"}],"version-history":[{"count":1,"href":"https:\/\/taktol.de\/de\/wp-json\/wp\/v2\/pages\/20141\/revisions"}],"predecessor-version":[{"id":23685,"href":"https:\/\/taktol.de\/de\/wp-json\/wp\/v2\/pages\/20141\/revisions\/23685"}],"wp:attachment":[{"href":"https:\/\/taktol.de\/de\/wp-json\/wp\/v2\/media?parent=20141"}],"curies":[{"name":"wp","href":"https:\/\/api.w.org\/{rel}","templated":true}]}}