{"id":19953,"date":"2021-10-12T15:51:09","date_gmt":"2021-10-12T15:51:09","guid":{"rendered":"https:\/\/taktol.de\/ueber-uns\/"},"modified":"2026-04-17T18:04:01","modified_gmt":"2026-04-17T18:04:01","slug":"ueber-uns","status":"publish","type":"page","link":"https:\/\/taktol.de\/de\/ueber-uns\/","title":{"rendered":"\u00dcber uns"},"content":{"rendered":"\t\t<div data-elementor-type=\"wp-page\" data-elementor-id=\"19953\" class=\"elementor elementor-19953 elementor-4400\">\n\t\t\t\t<div class=\"wd-negative-gap elementor-element elementor-element-1c90c3f wd-section-stretch e-flex e-con-boxed e-con e-parent\" data-id=\"1c90c3f\" data-element_type=\"container\" data-e-type=\"container\" data-settings=\"{&quot;background_background&quot;:&quot;classic&quot;}\">\n\t\t\t\t\t<div class=\"e-con-inner\">\n\t\t\t\t<div class=\"elementor-element elementor-element-5d57672 elementor-widget__width-initial elementor-widget-tablet__width-inherit wd-width-100 elementor-widget elementor-widget-wd_title\" data-id=\"5d57672\" data-element_type=\"widget\" data-e-type=\"widget\" data-widget_type=\"wd_title.default\">\n\t\t\t\t<div class=\"elementor-widget-container\">\n\t\t\t\t\t\t\t<div class=\"title-wrapper wd-set-mb reset-last-child wd-title-color-primary wd-title-style-default wd-title-size-large text-left\">\n\n\t\t\t\t\t\t\t\t\t\t\t<div class=\"title-subtitle subtitle-color-primary subtitle-style-default wd-fontsize-xs\">\n\t\t\t\t\tEINIGE WORTE \u00dcBER UNS\t\t\t\t<\/div>\n\t\t\t\n\t\t\t<div class=\"liner-continer\">\n\t\t\t\t<h4 class=\"woodmart-title-container title wd-fontsize-xxl\">Die Marke TAKTOL wurde von Experten mit mehr als 20 Jahren Erfahrung in der Entwicklung und dem Vertrieb von Schmierstoffen geschaffen.<\/h4> \n\t\t\t\t\t\t\t<\/div>\n\n\t\t\t\t\t<\/div>\n\t\t\t\t\t\t<\/div>\n\t\t\t\t<\/div>\n\t\t\t\t\t<\/div>\n\t\t\t\t<\/div>\n\t\t<div class=\"wd-negative-gap elementor-element elementor-element-6a7814c e-flex e-con-boxed e-con e-parent\" data-id=\"6a7814c\" data-element_type=\"container\" data-e-type=\"container\">\n\t\t\t\t\t<div class=\"e-con-inner\">\n\t\t\t\t<div class=\"elementor-element elementor-element-84c5ef9 elementor-widget elementor-widget-heading\" data-id=\"84c5ef9\" data-element_type=\"widget\" data-e-type=\"widget\" data-widget_type=\"heading.default\">\n\t\t\t\t<div class=\"elementor-widget-container\">\n\t\t\t\t\t<h2 class=\"elementor-heading-title elementor-size-default\">Unsere Geschichte<\/h2>\t\t\t\t<\/div>\n\t\t\t\t<\/div>\n\t\t\t\t\t<\/div>\n\t\t\t\t<\/div>\n\t\t<div class=\"wd-negative-gap elementor-element elementor-element-d7d21e0 e-flex e-con-boxed e-con e-parent\" data-id=\"d7d21e0\" data-element_type=\"container\" data-e-type=\"container\">\n\t\t\t\t\t<div class=\"e-con-inner\">\n\t\t\t\t<div class=\"elementor-element elementor-element-6a2e7d1 color-scheme-inherit text-left elementor-widget elementor-widget-text-editor\" data-id=\"6a2e7d1\" data-element_type=\"widget\" data-e-type=\"widget\" data-widget_type=\"text-editor.default\">\n\t\t\t\t<div class=\"elementor-widget-container\">\n\t\t\t\t\t\t\t\t\t<p>Die Marke TAKTOL hat keine jahrhundertealte Geschichte, weil sie in der heutigen Welt keine gro\u00dfe Rolle mehr spielt.<br>TAKTOL wurde 2017 in Deutschland von einem internationalen Team Gleichgesinnter aus Ost- und Westeuropa mit mehr als 20 Jahren Erfahrung in der Schmierstoffbranche gegr\u00fcndet. Unser Vorteil ist, dass wir sowohl im Hersteller- als auch im K\u00e4ufersegment gearbeitet haben und daher den Prozess aus zwei Perspektiven verstehen und bewerten: als Verk\u00e4ufer und als K\u00e4ufer.<br>Wir verstehen Ihre Probleme und sind bereit, eine Kompromissl\u00f6sung anzubieten.<\/p><p><span style=\"box-sizing: inherit; font-weight: bold; color: #ffcc00; font-family: Ubuntu, sans-serif; font-size: 17.6px; font-style: normal; font-variant-ligatures: normal; font-variant-caps: normal; background-color: #f8f7f3;\"><mark class=\"has-inline-color has-ast-global-color-1-color\" style=\"box-sizing: inherit; background: 0px 0px rgba(0, 0, 0, 0);\">Die Welt hat sich ver\u00e4ndert&#8230;<\/mark><\/span><\/p>\t\t\t\t\t\t\t\t<\/div>\n\t\t\t\t<\/div>\n\t\t\t\t\t<\/div>\n\t\t\t\t<\/div>\n\t\t<div class=\"wd-negative-gap elementor-element elementor-element-8adca4a e-flex e-con-boxed e-con e-parent\" data-id=\"8adca4a\" data-element_type=\"container\" data-e-type=\"container\">\n\t\t\t\t\t<div class=\"e-con-inner\">\n\t\t\t\t<div class=\"elementor-element elementor-element-654b508 elementor-widget-divider--view-line elementor-widget elementor-widget-divider\" data-id=\"654b508\" data-element_type=\"widget\" data-e-type=\"widget\" data-widget_type=\"divider.default\">\n\t\t\t\t<div class=\"elementor-widget-container\">\n\t\t\t\t\t\t\t<div class=\"elementor-divider\">\n\t\t\t<span class=\"elementor-divider-separator\">\n\t\t\t\t\t\t<\/span>\n\t\t<\/div>\n\t\t\t\t\t\t<\/div>\n\t\t\t\t<\/div>\n\t\t\t\t\t<\/div>\n\t\t\t\t<\/div>\n\t\t<div class=\"wd-negative-gap elementor-element elementor-element-8d9185f e-flex e-con-boxed e-con e-parent\" data-id=\"8d9185f\" data-element_type=\"container\" data-e-type=\"container\">\n\t\t\t\t\t<div class=\"e-con-inner\">\n\t\t\t\t<div class=\"elementor-element elementor-element-0c08a4c elementor-widget elementor-widget-heading\" data-id=\"0c08a4c\" data-element_type=\"widget\" data-e-type=\"widget\" data-widget_type=\"heading.default\">\n\t\t\t\t<div class=\"elementor-widget-container\">\n\t\t\t\t\t<h2 class=\"elementor-heading-title elementor-size-default\">Unsere Mission<\/h2>\t\t\t\t<\/div>\n\t\t\t\t<\/div>\n\t\t\t\t\t<\/div>\n\t\t\t\t<\/div>\n\t\t<div class=\"wd-negative-gap elementor-element elementor-element-40c77d5 e-flex e-con-boxed e-con e-parent\" data-id=\"40c77d5\" data-element_type=\"container\" data-e-type=\"container\">\n\t\t\t\t\t<div class=\"e-con-inner\">\n\t\t<div class=\"wd-negative-gap elementor-element elementor-element-0f96a74 e-flex e-con-boxed e-con e-child\" data-id=\"0f96a74\" data-element_type=\"container\" data-e-type=\"container\">\n\t\t\t\t\t<div class=\"e-con-inner\">\n\t\t\t\t<div class=\"elementor-element elementor-element-64990f0 color-scheme-inherit text-left elementor-widget elementor-widget-text-editor\" data-id=\"64990f0\" data-element_type=\"widget\" data-e-type=\"widget\" data-widget_type=\"text-editor.default\">\n\t\t\t\t<div class=\"elementor-widget-container\">\n\t\t\t\t\t\t\t\t\t<p>TAKTOL ist ein kleines Unternehmen. Bis jetzt.<br>Wir sind offen f\u00fcr die Zusammenarbeit mit jedem Unternehmen aus der ganzen Welt: ob gro\u00df oder klein, das spielt f\u00fcr uns keine Rolle. Wir sind bereit, jedem unserer Kunden die gr\u00f6\u00dftm\u00f6gliche Aufmerksamkeit zu schenken, um seine Bed\u00fcrfnisse zu erf\u00fcllen.<br>Wir bieten eine breite Palette von Produkten f\u00fcr Personenkraftwagen an: sowohl im Premium-Segment als auch im mittleren Preissegment oder in der Budget-Kategorie. Dabei garantieren wir stets, dass die Qualit\u00e4t unserer Produkte den beworbenen Spezifikationen voll entspricht. F\u00fcr die meisten unserer Produkte gibt es kein MQQ &#8211; wir sind bereit, Bestellungen ab einer einzigen Box f\u00fcr jedes unserer Produkte anzunehmen. Wir ben\u00f6tigen keinen Verkaufsplan.<br>Wir bieten: Lassen Sie uns gemeinsam mit TAKTOL wachsen!<\/p><p><span style=\"color: #242424; font-family: Ubuntu, sans-serif; font-size: 17.6px; font-style: normal; font-variant-ligatures: normal; font-variant-caps: normal; font-weight: 600; background-color: #f8f7f3;\">Lassen Sie uns gemeinsam wachsen! <\/span><\/p>\t\t\t\t\t\t\t\t<\/div>\n\t\t\t\t<\/div>\n\t\t\t\t\t<\/div>\n\t\t\t\t<\/div>\n\t\t\t\t\t<\/div>\n\t\t\t\t<\/div>\n\t\t<div class=\"wd-negative-gap elementor-element elementor-element-3d758ee e-flex e-con-boxed e-con e-parent\" data-id=\"3d758ee\" data-element_type=\"container\" data-e-type=\"container\">\n\t\t\t\t\t<div class=\"e-con-inner\">\n\t\t\t\t<div class=\"elementor-element elementor-element-1d3248c elementor-widget-divider--view-line elementor-widget elementor-widget-divider\" data-id=\"1d3248c\" data-element_type=\"widget\" data-e-type=\"widget\" data-widget_type=\"divider.default\">\n\t\t\t\t<div class=\"elementor-widget-container\">\n\t\t\t\t\t\t\t<div class=\"elementor-divider\">\n\t\t\t<span class=\"elementor-divider-separator\">\n\t\t\t\t\t\t<\/span>\n\t\t<\/div>\n\t\t\t\t\t\t<\/div>\n\t\t\t\t<\/div>\n\t\t\t\t\t<\/div>\n\t\t\t\t<\/div>\n\t\t<div class=\"wd-negative-gap elementor-element elementor-element-00a1b96 e-flex e-con-boxed e-con e-parent\" data-id=\"00a1b96\" data-element_type=\"container\" data-e-type=\"container\">\n\t\t\t\t\t<div class=\"e-con-inner\">\n\t\t\t\t<div class=\"elementor-element elementor-element-f61a691 elementor-widget elementor-widget-heading\" data-id=\"f61a691\" data-element_type=\"widget\" data-e-type=\"widget\" data-widget_type=\"heading.default\">\n\t\t\t\t<div class=\"elementor-widget-container\">\n\t\t\t\t\t<h2 class=\"elementor-heading-title elementor-size-default\">Unsere Vision<\/h2>\t\t\t\t<\/div>\n\t\t\t\t<\/div>\n\t\t\t\t\t<\/div>\n\t\t\t\t<\/div>\n\t\t<div class=\"wd-negative-gap elementor-element elementor-element-5de15c6 e-flex e-con-boxed e-con e-parent\" data-id=\"5de15c6\" data-element_type=\"container\" data-e-type=\"container\">\n\t\t\t\t\t<div class=\"e-con-inner\">\n\t\t<div class=\"wd-negative-gap elementor-element elementor-element-9ee7dee e-flex e-con-boxed e-con e-child\" data-id=\"9ee7dee\" data-element_type=\"container\" data-e-type=\"container\">\n\t\t\t\t\t<div class=\"e-con-inner\">\n\t\t\t\t<div class=\"elementor-element elementor-element-d038d5f color-scheme-inherit text-left elementor-widget elementor-widget-text-editor\" data-id=\"d038d5f\" data-element_type=\"widget\" data-e-type=\"widget\" data-widget_type=\"text-editor.default\">\n\t\t\t\t<div class=\"elementor-widget-container\">\n\t\t\t\t\t\t\t\t\t<p>Die Zukunft von TAKTOL. Wie wird es sein? Gibt es etwas, das wir zum Beispiel f\u00fcr Elektroautos anbieten k\u00f6nnen?<br>Nat\u00fcrlich haben wir bereits Frostschutzmittel (auch speziell f\u00fcr Elektrofahrzeuge) und Bremsfl\u00fcssigkeiten in verschiedenen Klassen in unserem Sortiment. Au\u00dferdem ist geplant, die Produktlinie der Ersatzteile f\u00fcr klassische und elektrisch betriebene Fahrzeuge zu erweitern. Und das Wichtigste: Wir bef\u00e4higen jeden Partner, eigenst\u00e4ndig und exklusiv den Vertrieb in seinem Markt zu entwickeln und eine Entwicklungsstrategie f\u00fcr maximale Gewinne zu definieren.<br>Wir bieten: Gemeinsam mit TAKTOL gutes Geld verdienen!<\/p><p><span style=\"color: #333333;\"><strong><mark class=\"has-inline-color has-ast-global-color-1-color\">Gemeinsam sind wir reicher!<\/mark><\/strong><\/span><\/p>\t\t\t\t\t\t\t\t<\/div>\n\t\t\t\t<\/div>\n\t\t\t\t\t<\/div>\n\t\t\t\t<\/div>\n\t\t\t\t\t<\/div>\n\t\t\t\t<\/div>\n\t\t<div class=\"wd-negative-gap elementor-element elementor-element-0aaf669 wd-section-stretch e-flex e-con-boxed e-con e-parent\" data-id=\"0aaf669\" data-element_type=\"container\" data-e-type=\"container\" data-settings=\"{&quot;background_background&quot;:&quot;classic&quot;}\">\n\t\t\t\t\t<div class=\"e-con-inner\">\n\t\t<div class=\"elementor-element elementor-element-49529c7 color-scheme-light e-con-full e-flex e-con e-child\" data-id=\"49529c7\" data-element_type=\"container\" data-e-type=\"container\">\n\t\t\t\t<div class=\"elementor-element elementor-element-95c7bfa wd-width-100 elementor-widget elementor-widget-wd_title\" data-id=\"95c7bfa\" data-element_type=\"widget\" data-e-type=\"widget\" data-widget_type=\"wd_title.default\">\n\t\t\t\t<div class=\"elementor-widget-container\">\n\t\t\t\t\t\t\t<div class=\"title-wrapper wd-set-mb reset-last-child wd-title-color-primary wd-title-style-default wd-title-size-large text-left\">\n\n\t\t\t\t\t\t\t\t\t\t\t<div class=\"title-subtitle subtitle-color-primary subtitle-style-default wd-fontsize-xs\">\n\t\t\t\t\tDEUTSCHER QUALIT\u00c4TSSTANDARD\t\t\t\t<\/div>\n\t\t\t\n\t\t\t<div class=\"liner-continer\">\n\t\t\t\t<h4 class=\"woodmart-title-container title wd-fontsize-xxl\">Die flexible Produktpalette von TAKTOL<\/h4> \n\t\t\t\t\t\t\t<\/div>\n\n\t\t\t\t\t<\/div>\n\t\t\t\t\t\t<\/div>\n\t\t\t\t<\/div>\n\t\t\t\t<\/div>\n\t\t<div class=\"elementor-element elementor-element-112f98a e-con-full e-flex e-con e-child\" data-id=\"112f98a\" data-element_type=\"container\" data-e-type=\"container\">\n\t\t<div class=\"elementor-element elementor-element-48c7dd1 e-con-full e-flex e-con e-child\" data-id=\"48c7dd1\" data-element_type=\"container\" data-e-type=\"container\">\n\t\t<div class=\"elementor-element elementor-element-54eb2d3 e-con-full e-flex e-con e-child\" data-id=\"54eb2d3\" data-element_type=\"container\" data-e-type=\"container\">\n\t\t\t\t<div class=\"elementor-element elementor-element-14ff076 elementor-widget elementor-widget-wd_counter\" data-id=\"14ff076\" data-element_type=\"widget\" data-e-type=\"widget\" data-widget_type=\"wd_counter.default\">\n\t\t\t\t<div class=\"elementor-widget-container\">\n\t\t\t\t\t\t\t<div class=\"woodmart-counter counter-large text-center color-scheme-light\">\n\t\t\t<div class=\"counter-value\" data-state=\"new\" data-final=\"2017\">\n\t\t\t\t0\t\t\t<\/div>\n\n\t\t\t\t\t\t\t<div class=\"counter-label\">\n\t\t\t\t\tGR\u00dcNDUNGSJAHR\t\t\t\t<\/div>\n\t\t\t\t\t<\/div>\n\t\t\t\t\t\t<\/div>\n\t\t\t\t<\/div>\n\t\t\t\t<\/div>\n\t\t\t\t<\/div>\n\t\t<div class=\"elementor-element elementor-element-2d29667 e-con-full e-flex e-con e-child\" data-id=\"2d29667\" data-element_type=\"container\" data-e-type=\"container\">\n\t\t<div class=\"elementor-element elementor-element-cc152f4 e-con-full e-flex e-con e-child\" data-id=\"cc152f4\" data-element_type=\"container\" data-e-type=\"container\">\n\t\t\t\t<div class=\"elementor-element elementor-element-d17999d elementor-widget elementor-widget-wd_counter\" data-id=\"d17999d\" data-element_type=\"widget\" data-e-type=\"widget\" data-widget_type=\"wd_counter.default\">\n\t\t\t\t<div class=\"elementor-widget-container\">\n\t\t\t\t\t\t\t<div class=\"woodmart-counter counter-large text-center color-scheme-light\">\n\t\t\t<div class=\"counter-value\" data-state=\"new\" data-final=\"500\">\n\t\t\t\t0\t\t\t<\/div>\n\n\t\t\t\t\t\t\t<div class=\"counter-label\">\n\t\t\t\t\tPRODUKTE +\t\t\t\t<\/div>\n\t\t\t\t\t<\/div>\n\t\t\t\t\t\t<\/div>\n\t\t\t\t<\/div>\n\t\t\t\t<\/div>\n\t\t\t\t<\/div>\n\t\t\t\t<\/div>\n\t\t\t\t\t<\/div>\n\t\t\t\t<\/div>\n\t\t<div class=\"wd-negative-gap elementor-element elementor-element-f168c0a e-flex e-con-boxed e-con e-parent\" data-id=\"f168c0a\" data-element_type=\"container\" data-e-type=\"container\">\n\t\t\t\t\t<div class=\"e-con-inner\">\n\t\t<div class=\"elementor-element elementor-element-5642404 e-con-full e-flex e-con e-child\" data-id=\"5642404\" data-element_type=\"container\" data-e-type=\"container\">\n\t\t\t\t<div class=\"elementor-element elementor-element-3cc9380 wd-width-100 elementor-widget elementor-widget-wd_title\" data-id=\"3cc9380\" data-element_type=\"widget\" data-e-type=\"widget\" data-widget_type=\"wd_title.default\">\n\t\t\t\t<div class=\"elementor-widget-container\">\n\t\t\t\t\t\t\t<div class=\"title-wrapper wd-set-mb reset-last-child wd-title-color-default wd-title-style-default wd-title-size-default text-left\">\n\n\t\t\t\n\t\t\t<div class=\"liner-continer\">\n\t\t\t\t<h4 class=\"woodmart-title-container title wd-fontsize-l\">WARUM TAKTOL<\/h4> \n\t\t\t\t\t\t\t<\/div>\n\n\t\t\t\t\t<\/div>\n\t\t\t\t\t\t<\/div>\n\t\t\t\t<\/div>\n\t\t\t\t<div class=\"elementor-element elementor-element-6aa2027 elementor-widget elementor-widget-wd_text_block\" data-id=\"6aa2027\" data-element_type=\"widget\" data-e-type=\"widget\" data-widget_type=\"wd_text_block.default\">\n\t\t\t\t<div class=\"elementor-widget-container\">\n\t\t\t\t\t\t\t<div class=\"wd-text-block reset-last-child text-left\">\n\t\t\t\n\t\t\t<p><span style=\"color: #333333;\"><strong>Qualit\u00e4t.<\/strong><\/span> <br><span style=\"color: #333333;\">Das ist die Hauptsache, in die wir investieren. Wir stellen Produkte her, die nur die h\u00f6chsten Anforderungen der Automobilhersteller erf\u00fcllen.<\/span><\/p>\n\t\t\t\t\t<\/div>\n\t\t\t\t\t\t<\/div>\n\t\t\t\t<\/div>\n\t\t\t\t<div class=\"elementor-element elementor-element-9eed1f7 elementor-widget elementor-widget-wd_text_block\" data-id=\"9eed1f7\" data-element_type=\"widget\" data-e-type=\"widget\" data-widget_type=\"wd_text_block.default\">\n\t\t\t\t<div class=\"elementor-widget-container\">\n\t\t\t\t\t\t\t<div class=\"wd-text-block reset-last-child text-center\">\n\t\t\t\n\t\t\t<p><img decoding=\"async\" class=\" wd-lazy-fade alignnone wp-image-16611\" src=\"https:\/\/taktol.de\/wp-content\/themes\/woodmart\/images\/lazy.svg\" data-src=\"https:\/\/taktol.de\/wp-content\/uploads\/2024\/03\/Laba-foto-400x146.png\" alt=\"\" width=\"351\" height=\"128\" srcset=\"\" data-srcset=\"https:\/\/taktol.de\/wp-content\/uploads\/2024\/03\/Laba-foto-400x146.png 400w, https:\/\/taktol.de\/wp-content\/uploads\/2024\/03\/Laba-foto-250x91.png 250w, https:\/\/taktol.de\/wp-content\/uploads\/2024\/03\/Laba-foto-150x55.png 150w, https:\/\/taktol.de\/wp-content\/uploads\/2024\/03\/Laba-foto-600x219.png 600w, https:\/\/taktol.de\/wp-content\/uploads\/2024\/03\/Laba-foto-1300x474.png 1300w, https:\/\/taktol.de\/wp-content\/uploads\/2024\/03\/Laba-foto-768x280.png 768w, https:\/\/taktol.de\/wp-content\/uploads\/2024\/03\/Laba-foto-1536x560.png 1536w, https:\/\/taktol.de\/wp-content\/uploads\/2024\/03\/Laba-foto-860x313.png 860w, https:\/\/taktol.de\/wp-content\/uploads\/2024\/03\/Laba-foto.png 1836w\" sizes=\"(max-width: 351px) 100vw, 351px\" \/><\/p>\n\t\t\t\t\t<\/div>\n\t\t\t\t\t\t<\/div>\n\t\t\t\t<\/div>\n\t\t\t\t<\/div>\n\t\t<div class=\"elementor-element elementor-element-b67633c e-con-full e-flex e-con e-child\" data-id=\"b67633c\" data-element_type=\"container\" data-e-type=\"container\">\n\t\t\t\t<div class=\"elementor-element elementor-element-ffcd5eb elementor-widget elementor-widget-wd_text_block\" data-id=\"ffcd5eb\" data-element_type=\"widget\" data-e-type=\"widget\" data-widget_type=\"wd_text_block.default\">\n\t\t\t\t<div class=\"elementor-widget-container\">\n\t\t\t\t\t\t\t<div class=\"wd-text-block reset-last-child text-left\">\n\t\t\t\n\t\t\t<p><span style=\"color: #333333;\"><strong>Ehrlicher Preis.<\/strong><\/span><br>Wenn Sie ein TAKTOL-Produkt kaufen, zahlen Sie nur f\u00fcr die Qualit\u00e4tskomponenten, aus denen TAKTOL hergestellt wird. Wir produzieren keine Werbung. Wir produzieren Schmierstoffe<\/p>\n\t\t\t\t\t<\/div>\n\t\t\t\t\t\t<\/div>\n\t\t\t\t<\/div>\n\t\t\t\t<div class=\"elementor-element elementor-element-93a15c1 elementor-widget elementor-widget-wd_text_block\" data-id=\"93a15c1\" data-element_type=\"widget\" data-e-type=\"widget\" data-widget_type=\"wd_text_block.default\">\n\t\t\t\t<div class=\"elementor-widget-container\">\n\t\t\t\t\t\t\t<div class=\"wd-text-block reset-last-child text-left\">\n\t\t\t\n\t\t\t<p><span style=\"color: #333333;\"><strong>Optimale Anwendbarkeit.<\/strong><\/span><br>Unsere Produkte sind f\u00fcr den optimalen Einsatz in jedem Motor konzipiert - sowohl f\u00fcr modernste als auch f\u00fcr solche, die vor einigen Jahrzehnten entwickelt wurden. Sie m\u00fcssen nicht mehr Geld f\u00fcr etwas bezahlen, das keinen Sinn macht.<\/p>\n\t\t\t\t\t<\/div>\n\t\t\t\t\t\t<\/div>\n\t\t\t\t<\/div>\n\t\t\t\t<\/div>\n\t\t\t\t\t<\/div>\n\t\t\t\t<\/div>\n\t\t\t\t<\/div>\n\t\t","protected":false},"excerpt":{"rendered":"<p>EINIGE WORTE \u00dcBER UNS Die Marke TAKTOL wurde von Experten mit mehr als 20 Jahren Erfahrung in der Entwicklung und<\/p>\n","protected":false},"author":1,"featured_media":0,"parent":0,"menu_order":0,"comment_status":"closed","ping_status":"closed","template":"","meta":{"footnotes":""},"class_list":["post-19953","page","type-page","status-publish","hentry"],"_links":{"self":[{"href":"https:\/\/taktol.de\/de\/wp-json\/wp\/v2\/pages\/19953","targetHints":{"allow":["GET"]}}],"collection":[{"href":"https:\/\/taktol.de\/de\/wp-json\/wp\/v2\/pages"}],"about":[{"href":"https:\/\/taktol.de\/de\/wp-json\/wp\/v2\/types\/page"}],"author":[{"embeddable":true,"href":"https:\/\/taktol.de\/de\/wp-json\/wp\/v2\/users\/1"}],"replies":[{"embeddable":true,"href":"https:\/\/taktol.de\/de\/wp-json\/wp\/v2\/comments?post=19953"}],"version-history":[{"count":1,"href":"https:\/\/taktol.de\/de\/wp-json\/wp\/v2\/pages\/19953\/revisions"}],"predecessor-version":[{"id":23170,"href":"https:\/\/taktol.de\/de\/wp-json\/wp\/v2\/pages\/19953\/revisions\/23170"}],"wp:attachment":[{"href":"https:\/\/taktol.de\/de\/wp-json\/wp\/v2\/media?parent=19953"}],"curies":[{"name":"wp","href":"https:\/\/api.w.org\/{rel}","templated":true}]}}